{"id":123166,"date":"2024-05-22T11:15:56","date_gmt":"2024-05-22T09:15:56","guid":{"rendered":"https:\/\/pp.videlio.com\/nos-marches\/"},"modified":"2024-05-28T09:11:13","modified_gmt":"2024-05-28T07:11:13","slug":"nos-marches","status":"publish","type":"page","link":"https:\/\/www.videlio.com\/en\/nos-marches\/","title":{"rendered":"Our markets"},"content":{"rendered":"<div class=\"wpb-content-wrapper\"><section data-vc-full-width=\"true\" data-vc-full-width-init=\"false\" data-vc-stretch-content=\"true\" class=\"vc_row wpb_row vc_row-fluid  vc_custom_1714214031675   wow fadeIn vc_row-has-fill hongo-stretch-content hongo-stretch-content-fluid vc_row-o-content-middle vc_row-flex\"><div class=\"wpb_column vc_column_container col-xs-mobile-fullwidth vc_col-sm-1\"><div class=\"vc_column-inner\"><div class=\"wpb_wrapper\"><\/div><\/div><\/div><div class=\"wpb_column vc_column_container col-xs-mobile-fullwidth vc_col-sm-10\"><div class=\"vc_column-inner\"><div class=\"wpb_wrapper\"><div class=\"vc_row wpb_row vc_inner vc_row-fluid   vc_row-o-content-top vc_row-flex\"><div class=\"wpb_column vc_column_container col-xs-mobile-fullwidth vc_col-sm-12 text-center md-text-center sm-text-center xs-text-center\"><div class=\"vc_column-inner vc_custom_1713771902455  hongo_responsive_1713771902457\"><div class=\"wpb_wrapper\"><div class=\"text-block-content hongo-text-block-1 last-paragraph-no-margin\"><div title=\"text-uppercase\">\n<h1 class=\"text-uppercase margin-15px-bottom h1\"><span class=\"d-block\">Videlio <\/span><span class=\"rose-dot-after\">in your market<\/span><\/h1>\n<\/div>\n<\/div><div class=\"text-block-content hongo-text-block-2 last-paragraph-no-margin\"><h3 class=\"text-extra-large big-subtitle\">Whatever your sector of activity, knowledge of the challenges of your market ensures tailor-made support.<\/h3>\n<\/div><\/div><\/div><\/div><\/div><\/div><\/div><\/div><div class=\"wpb_column vc_column_container col-xs-mobile-fullwidth vc_col-sm-1\"><div class=\"vc_column-inner\"><div class=\"wpb_wrapper\"><\/div><\/div><\/div><\/section><div class=\"vc_row-full-width vc_clearfix\"><\/div><section data-vc-full-width=\"true\" data-vc-full-width-init=\"false\" class=\"vc_row wpb_row vc_row-fluid  vc_custom_1716366681347   wow fadeIn vc_row-has-fill hongo-stretch-content hongo-stretch-row-container vc_row-o-content-middle vc_row-flex\"><div class=\"wpb_column vc_column_container section-videlio col-xs-mobile-fullwidth vc_col-sm-12\"><div class=\"vc_column-inner\"><div class=\"wpb_wrapper\"><div class=\"vc_row wpb_row vc_inner vc_row-fluid content-images\"><div class=\"wpb_column vc_column_container col-xs-mobile-fullwidth vc_col-sm-3\"><div class=\"vc_column-inner\"><div class=\"wpb_wrapper\"><div class=\"text-block-content hongo-text-block-3 last-paragraph-no-margin\"><h2 style=\"text-align: center;\">Transportation &amp; Auto<\/h2>\n<\/div><div class=\"wpb_single_image vc_align_center border-radius-left border-radius-right  wow none\">\n\t\t\t<figure class=\"wpb_wrapper vc_figure\">\n\t\t\t\t<a href=\"https:\/\/www.videlio.com\/marches\/automobile-transport\/\" class=\"vc_single_image-wrapper  \"><img decoding=\"async\" class=\"vc_single_image-img \" src=\"https:\/\/www.videlio.com\/wp-content\/uploads\/2022\/06\/Videlio-Services-maintenance-ingenierie-conception-projets-audiovisuels-service-desk-assistance-reunion-a-distance-270x150.jpg\" width=\"270\" height=\"150\" alt=\"Videlio Services maintenance - ingenierie - conception - projets audiovisuels - service desk - assistance r\u00e9union \u00e0 distance\" title=\"Videlio Services maintenance - ingenierie - conception - projets audiovisuels - service desk - assistance r\u00e9union \u00e0 distance\" \/><\/a>\n\t\t\t<\/figure>\n\t\t\t\n\t\t<\/div><\/div><\/div><\/div><div class=\"wpb_column vc_column_container col-xs-mobile-fullwidth vc_col-sm-3\"><div class=\"vc_column-inner\"><div class=\"wpb_wrapper\"><div class=\"text-block-content hongo-text-block-4 last-paragraph-no-margin\"><h2 style=\"text-align: center;\">Industry<\/h2>\n<\/div><div class=\"wpb_single_image vc_align_center border-radius-left border-radius-right\">\n\t\t\t<figure class=\"wpb_wrapper vc_figure\">\n\t\t\t\t<a href=\"https:\/\/www.videlio.com\/marches\/industrie\" class=\"vc_single_image-wrapper  \"><img decoding=\"async\" class=\"vc_single_image-img \" src=\"https:\/\/www.videlio.com\/wp-content\/uploads\/2023\/09\/CETIM-CLUSES_17-270x150.jpg\" width=\"270\" height=\"150\" alt=\"CETIM-CLUSES_17\" title=\"CETIM-CLUSES_17\" \/><\/a>\n\t\t\t<\/figure>\n\t\t\t\n\t\t<\/div><\/div><\/div><\/div><div class=\"wpb_column vc_column_container col-xs-mobile-fullwidth vc_col-sm-3\"><div class=\"vc_column-inner\"><div class=\"wpb_wrapper\"><div class=\"text-block-content hongo-text-block-5 last-paragraph-no-margin\"><h2 style=\"text-align: center;\">Defense<\/h2>\n<\/div><div class=\"wpb_single_image vc_align_center border-radius-left border-radius-right\">\n\t\t\t<figure class=\"wpb_wrapper vc_figure\">\n\t\t\t\t<a href=\"https:\/\/www.videlio.com\/marches\/aeronautique-defense\/\" class=\"vc_single_image-wrapper  \"><img decoding=\"async\" class=\"vc_single_image-img \" src=\"https:\/\/www.videlio.com\/wp-content\/uploads\/2024\/04\/Control-room-270x150.jpg\" width=\"270\" height=\"150\" alt=\"Control room\" title=\"Control room\" \/><\/a>\n\t\t\t<\/figure>\n\t\t\t\n\t\t<\/div><\/div><\/div><\/div><div class=\"wpb_column vc_column_container col-xs-mobile-fullwidth vc_col-sm-3\"><div class=\"vc_column-inner\"><div class=\"wpb_wrapper\"><div class=\"text-block-content hongo-text-block-6 last-paragraph-no-margin\"><h2 style=\"text-align: center;\">Education<\/h2>\n<\/div><div class=\"wpb_single_image vc_align_center border-radius-left border-radius-right\">\n\t\t\t<figure class=\"wpb_wrapper vc_figure\">\n\t\t\t\t<a href=\"https:\/\/www.videlio.com\/marches\/education\/\" class=\"vc_single_image-wrapper  \"><img decoding=\"async\" class=\"vc_single_image-img \" src=\"https:\/\/www.videlio.com\/wp-content\/uploads\/2021\/08\/SKEMA-ecrans-integation-Videlio-3-scaled-270x150.jpg\" width=\"270\" height=\"150\" alt=\"SKEMA \u00e9crans int\u00e9gation Videlio (3)\" title=\"SKEMA \u00e9crans int\u00e9gation Videlio (3)\" \/><\/a>\n\t\t\t<\/figure>\n\t\t\t\n\t\t<\/div><\/div><\/div><\/div><\/div>[vc_empty_space]<div class=\"vc_row wpb_row vc_inner vc_row-fluid content-images\"><div class=\"wpb_column vc_column_container col-xs-mobile-fullwidth vc_col-sm-3\"><div class=\"vc_column-inner\"><div class=\"wpb_wrapper\"><div class=\"text-block-content hongo-text-block-7 last-paragraph-no-margin\"><h2 style=\"text-align: center;\">Banks &amp; Insurance<\/h2>\n<\/div><div class=\"wpb_single_image vc_align_center border-radius-left border-radius-right  wow none\">\n\t\t\t<figure class=\"wpb_wrapper vc_figure\">\n\t\t\t\t<a href=\"https:\/\/www.videlio.com\/marches\/assurance-banque\/\" class=\"vc_single_image-wrapper  \"><\/a>\n\t\t\t<\/figure>\n\t\t\t\n\t\t<\/div><\/div><\/div><\/div><div class=\"wpb_column vc_column_container col-xs-mobile-fullwidth vc_col-sm-3\"><div class=\"vc_column-inner\"><div class=\"wpb_wrapper\"><div class=\"text-block-content hongo-text-block-8 last-paragraph-no-margin\"><h2 style=\"text-align: center;\">Energy<\/h2>\n<\/div><div class=\"wpb_single_image vc_align_center border-radius-left border-radius-right\">\n\t\t\t<figure class=\"wpb_wrapper vc_figure\">\n\t\t\t\t<a href=\"https:\/\/www.videlio.com\/marches\/energie\/\" class=\"vc_single_image-wrapper  \"><img decoding=\"async\" class=\"vc_single_image-img \" src=\"https:\/\/www.videlio.com\/wp-content\/uploads\/2021\/08\/Videlio-energie-scaled-270x150.jpg\" width=\"270\" height=\"150\" alt=\"Videlio-energie\" title=\"Videlio-energie\" \/><\/a>\n\t\t\t<\/figure>\n\t\t\t\n\t\t<\/div><\/div><\/div><\/div><div class=\"wpb_column vc_column_container col-xs-mobile-fullwidth vc_col-sm-3\"><div class=\"vc_column-inner\"><div class=\"wpb_wrapper\"><div class=\"text-block-content hongo-text-block-9 last-paragraph-no-margin\"><h2 style=\"text-align: center;\">Culture<\/h2>\n<\/div><div class=\"wpb_single_image vc_align_center border-radius-left border-radius-right\">\n\t\t\t<figure class=\"wpb_wrapper vc_figure\">\n\t\t\t\t<a href=\"https:\/\/www.videlio.com\/marches\/culture\/\" class=\"vc_single_image-wrapper  \"><img decoding=\"async\" class=\"vc_single_image-img \" src=\"https:\/\/www.videlio.com\/wp-content\/uploads\/2022\/07\/Citee-du-vin-museographie-scenographie-integrateur-audiovisuel-Videlio-270x150.jpg\" width=\"270\" height=\"150\" alt=\"Cit\u00e9e du vin-mus\u00e9ographie-sc\u00e9nographie-int\u00e9grateur audiovisuel-Videlio\" title=\"Cit\u00e9e du vin-mus\u00e9ographie-sc\u00e9nographie-int\u00e9grateur audiovisuel-Videlio\" \/><\/a>\n\t\t\t<\/figure>\n\t\t\t\n\t\t<\/div><\/div><\/div><\/div><div class=\"wpb_column vc_column_container col-xs-mobile-fullwidth vc_col-sm-3\"><div class=\"vc_column-inner\"><div class=\"wpb_wrapper\"><div class=\"text-block-content hongo-text-block-10 last-paragraph-no-margin\"><h2 style=\"text-align: center;\">Luxury<\/h2>\n<\/div><div class=\"wpb_single_image vc_align_center border-radius-left border-radius-right\">\n\t\t\t<figure class=\"wpb_wrapper vc_figure\">\n\t\t\t\t<a href=\"https:\/\/www.videlio.com\/marches\/luxe\/\" class=\"vc_single_image-wrapper  \"><img decoding=\"async\" class=\"vc_single_image-img \" src=\"https:\/\/www.videlio.com\/wp-content\/uploads\/2024\/05\/20230420_112529-270x150.jpg\" width=\"270\" height=\"150\" alt=\"20230420_112529\" title=\"20230420_112529\" \/><\/a>\n\t\t\t<\/figure>\n\t\t\t\n\t\t<\/div><\/div><\/div><\/div><\/div>[vc_empty_space]<div class=\"vc_row wpb_row vc_inner vc_row-fluid content-images\"><div class=\"wpb_column vc_column_container col-xs-mobile-fullwidth vc_col-sm-3\"><div class=\"vc_column-inner\"><div class=\"wpb_wrapper\"><div class=\"text-block-content hongo-text-block-11 last-paragraph-no-margin\"><h2 style=\"text-align: center;\">Public Sector<\/h2>\n<\/div><div class=\"wpb_single_image vc_align_center border-radius-left border-radius-right  wow none\">\n\t\t\t<figure class=\"wpb_wrapper vc_figure\">\n\t\t\t\t<a href=\"https:\/\/www.videlio.com\/marches\/secteur-public\/\" class=\"vc_single_image-wrapper  \"><img decoding=\"async\" class=\"vc_single_image-img \" src=\"https:\/\/www.videlio.com\/wp-content\/uploads\/2022\/06\/Contrat-de-services-Videlio-integrateur-audiovisuel-_-assistance-utilisateurs-conseils-audiovisuels-ingenierie-audiovisuelle-270x150.jpg\" width=\"270\" height=\"150\" alt=\"Contrat de services - Videlio - int\u00e9grateur audiovisuel _ assistance utilisateurs - conseils audiovisuels - ing\u00e9nierie audiovisuelle\" title=\"Contrat de services - Videlio - int\u00e9grateur audiovisuel _ assistance utilisateurs - conseils audiovisuels - ing\u00e9nierie audiovisuelle\" \/><\/a>\n\t\t\t<\/figure>\n\t\t\t\n\t\t<\/div><\/div><\/div><\/div><div class=\"wpb_column vc_column_container col-xs-mobile-fullwidth vc_col-sm-3\"><div class=\"vc_column-inner\"><div class=\"wpb_wrapper\"><div class=\"text-block-content hongo-text-block-12 last-paragraph-no-margin\"><h2 style=\"text-align: center;\">Retail<\/h2>\n<\/div><div class=\"wpb_single_image vc_align_center border-radius-left border-radius-right\">\n\t\t\t<figure class=\"wpb_wrapper vc_figure\">\n\t\t\t\t<a href=\"https:\/\/www.videlio.com\/marches\/retail\" class=\"vc_single_image-wrapper  \"><img decoding=\"async\" class=\"vc_single_image-img \" src=\"https:\/\/www.videlio.com\/wp-content\/uploads\/2024\/05\/Affichage-dynamique-bouygues-270x150.jpg\" width=\"270\" height=\"150\" alt=\"Affichage dynamique bouygues\" title=\"Affichage dynamique bouygues\" \/><\/a>\n\t\t\t<\/figure>\n\t\t\t\n\t\t<\/div><\/div><\/div><\/div><div class=\"wpb_column vc_column_container col-xs-mobile-fullwidth vc_col-sm-3\"><div class=\"vc_column-inner\"><div class=\"wpb_wrapper\"><div class=\"text-block-content hongo-text-block-13 last-paragraph-no-margin\"><h2 style=\"text-align: center;\">Service &amp; Consulting<\/h2>\n<\/div><div class=\"wpb_single_image vc_align_center border-radius-left border-radius-right\">\n\t\t\t<figure class=\"wpb_wrapper vc_figure\">\n\t\t\t\t<a href=\"https:\/\/www.videlio.com\/marches\/service-et-consulting\/\" class=\"vc_single_image-wrapper  \"><img decoding=\"async\" class=\"vc_single_image-img \" src=\"https:\/\/www.videlio.com\/wp-content\/uploads\/2024\/04\/Integration-salle-reunion-270x150.jpg\" width=\"270\" height=\"150\" alt=\"Int\u00e9gration salle r\u00e9union\" title=\"Int\u00e9gration salle r\u00e9union\" \/><\/a>\n\t\t\t<\/figure>\n\t\t\t\n\t\t<\/div><\/div><\/div><\/div><div class=\"wpb_column vc_column_container col-xs-mobile-fullwidth vc_col-sm-3\"><div class=\"vc_column-inner\"><div class=\"wpb_wrapper\"><div class=\"text-block-content hongo-text-block-14 last-paragraph-no-margin\"><h2 style=\"text-align: center;\">Real Estate<\/h2>\n<\/div><div class=\"wpb_single_image vc_align_center border-radius-left border-radius-right\">\n\t\t\t<figure class=\"wpb_wrapper vc_figure\">\n\t\t\t\t<a href=\"https:\/\/www.videlio.com\/marches\/immobilier\/\" class=\"vc_single_image-wrapper  \"><img decoding=\"async\" class=\"vc_single_image-img \" src=\"https:\/\/www.videlio.com\/wp-content\/uploads\/2022\/04\/JJA-Cas-Client-Videlio-5-270x150.jpg\" width=\"270\" height=\"150\" alt=\"\u00e9quipement salle de r\u00e9union\" title=\"JJA - Cas Client - Videlio 5\" \/><\/a>\n\t\t\t<\/figure>\n\t\t\t\n\t\t<\/div><\/div><\/div><\/div><\/div><\/div><\/div><\/div><\/section><div class=\"vc_row-full-width vc_clearfix\"><\/div><section data-vc-full-width=\"true\" data-vc-full-width-init=\"false\" data-vc-stretch-content=\"true\" class=\"vc_row wpb_row vc_row-fluid  vc_custom_1711597275470   background-no-repeat bg-position-right-top wow fadeIn vc_row-has-fill hongo-stretch-content hongo-stretch-content-fluid\"><div class=\"wpb_column vc_column_container vc_col-has-fill col-xs-mobile-fullwidth vc_col-sm-12 text-center sm-text-center\"><div class=\"vc_column-inner bg-position-right-top vc_custom_1711597290731\"><div class=\"wpb_wrapper\">[vc_empty_space]<div class=\"text-block-content hongo-text-block-15 last-paragraph-no-margin\"><div title=\"text-uppercase text-center\">\n<h2 class=\"text-uppercase margin-15px-bottom h1\"><span class=\"d-block\">CONTACT <\/span><span class=\"rose-dot-after\"><strong> A VIDELIO EXPERT <\/strong><\/span><\/h2>\n<\/div>\n<\/div><\/div><\/div><\/div><\/section><div class=\"vc_row-full-width vc_clearfix\"><\/div><section class=\"vc_row wpb_row vc_row-fluid  vc_custom_1714289332154   wow fadeIn\"><div class=\"wpb_column vc_column_container col-xs-mobile-fullwidth vc_col-sm-12\"><div class=\"vc_column-inner\"><div class=\"wpb_wrapper\">\n<div class=\"wpcf7 no-js\" id=\"wpcf7-f120116-o1\" lang=\"en-US\" dir=\"ltr\" data-wpcf7-id=\"120116\">\n<div class=\"screen-reader-response\"><p role=\"status\" aria-live=\"polite\" aria-atomic=\"true\"><\/p> <ul><\/ul><\/div>\n<form action=\"\/en\/wp-json\/wp\/v2\/pages\/123166#wpcf7-f120116-o1\" method=\"post\" class=\"wpcf7-form init\" aria-label=\"Contact form\" novalidate=\"novalidate\" data-status=\"init\">\n<fieldset class=\"hidden-fields-container\"><input type=\"hidden\" name=\"_wpcf7\" value=\"120116\" \/><input type=\"hidden\" name=\"_wpcf7_version\" value=\"6.1.5\" \/><input type=\"hidden\" name=\"_wpcf7_locale\" value=\"en_US\" \/><input type=\"hidden\" name=\"_wpcf7_unit_tag\" value=\"wpcf7-f120116-o1\" \/><input type=\"hidden\" name=\"_wpcf7_container_post\" value=\"0\" \/><input type=\"hidden\" name=\"_wpcf7_posted_data_hash\" value=\"\" \/><input type=\"hidden\" name=\"_wpcf7cf_hidden_group_fields\" value=\"[]\" \/><input type=\"hidden\" name=\"_wpcf7cf_hidden_groups\" value=\"[]\" \/><input type=\"hidden\" name=\"_wpcf7cf_visible_groups\" value=\"[]\" \/><input type=\"hidden\" name=\"_wpcf7cf_repeaters\" value=\"[]\" \/><input type=\"hidden\" name=\"_wpcf7cf_steps\" value=\"{}\" \/><input type=\"hidden\" name=\"_wpcf7cf_options\" value=\"{&quot;form_id&quot;:120116,&quot;conditions&quot;:[],&quot;settings&quot;:{&quot;animation&quot;:&quot;yes&quot;,&quot;animation_intime&quot;:200,&quot;animation_outtime&quot;:200,&quot;conditions_ui&quot;:&quot;normal&quot;,&quot;notice_dismissed&quot;:false,&quot;repeater_remove_button&quot;:&quot;bottom&quot;}}\" \/>\n<\/fieldset>\n<div class=\"form-style1\">\n\t<div class=\"form-content\">\n\t\t<h4 class=\"full title\">Remplissez le formulaire ci-dessous :\n\t\t<\/h4>\n\t\t<div class=\"title\">\n\t\t\t<p>Nom*\n\t\t\t<\/p>\n\t\t\t<p><span class=\"wpcf7-form-control-wrap\" data-name=\"your1\"><input size=\"40\" maxlength=\"400\" class=\"wpcf7-form-control wpcf7-text wpcf7-validates-as-required\" aria-required=\"true\" aria-invalid=\"false\" value=\"\" type=\"text\" name=\"your1\" \/><\/span>\n\t\t\t<\/p>\n\t\t<\/div>\n\t\t<div class=\"title\">\n\t\t\t<p>Pr\u00e9nom*\n\t\t\t<\/p>\n\t\t\t<p><span class=\"wpcf7-form-control-wrap\" data-name=\"your2\"><input size=\"40\" maxlength=\"400\" class=\"wpcf7-form-control wpcf7-text wpcf7-validates-as-required\" aria-required=\"true\" aria-invalid=\"false\" value=\"\" type=\"text\" name=\"your2\" \/><\/span>\n\t\t\t<\/p>\n\t\t<\/div>\n\t\t<div class=\"title\">\n\t\t\t<p>Adresse email*\n\t\t\t<\/p>\n\t\t\t<p><span class=\"wpcf7-form-control-wrap\" data-name=\"your-email\"><input size=\"40\" maxlength=\"400\" class=\"wpcf7-form-control wpcf7-email wpcf7-validates-as-required wpcf7-text wpcf7-validates-as-email\" autocomplete=\"email\" aria-required=\"true\" aria-invalid=\"false\" value=\"\" type=\"email\" name=\"your-email\" \/><\/span>\n\t\t\t<\/p>\n\t\t<\/div>\n\t\t<div class=\"title\">\n\t\t\t<p>Soci\u00e9t\u00e9\n\t\t\t<\/p>\n\t\t\t<p><span class=\"wpcf7-form-control-wrap\" data-name=\"your3\"><input size=\"40\" maxlength=\"400\" class=\"wpcf7-form-control wpcf7-text\" aria-invalid=\"false\" value=\"\" type=\"text\" name=\"your3\" \/><\/span>\n\t\t\t<\/p>\n\t\t<\/div>\n\t\t<div class=\"title\">\n\t\t\t<p>Code Postal\n\t\t\t<\/p>\n\t\t\t<p><span class=\"wpcf7-form-control-wrap\" data-name=\"number-501\"><input class=\"wpcf7-form-control wpcf7-number wpcf7-validates-as-number\" aria-invalid=\"false\" value=\"\" type=\"number\" name=\"number-501\" \/><\/span>\n\t\t\t<\/p>\n\t\t<\/div>\n\t\t<div class=\"title\">\n\t\t\t<p>T\u00e9l\u00e9phone*\n\t\t\t<\/p>\n\t\t\t<p><span class=\"wpcf7-form-control-wrap\" data-name=\"tel-90\"><input size=\"40\" maxlength=\"400\" class=\"wpcf7-form-control wpcf7-tel wpcf7-validates-as-required wpcf7-text wpcf7-validates-as-tel\" aria-required=\"true\" aria-invalid=\"false\" value=\"\" type=\"tel\" name=\"tel-90\" \/><\/span>\n\t\t\t<\/p>\n\t\t<\/div>\n\t\t<div class=\"full title\">\n\t\t\t<p>Message\n\t\t\t<\/p>\n\t\t\t<p><span class=\"wpcf7-form-control-wrap\" data-name=\"your-message\"><textarea cols=\"40\" rows=\"5\" maxlength=\"2000\" class=\"wpcf7-form-control wpcf7-textarea\" aria-invalid=\"false\" name=\"your-message\"><\/textarea><\/span>\n\t\t\t<\/p>\n\t\t<\/div>\n\t\t<div class=\"full title check\">\n\t\t\t<p><span class=\"wpcf7-form-control-wrap\" data-name=\"checkbox-338\"><span class=\"wpcf7-form-control wpcf7-checkbox\"><span class=\"wpcf7-list-item first last\"><label><input type=\"checkbox\" name=\"checkbox-338[]\" value=\"J\u2019accepte d\u2019\u00eatre contact\u00e9 par un conseill\u00e9 Vid\u00e9lio*\" \/><span class=\"wpcf7-list-item-label\">J\u2019accepte d\u2019\u00eatre contact\u00e9 par un conseill\u00e9 Vid\u00e9lio*<\/span><\/label><\/span><\/span><\/span>\n\t\t\t<\/p>\n\t\t<\/div>\n\t\t<div class=\"full title submit\">\n\t\t\t<p><input class=\"wpcf7-form-control wpcf7-submit has-spinner\" type=\"submit\" value=\"Contacter un expert\" \/>\n\t\t\t<\/p>\n\t\t<\/div>\n\t<\/div>\n<\/div><div class=\"wpcf7-response-output\" aria-hidden=\"true\"><\/div>\n<\/form>\n<\/div>\n<\/div><\/div><\/div><\/section><section data-vc-full-width=\"true\" data-vc-full-width-init=\"false\" class=\"vc_row wpb_row vc_row-fluid  vc_custom_1716366681347   wow fadeIn vc_row-has-fill hongo-stretch-content hongo-stretch-row-container vc_row-o-content-middle vc_row-flex\"><div class=\"wpb_column vc_column_container section-videlio col-xs-mobile-fullwidth vc_col-sm-12\"><div class=\"vc_column-inner\"><div class=\"wpb_wrapper\"><\/div><\/div><\/div><\/section><div class=\"vc_row-full-width vc_clearfix\"><\/div>\n<\/div>","protected":false},"excerpt":{"rendered":"Videlio in your market Whatever your sector of activity, knowledge of the challenges of your market ensures tailor-made support. Transportation &amp; Auto Industry Defense Education [vc_empty_space]Banks &amp; Insurance Energy Culture Luxury [vc_empty_space]Public Sector Retail Service &amp; Consulting Real Estate [vc_empty_space] CONTACT A VIDELIO EXPERT Remplissez le formulaire ci-dessous : Nom* Pr\u00e9nom* Adresse email* Soci\u00e9t\u00e9 Code Postal T\u00e9l\u00e9phone* Message J\u2019accepte d\u2019\u00eatre contact\u00e9 par un conseill\u00e9 Vid\u00e9lio*","protected":false},"author":19,"featured_media":0,"parent":0,"menu_order":0,"comment_status":"closed","ping_status":"closed","template":"","meta":{"_acf_changed":false,"footnotes":""},"class_list":["post-123166","page","type-page","status-publish","hentry"],"acf":[],"_links":{"self":[{"href":"https:\/\/www.videlio.com\/en\/wp-json\/wp\/v2\/pages\/123166","targetHints":{"allow":["GET"]}}],"collection":[{"href":"https:\/\/www.videlio.com\/en\/wp-json\/wp\/v2\/pages"}],"about":[{"href":"https:\/\/www.videlio.com\/en\/wp-json\/wp\/v2\/types\/page"}],"author":[{"embeddable":true,"href":"https:\/\/www.videlio.com\/en\/wp-json\/wp\/v2\/users\/19"}],"replies":[{"embeddable":true,"href":"https:\/\/www.videlio.com\/en\/wp-json\/wp\/v2\/comments?post=123166"}],"version-history":[{"count":1,"href":"https:\/\/www.videlio.com\/en\/wp-json\/wp\/v2\/pages\/123166\/revisions"}],"predecessor-version":[{"id":134702,"href":"https:\/\/www.videlio.com\/en\/wp-json\/wp\/v2\/pages\/123166\/revisions\/134702"}],"wp:attachment":[{"href":"https:\/\/www.videlio.com\/en\/wp-json\/wp\/v2\/media?parent=123166"}],"curies":[{"name":"wp","href":"https:\/\/api.w.org\/{rel}","templated":true}]}}