{"id":120921,"date":"2024-04-17T07:22:20","date_gmt":"2024-04-17T05:22:20","guid":{"rendered":"https:\/\/pp.videlio.com\/?page_id=120921"},"modified":"2025-09-22T17:02:13","modified_gmt":"2025-09-22T15:02:13","slug":"contact-us-2","status":"publish","type":"page","link":"https:\/\/www.videlio.com\/en\/contact-us-2\/","title":{"rendered":"Contact Us"},"content":{"rendered":"<div class=\"wpb-content-wrapper\"><section class=\"vc_row wpb_row vc_row-fluid  vc_custom_1714298320662   wow fadeIn vc_row-has-fill\"><div class=\"wpb_column vc_column_container vc_col-has-fill col-xs-mobile-fullwidth vc_col-sm-1\"><div class=\"vc_column-inner vc_custom_1710912843704\"><div class=\"wpb_wrapper\"><\/div><\/div><\/div><div class=\"wpb_column vc_column_container col-xs-mobile-fullwidth vc_col-sm-10\"><div class=\"vc_column-inner\"><div class=\"wpb_wrapper\"><div class=\"vc_row wpb_row vc_inner vc_row-fluid\"><div class=\"wpb_column vc_column_container col-xs-mobile-fullwidth vc_col-sm-12\"><div class=\"vc_column-inner\"><div class=\"wpb_wrapper\"><div class=\"text-block-content text-center hongo-text-block-1 last-paragraph-no-margin\"><h1 class=\"text-uppercase margin-30px-bottom h1\">Tell Us About Your <span class=\"rose-dot-after\">Project<\/span><\/h1>\n<h3 class=\"text-extra-large big-subtitle\">Find the offer that suits your needs. Every year, Videlio teams support numerous projects in France, Europe, and internationally.<\/h3>\n<\/div><\/div><\/div><\/div><\/div><\/div><\/div><\/div><div class=\"wpb_column vc_column_container col-xs-mobile-fullwidth vc_col-sm-1\"><div class=\"vc_column-inner\"><div class=\"wpb_wrapper\"><\/div><\/div><\/div><\/section><section class=\"vc_row wpb_row vc_row-fluid     wow fadeIn\" style=\"z-index:99;\"><div class=\"wpb_column vc_column_container contact-form-page col-xs-mobile-fullwidth vc_col-sm-12\"><div class=\"vc_column-inner\"><div class=\"wpb_wrapper\"><div class=\"vc_row wpb_row vc_inner vc_row-fluid fomr-setting-bg vc_custom_1758553258288 vc_row-has-fill vc_row-o-equal-height vc_row-flex overflow-visible\"><div class=\"wpb_column vc_column_container mx-ht-920 col-xs-mobile-fullwidth vc_col-sm-6\"><div class=\"vc_column-inner\"><div class=\"wpb_wrapper\"><div class=\"wpb_single_image    hongo-full-width-single-image\">\n\t\t\t<figure class=\"wpb_wrapper vc_figure\">\n\t\t\t\t<div class=\"vc_single_image-wrapper  \"><img decoding=\"async\" width=\"1719\" height=\"1900\" src=\"https:\/\/www.videlio.com\/wp-content\/uploads\/2024\/03\/141-1@2x.jpg\" class=\"vc_single_image-img attachment-full\" alt=\"\" title=\"141-1@2x\" srcset=\"https:\/\/www.videlio.com\/wp-content\/uploads\/2024\/03\/141-1@2x.jpg 1719w, https:\/\/www.videlio.com\/wp-content\/uploads\/2024\/03\/141-1@2x-271x300.jpg 271w, https:\/\/www.videlio.com\/wp-content\/uploads\/2024\/03\/141-1@2x-926x1024.jpg 926w, https:\/\/www.videlio.com\/wp-content\/uploads\/2024\/03\/141-1@2x-768x849.jpg 768w, https:\/\/www.videlio.com\/wp-content\/uploads\/2024\/03\/141-1@2x-1390x1536.jpg 1390w, https:\/\/www.videlio.com\/wp-content\/uploads\/2024\/03\/141-1@2x-84x93.jpg 84w, https:\/\/www.videlio.com\/wp-content\/uploads\/2024\/03\/141-1@2x-200x221.jpg 200w, https:\/\/www.videlio.com\/wp-content\/uploads\/2024\/03\/141-1@2x-450x497.jpg 450w, https:\/\/www.videlio.com\/wp-content\/uploads\/2024\/03\/141-1@2x-715x790.jpg 715w\" sizes=\"(max-width: 1719px) 100vw, 1719px\" \/><\/div>\n\t\t\t<\/figure>\n\t\t\t\n\t\t<\/div><\/div><\/div><\/div><div class=\"wpb_column vc_column_container col-xs-mobile-fullwidth vc_col-sm-6\"><div class=\"vc_column-inner vc_custom_1758553280209  hongo_responsive_1758553280210\"><div class=\"wpb_wrapper\"><div class=\"text-block-content hongo-text-block-2 last-paragraph-no-margin\"><div title=\"text-uppercase text-center\">\n<h2 class=\"text-uppercase margin-15px-bottom h1 contactPage\" style=\"text-align: center; color: #fff;\"><span class=\"d-block\">READY TO <\/span> <strong>START ?<\/strong><\/h2>\n<\/div>\n<\/div>[vc_raw_js]JTNDaWZyYW1lJTIwc3JjJTNEaHR0cHMlM0ElMkYlMkZnby52aWRlbGlvLmNvbSUyRmwlMkY0OTMzODElMkYyMDI0LTA3LTEwJTJGNWxoZ2g2JTIwd2lkdGglM0QlMjIxMDAlMjUlMjIlMjBoZWlnaHQlM0QlMjI4MDAlMjIlMjB0eXBlJTNEJTIydGV4dCUyRmh0bWwlMjIlMjBmcmFtZWJvcmRlciUzRCUyMjAlMjIlMjBhbGxvd1RyYW5zcGFyZW5jeSUzRCUyMnRydWUlMjIlMjBzdHlsZSUzRCUyMmJvcmRlciUzQSUyMDAlMjIlM0UlM0MlMkZpZnJhbWUlM0U=[\/vc_raw_js]<\/div><\/div><\/div><\/div><\/div><\/div><\/div><\/section><section class=\"vc_row wpb_row vc_row-fluid  vc_custom_1715267099953   wow fadeIn\"><div class=\"wpb_column vc_column_container col-xs-mobile-fullwidth vc_col-sm-12\"><div class=\"vc_column-inner\"><div class=\"wpb_wrapper\"><div class=\"text-block-content hongo-text-block-3 last-paragraph-no-margin\"><h2 class=\"h1 text-center\">FIND THE <span class=\"rose-dot-after\">NEAREST AGENCY TO YOU IN FRANCE<\/span><\/h2>\n<\/div><\/div><\/div><\/div><\/section><section class=\"vc_row wpb_row vc_row-fluid contact-map vc_custom_1717479812700   vc_row-o-content-top vc_row-flex  hongo_responsive_1717479812701\"><div class=\"wpb_column vc_column_container col-xs-mobile-fullwidth vc_col-sm-12\"><div class=\"vc_column-inner\"><div class=\"wpb_wrapper\"><\/div><\/div><\/div><\/section><section class=\"vc_row wpb_row vc_row-fluid  vc_custom_1714298369007   wow fadeIn\"><div class=\"wpb_column vc_column_container col-xs-mobile-fullwidth vc_col-sm-12\"><div class=\"vc_column-inner\"><div class=\"wpb_wrapper\"><div class=\"vc_row wpb_row vc_inner vc_row-fluid text-ss3 vc_custom_1711010307056 vc_row-has-fill\"><div class=\"wpb_column vc_column_container text-left-f col-xs-mobile-fullwidth vc_col-sm-6\"><div class=\"vc_column-inner\"><div class=\"wpb_wrapper\"><div class=\"text-block-content hongo-text-block-5 last-paragraph-no-margin\"><h3>DISCOVER<\/h3>\n<h3><strong>OUR AGENCIES<\/strong><\/h3>\n<h3><strong>AROUND THE WORLD<\/strong><\/h3>\n<\/div><div class=\"text-block-content hongo-text-block-6 last-paragraph-no-margin\"><p>Videlio also has a presence in Europe with 6 agencies in Italy, Switzerland, Germany, and Finland. Videlio&#8217;s presence extends internationally with 3 agencies in the United States and China. To support your international projects, Videlio has several partners worldwide.<\/p>\n<\/div><\/div><\/div><\/div><div class=\"wpb_column vc_column_container text-right-f col-xs-mobile-fullwidth vc_col-sm-6\"><div class=\"vc_column-inner\"><div class=\"wpb_wrapper\"><div class=\"text-block-content hongo-text-block-7 last-paragraph-no-margin\"><p><a href=\"https:\/\/www.videlio.com\/en\/sites\/agences-emden-allemagne\/\">Agencies \u2013 Emden \u2013 Germany<\/a><\/p>\n<p><a href=\"https:\/\/www.videlio.com\/en\/sites\/agencies-genova-italy\/\">Agencies \u2013 Genoa \u2013 Italy<\/a><\/p>\n<p><a href=\"https:\/\/www.videlio.com\/en\/sites\/agences-geneve-suisse\/\">Agencies \u2013 Geneva \u2013 Switzerland<\/a><\/p>\n<p><a href=\"https:\/\/www.videlio.com\/en\/sites\/agences-hong-kong-china\/\">Agencies \u2013 Hong Kong \u2013 China<\/a><\/p>\n<p><a href=\"https:\/\/www.videlio.com\/en\/sites\/agences-kourou-guyane\/\">Agencies \u2013 Kourou \u2013 French Guiana<\/a><\/p>\n<p><a href=\"https:\/\/www.videlio.com\/en\/sites\/agences-miami-usa\/\">Agencies \u2013 Miami \u2013 USA<\/a><\/p>\n<p><a href=\"https:\/\/www.videlio.com\/en\/sites\/agences-monfalcone-italie\/\">Agencies \u2013 Monfalcone \u2013 Italy<\/a><\/p>\n<p><a href=\"https:\/\/www.videlio.com\/en\/sites\/agences-orlando-usa\/\">Agencies \u2013 Orlando \u2013 USA<\/a><\/p>\n<p><a href=\"https:\/\/www.videlio.com\/en\/sites\/agences-staranzano-italie\/\">Agencies \u2013 Staranzano \u2013 Italy<\/a><\/p>\n<p><a href=\"https:\/\/www.videlio.com\/en\/sites\/agences-turku-finlande\/\">Agencies \u2013 Turku \u2013 Finland<\/a><\/p>\n<\/div><\/div><\/div><\/div><\/div><\/div><\/div><\/div><\/section><section class=\"vc_row wpb_row vc_row-fluid     wow fadeIn\"><div class=\"wpb_column vc_column_container col-xs-mobile-fullwidth vc_col-sm-12\"><div class=\"vc_column-inner\"><div class=\"wpb_wrapper\"><div class=\"vc_row wpb_row vc_inner vc_row-fluid group-icon-img  vc_row-o-equal-height vc_row-flex\"><div class=\"wpb_column vc_column_container col-xs-mobile-fullwidth vc_col-sm-6\"><div class=\"vc_column-inner  hongo_responsive_1714038622706\"><div class=\"wpb_wrapper\"><div class=\"wpb_single_image    hongo-full-width-single-image\">\n\t\t\t<figure class=\"wpb_wrapper vc_figure\">\n\t\t\t\t<div class=\"vc_single_image-wrapper  \"><img decoding=\"async\" width=\"1671\" height=\"1900\" src=\"https:\/\/www.videlio.com\/wp-content\/uploads\/2024\/03\/AdobeStock_647452152_Preview_Editorial_Use_Only@2x.jpg\" class=\"vc_single_image-img attachment-full\" alt=\"\" title=\"AdobeStock_647452152_Preview_Editorial_Use_Only@2x\" srcset=\"https:\/\/www.videlio.com\/wp-content\/uploads\/2024\/03\/AdobeStock_647452152_Preview_Editorial_Use_Only@2x.jpg 1671w, https:\/\/www.videlio.com\/wp-content\/uploads\/2024\/03\/AdobeStock_647452152_Preview_Editorial_Use_Only@2x-264x300.jpg 264w, https:\/\/www.videlio.com\/wp-content\/uploads\/2024\/03\/AdobeStock_647452152_Preview_Editorial_Use_Only@2x-901x1024.jpg 901w, https:\/\/www.videlio.com\/wp-content\/uploads\/2024\/03\/AdobeStock_647452152_Preview_Editorial_Use_Only@2x-768x873.jpg 768w, https:\/\/www.videlio.com\/wp-content\/uploads\/2024\/03\/AdobeStock_647452152_Preview_Editorial_Use_Only@2x-1351x1536.jpg 1351w, https:\/\/www.videlio.com\/wp-content\/uploads\/2024\/03\/AdobeStock_647452152_Preview_Editorial_Use_Only@2x-84x96.jpg 84w, https:\/\/www.videlio.com\/wp-content\/uploads\/2024\/03\/AdobeStock_647452152_Preview_Editorial_Use_Only@2x-200x227.jpg 200w, https:\/\/www.videlio.com\/wp-content\/uploads\/2024\/03\/AdobeStock_647452152_Preview_Editorial_Use_Only@2x-450x512.jpg 450w, https:\/\/www.videlio.com\/wp-content\/uploads\/2024\/03\/AdobeStock_647452152_Preview_Editorial_Use_Only@2x-695x790.jpg 695w\" sizes=\"(max-width: 1671px) 100vw, 1671px\" \/><\/div>\n\t\t\t<\/figure>\n\t\t\t\n\t\t<\/div><\/div><\/div><\/div><div class=\"wpb_column vc_column_container col-xs-mobile-fullwidth vc_col-sm-6 text-center xs-text-center\"><div class=\"vc_column-inner  hongo_responsive_1714038674483\"><div class=\"wpb_wrapper\"><div class=\"text-block-content hongo-text-block-8 last-paragraph-no-margin\"><div title=\"text-uppercase\">\n<h2 class=\"text-uppercase margin-15px-bottom h1\"><span class=\"display-block\">STAY <\/span><span class=\"display-block\"><strong>CONNECTED <\/strong><\/span><span class=\"rose-dot-after\"><strong>WITH US<\/strong><\/span><\/h2>\n<\/div>\n<\/div>[vc_empty_space height=&#8221;30px&#8221;]<div class=\"text-block-content hongo-text-block-9 last-paragraph-no-margin\"><p>Our social networks are more than just a communication channel. They are gateways to our universe, where you can dive into our achievements, tips, and expertise.<\/p>\n<\/div>[vc_empty_space height=&#8221;30px&#8221;][social_vc_father align=&#8221;center&#8221;][social_vc_son url=&#8221;url:https%3A%2F%2Ffr.linkedin.com%2Fcompany%2Fvidelio|title:linkedin-in&#8221; icon=&#8221;fab fa-linkedin-in&#8221;][social_vc_son url=&#8221;url:https%3A%2F%2Fwww.instagram.com%2Fvidelio%2F%3Fhl%3Dfr|title:instagram&#8221; icon=&#8221;fab fa-instagram&#8221;][social_vc_son url=&#8221;url:https%3A%2F%2Fwww.facebook.com%2Fvideliogroup|title:face&#8221; icon=&#8221;fab fa-facebook-f&#8221;][social_vc_son url=&#8221;url:https%3A%2F%2Fwww.youtube.com%2Fchannel%2FUCgN4Yon5xrhJTAhrdTXZsvw|title:youtube&#8221; icon=&#8221;fab fa-youtube&#8221;][\/social_vc_father]<\/div><\/div><\/div><\/div><\/div><\/div><\/div><\/section><section class=\"vc_row wpb_row vc_row-fluid  vc_custom_1758553312947   wow fadeIn\"><div class=\"wpb_column vc_column_container col-xs-mobile-fullwidth vc_col-sm-12\"><div class=\"vc_column-inner\"><div class=\"wpb_wrapper\"><div class=\"vc_row wpb_row vc_inner vc_row-fluid faq-section mt--80 vc_custom_1758553324497 vc_row-has-fill\"><div class=\"wpb_column vc_column_container col-xs-mobile-fullwidth vc_col-sm-12\"><div class=\"vc_column-inner\"><div class=\"wpb_wrapper\"><div class=\"text-block-content notre-cta hongo-text-block-10 last-paragraph-no-margin\"><h3 class=\"h1\">FAQ: Videlio Answers Your Questions<\/h3>\n<p><style>#sp-ea-119531 .spcollapsing { height: 0; overflow: hidden; transition-property: height;transition-duration: 300ms;}#sp-ea-119531.sp-easy-accordion>.sp-ea-single {margin-bottom: 10px; border: 1px solid #e2e2e2; }#sp-ea-119531.sp-easy-accordion>.sp-ea-single>.ea-header a {color: #444;}#sp-ea-119531.sp-easy-accordion>.sp-ea-single>.sp-collapse>.ea-body {background: #fff; color: #444;}#sp-ea-119531.sp-easy-accordion>.sp-ea-single {background: #eee;}#sp-ea-119531.sp-easy-accordion>.sp-ea-single>.ea-header a .ea-expand-icon { float: left; color: #444;font-size: 16px;}<\/style><div id=\"sp_easy_accordion-1710949920\"><div id=\"sp-ea-119531\" class=\"sp-ea-one sp-easy-accordion\" data-ea-active=\"ea-click\" data-ea-mode=\"vertical\" data-preloader=\"\" data-scroll-active-item=\"\" data-offset-to-scroll=\"0\"><div class=\"ea-card sp-ea-single\"><h3 class=\"ea-header\"><a class=\"collapsed\" id=\"ea-header-1195310\" role=\"button\" data-sptoggle=\"spcollapse\" data-sptarget=\"#collapse1195310\" aria-controls=\"collapse1195310\" href=\"#\" aria-expanded=\"false\" tabindex=\"0\"><i aria-hidden=\"true\" role=\"presentation\" class=\"ea-expand-icon eap-icon-ea-expand-plus\"><\/i> Qu'est-ce que l'int\u00e9gration audiovisuelle ?<\/a><\/h3><div class=\"sp-collapse spcollapse spcollapse\" id=\"collapse1195310\" data-parent=\"#sp-ea-119531\" role=\"region\" aria-labelledby=\"ea-header-1195310\"> <div class=\"ea-body\"><p>L'int\u00e9gration audiovisuelle est le processus de conception, d'installation et de maintenance de syst\u00e8mes audiovisuels dans les espaces professionnels. Cela inclut les salles de r\u00e9union, les salles de conf\u00e9rence, les auditoriums, les espaces de formation, etc. L'objectif est de fournir des solutions technologiques adapt\u00e9es aux besoins sp\u00e9cifiques de chaque entreprise pour am\u00e9liorer la communication, la collaboration et la productivit\u00e9.<\/p><\/div><\/div><\/div><div class=\"ea-card sp-ea-single\"><h3 class=\"ea-header\"><a class=\"collapsed\" id=\"ea-header-1195311\" role=\"button\" data-sptoggle=\"spcollapse\" data-sptarget=\"#collapse1195311\" aria-controls=\"collapse1195311\" href=\"#\" aria-expanded=\"false\" tabindex=\"0\"><i aria-hidden=\"true\" role=\"presentation\" class=\"ea-expand-icon eap-icon-ea-expand-plus\"><\/i> Que signifie Workplace ? <\/a><\/h3><div class=\"sp-collapse spcollapse spcollapse\" id=\"collapse1195311\" data-parent=\"#sp-ea-119531\" role=\"region\" aria-labelledby=\"ea-header-1195311\"> <div class=\"ea-body\"><p>Le terme \"Workplace\" fait r\u00e9f\u00e9rence \u00e0 notre approche visant \u00e0 cr\u00e9er des espaces de travail innovants, efficaces et adapt\u00e9s aux besoins sp\u00e9cifiques de chaque entreprise. Cela inclut l'int\u00e9gration de technologies audiovisuelles, de solutions de communication et de collaboration, ainsi que la conception d'espaces physiques et num\u00e9riques qui favorisent la productivit\u00e9, la cr\u00e9ativit\u00e9 et le bien-\u00eatre des employ\u00e9s. En bref, \"Workplace\" repr\u00e9sente notre vision globale de la mani\u00e8re dont les environnements de travail peuvent \u00eatre optimis\u00e9s pour r\u00e9pondre aux d\u00e9fis et aux opportunit\u00e9s de l'\u00e8re moderne.<\/p><\/div><\/div><\/div><div class=\"ea-card sp-ea-single\"><h3 class=\"ea-header\"><a class=\"collapsed\" id=\"ea-header-1195312\" role=\"button\" data-sptoggle=\"spcollapse\" data-sptarget=\"#collapse1195312\" aria-controls=\"collapse1195312\" href=\"#\" aria-expanded=\"false\" tabindex=\"0\"><i aria-hidden=\"true\" role=\"presentation\" class=\"ea-expand-icon eap-icon-ea-expand-plus\"><\/i> Quels types de services proposez-vous en mati\u00e8re d'int\u00e9gration audiovisuelle ?<\/a><\/h3><div class=\"sp-collapse spcollapse spcollapse\" id=\"collapse1195312\" data-parent=\"#sp-ea-119531\" role=\"region\" aria-labelledby=\"ea-header-1195312\"> <div class=\"ea-body\"><p>Videlio-Workplace propose une gamme compl\u00e8te de services d'int\u00e9gration audiovisuelle, comprenant la consultation et l'analyse des besoins, la conception sur mesure de solutions audiovisuelles, l'installation professionnelle des \u00e9quipements, la formation du personnel \u00e0 l'utilisation des syst\u00e8mes, ainsi que la maintenance et le support technique pour assurer un fonctionnement continu et optimal.<\/p><\/div><\/div><\/div><div class=\"ea-card sp-ea-single\"><h3 class=\"ea-header\"><a class=\"collapsed\" id=\"ea-header-1195313\" role=\"button\" data-sptoggle=\"spcollapse\" data-sptarget=\"#collapse1195313\" aria-controls=\"collapse1195313\" href=\"#\" aria-expanded=\"false\" tabindex=\"0\"><i aria-hidden=\"true\" role=\"presentation\" class=\"ea-expand-icon eap-icon-ea-expand-plus\"><\/i> Comment garantissez-vous la qualit\u00e9 et la fiabilit\u00e9 de vos solutions audiovisuelles ?<\/a><\/h3><div class=\"sp-collapse spcollapse spcollapse\" id=\"collapse1195313\" data-parent=\"#sp-ea-119531\" role=\"region\" aria-labelledby=\"ea-header-1195313\"> <div class=\"ea-body\"><p>Nous travaillons en \u00e9troite collaboration avec les meilleurs fournisseurs et fabricants de mat\u00e9riel audiovisuel pour garantir la qualit\u00e9 et la fiabilit\u00e9 de nos solutions. De plus, notre \u00e9quipe d'experts certifi\u00e9s poss\u00e8de une vaste exp\u00e9rience dans l'int\u00e9gration audiovisuelle et est d\u00e9di\u00e9e \u00e0 fournir un service exceptionnel \u00e0 nos clients, de la conception initiale \u00e0 la mise en \u0153uvre finale.<\/p><\/div><\/div><\/div><div class=\"ea-card sp-ea-single\"><h3 class=\"ea-header\"><a class=\"collapsed\" id=\"ea-header-1195314\" role=\"button\" data-sptoggle=\"spcollapse\" data-sptarget=\"#collapse1195314\" aria-controls=\"collapse1195314\" href=\"#\" aria-expanded=\"false\" tabindex=\"0\"><i aria-hidden=\"true\" role=\"presentation\" class=\"ea-expand-icon eap-icon-ea-expand-plus\"><\/i> Comment puis-je obtenir un devis pour l'int\u00e9gration audiovisuelle dans mon entreprise ?<\/a><\/h3><div class=\"sp-collapse spcollapse spcollapse\" id=\"collapse1195314\" data-parent=\"#sp-ea-119531\" role=\"region\" aria-labelledby=\"ea-header-1195314\"> <div class=\"ea-body\"><p>Pour obtenir un devis personnalis\u00e9 pour l'int\u00e9gration audiovisuelle dans votre entreprise, il vous suffit de nous contacter via notre formulaire de contact en ligne ou par t\u00e9l\u00e9phone. Notre \u00e9quipe se fera un plaisir de discuter de vos besoins sp\u00e9cifiques, d'\u00e9valuer vos options et de vous fournir une solution sur mesure adapt\u00e9e \u00e0 votre budget et \u00e0 vos objectifs.<\/p><\/div><\/div><\/div><\/div><\/div><br \/>\n<a href=\"#\">Our FAQs<\/a><\/p>\n<\/div><\/div><\/div><\/div><\/div><\/div><\/div><\/div><\/section>\n<\/div>","protected":false},"excerpt":{"rendered":"Tell Us About Your Project Find the offer that suits your needs. Every year, Videlio teams support numerous projects in France, Europe, and internationally. READY TO START ? [vc_raw_js]JTNDaWZyYW1lJTIwc3JjJTNEaHR0cHMlM0ElMkYlMkZnby52aWRlbGlvLmNvbSUyRmwlMkY0OTMzODElMkYyMDI0LTA3LTEwJTJGNWxoZ2g2JTIwd2lkdGglM0QlMjIxMDAlMjUlMjIlMjBoZWlnaHQlM0QlMjI4MDAlMjIlMjB0eXBlJTNEJTIydGV4dCUyRmh0bWwlMjIlMjBmcmFtZWJvcmRlciUzRCUyMjAlMjIlMjBhbGxvd1RyYW5zcGFyZW5jeSUzRCUyMnRydWUlMjIlMjBzdHlsZSUzRCUyMmJvcmRlciUzQSUyMDAlMjIlM0UlM0MlMkZpZnJhbWUlM0U=[\/vc_raw_js]FIND THE NEAREST AGENCY TO YOU IN FRANCE [SUPER-STORE-FINDER] DISCOVER OUR AGENCIES AROUND THE WORLD Videlio also has a presence in Europe with 6 agencies in Italy, Switzerland, Germany, and Finland. Videlio's presence extends internationally with 3 agencies in the United States and China. To support your international projects, Videlio has several partners worldwide. Agencies \u2013 Emden \u2013 Germany Agencies \u2013 Genoa \u2013 Italy Agencies \u2013 Geneva \u2013 Switzerland Agencies \u2013 Hong Kong \u2013 China Agencies \u2013 Kourou \u2013 French Guiana Agencies \u2013 Miami \u2013 USA Agencies \u2013 Monfalcone \u2013 Italy Agencies \u2013 Orlando \u2013 USA Agencies \u2013 Staranzano \u2013 Italy Agencies \u2013 Turku \u2013 Finland STAY CONNECTED WITH US [vc_empty_space height=\"30px\"]Our social networks are more than just a communication channel. They are gateways to our universe, where you can dive into our achievements, tips, and expertise. [vc_empty_space height=\"30px\"][social_vc_father align=\"center\"][social_vc_son url=\"url:https%3A%2F%2Ffr.linkedin.com%2Fcompany%2Fvidelio|title:linkedin-in\" icon=\"fab fa-linkedin-in\"][social_vc_son url=\"url:https%3A%2F%2Fwww.instagram.com%2Fvidelio%2F%3Fhl%3Dfr|title:instagram\" icon=\"fab fa-instagram\"][social_vc_son url=\"url:https%3A%2F%2Fwww.facebook.com%2Fvideliogroup|title:face\" icon=\"fab fa-facebook-f\"][social_vc_son url=\"url:https%3A%2F%2Fwww.youtube.com%2Fchannel%2FUCgN4Yon5xrhJTAhrdTXZsvw|title:youtube\" icon=\"fab fa-youtube\"][\/social_vc_father]FAQ: Videlio Answers Your Questions Qu'est-ce que l'int\u00e9gration audiovisuelle ? L'int\u00e9gration audiovisuelle est le processus de conception, d'installation et de maintenance...","protected":false},"author":19,"featured_media":0,"parent":0,"menu_order":0,"comment_status":"closed","ping_status":"closed","template":"","meta":{"_acf_changed":false,"footnotes":""},"class_list":["post-120921","page","type-page","status-publish","hentry"],"acf":[],"_links":{"self":[{"href":"https:\/\/www.videlio.com\/en\/wp-json\/wp\/v2\/pages\/120921","targetHints":{"allow":["GET"]}}],"collection":[{"href":"https:\/\/www.videlio.com\/en\/wp-json\/wp\/v2\/pages"}],"about":[{"href":"https:\/\/www.videlio.com\/en\/wp-json\/wp\/v2\/types\/page"}],"author":[{"embeddable":true,"href":"https:\/\/www.videlio.com\/en\/wp-json\/wp\/v2\/users\/19"}],"replies":[{"embeddable":true,"href":"https:\/\/www.videlio.com\/en\/wp-json\/wp\/v2\/comments?post=120921"}],"version-history":[{"count":5,"href":"https:\/\/www.videlio.com\/en\/wp-json\/wp\/v2\/pages\/120921\/revisions"}],"predecessor-version":[{"id":132875,"href":"https:\/\/www.videlio.com\/en\/wp-json\/wp\/v2\/pages\/120921\/revisions\/132875"}],"wp:attachment":[{"href":"https:\/\/www.videlio.com\/en\/wp-json\/wp\/v2\/media?parent=120921"}],"curies":[{"name":"wp","href":"https:\/\/api.w.org\/{rel}","templated":true}]}}