{"id":104434,"date":"2021-09-22T12:15:16","date_gmt":"2021-09-22T10:15:16","guid":{"rendered":"https:\/\/videlio2021.pacom1.com\/?page_id=104434"},"modified":"2021-09-22T12:23:12","modified_gmt":"2021-09-22T10:23:12","slug":"agences-montpellier","status":"publish","type":"page","link":"https:\/\/www.videlio.com\/en\/sites\/agences-montpellier\/","title":{"rendered":"Agencies &#8211; Montpellier"},"content":{"rendered":"<div class=\"wpb-content-wrapper\"><section data-vc-full-width=\"true\" data-vc-full-width-init=\"false\" data-vc-parallax-image=\"0.5\" class=\"vc_row wpb_row vc_row-fluid  vc_custom_1630960267188   hongo-row-min-height wow fadeIn vc_row-has-fill hongo-stretch-content hongo-stretch-row-container parallax\" style=\"min-height: 150px;\"><div class=\"wpb_column vc_column_container vc_col-has-fill col-xs-mobile-fullwidth vc_col-sm-12 text-center sm-text-center\"><div class=\"vc_column-inner bg-position-right-top vc_custom_1628072340050\"><div class=\"wpb_wrapper\">[vc_empty_space height=&#8221;64px&#8221;]<div class=\"text-block-content hongo-text-block-1 last-paragraph-no-margin\"><h1 style=\"text-align: center;\">Audiovisual service provider and integrator in <em>Montpellier<\/em><\/h1>\n<\/div><div class=\"vc_row wpb_row vc_inner vc_row-fluid  vc_custom_1628516671995\"><div class=\"wpb_column vc_column_container col-xs-mobile-fullwidth vc_col-sm-4 text-left sm-text-left\"><div class=\"vc_column-inner\"><div class=\"wpb_wrapper\">[vc_empty_space]<a href=\"tel:+33499136920\"  class=\"hongo-button-1 btn btn-base btn-round alt-font btn-large  hongo_button_1632305547525\"><i class=\"fas fa-phone-alt left-icon\" aria-hidden=\"true\"><\/i>Tel. : 04 99 13 69 20<\/a>[vc_empty_space height=&#8221;20px&#8221;]<div class=\"text-block-content hongo-text-block-2 last-paragraph-no-margin\"><p><strong>Ecoparc<\/strong><br \/>\n<strong>305 Avenue de la Marjolaine<\/strong><br \/>\n<strong>34130 Saint Aunes<\/strong><br \/>\n<strong>France<\/strong><\/p>\n<\/div>[vc_empty_space]<div class=\"text-block-content hongo-text-block-3 last-paragraph-no-margin\"><p>In the Occitanie region, the Videlio teams integrate, deploy and maintain audiovisual systems. Whether for companies, events, media, post-production, hotels, public organisations, schools, associations&#8230;<\/p>\n<p>Our teams are available for your different audiovisual projects in Montpellier and its surroundings: B\u00e9ziers, N\u00eemes or Perpignan<\/p>\n<\/div><\/div><\/div><\/div><div class=\"wpb_column vc_column_container col-xs-mobile-fullwidth vc_col-sm-8 text-center sm-text-center\"><div class=\"vc_column-inner\"><div class=\"wpb_wrapper\"><div class=\"wpb_single_image    hongo-full-width-single-image\">\n\t\t\t<figure class=\"wpb_wrapper vc_figure\">\n\t\t\t\t<div class=\"vc_single_image-wrapper  \"><img decoding=\"async\" width=\"1200\" height=\"1200\" src=\"https:\/\/www.videlio.com\/wp-content\/uploads\/2021\/09\/VIDELIO_Carte-europe.png\" class=\"vc_single_image-img attachment-full\" alt=\"\" title=\"VIDELIO_Carte-europe\" srcset=\"https:\/\/www.videlio.com\/wp-content\/uploads\/2021\/09\/VIDELIO_Carte-europe.png 1200w, https:\/\/www.videlio.com\/wp-content\/uploads\/2021\/09\/VIDELIO_Carte-europe-300x300.png 300w, https:\/\/www.videlio.com\/wp-content\/uploads\/2021\/09\/VIDELIO_Carte-europe-1024x1024.png 1024w, https:\/\/www.videlio.com\/wp-content\/uploads\/2021\/09\/VIDELIO_Carte-europe-150x150.png 150w, https:\/\/www.videlio.com\/wp-content\/uploads\/2021\/09\/VIDELIO_Carte-europe-768x768.png 768w, https:\/\/www.videlio.com\/wp-content\/uploads\/2021\/09\/VIDELIO_Carte-europe-450x450.png 450w, https:\/\/www.videlio.com\/wp-content\/uploads\/2021\/09\/VIDELIO_Carte-europe-64x64.png 64w, https:\/\/www.videlio.com\/wp-content\/uploads\/2021\/09\/VIDELIO_Carte-europe-84x84.png 84w, https:\/\/www.videlio.com\/wp-content\/uploads\/2021\/09\/VIDELIO_Carte-europe-200x200.png 200w, https:\/\/www.videlio.com\/wp-content\/uploads\/2021\/09\/VIDELIO_Carte-europe-790x790.png 790w\" sizes=\"(max-width: 1200px) 100vw, 1200px\" \/><\/div>\n\t\t\t<\/figure>\n\t\t\t\n\t\t<\/div>[vc_empty_space]<a href=\"https:\/\/goo.gl\/maps\/NMoyQaRVrS4nP8nW7\" target= \"_blank\" class=\"hongo-button-2 btn btn-base btn-round alt-font btn-medium\">Itinerary<\/a>[vc_empty_space]<\/div><\/div><\/div><\/div><\/div><\/div><\/div><\/section><div class=\"vc_row-full-width vc_clearfix\"><\/div><section data-vc-full-width=\"true\" data-vc-full-width-init=\"false\" data-vc-parallax-image=\"0.5\" class=\"vc_row wpb_row vc_row-fluid  vc_custom_1630945741723   hongo-row-min-height wow fadeIn vc_row-has-fill hongo-stretch-content hongo-stretch-row-container parallax\" style=\"min-height: 150px;\"><div class=\"wpb_column vc_column_container vc_col-has-fill col-xs-mobile-fullwidth vc_col-sm-12 text-center sm-text-center\"><div class=\"vc_column-inner bg-position-right-top vc_custom_1628072340050\"><div class=\"wpb_wrapper\"><div class=\"vc_row wpb_row vc_inner vc_row-fluid  vc_custom_1630945588391 vc_row-has-fill bg-position-right-center\"><div class=\"wpb_column vc_column_container col-xs-mobile-fullwidth vc_col-sm-6 text-left sm-text-left\"><div class=\"vc_column-inner vc_custom_1628087933417\"><div class=\"wpb_wrapper\"><div id=\"accordion-style-1-1\" class=\"panel-group accordion-style-1 accordion-style-1-1\"><div class=\"panel\"><div class=\"panel-heading\"><a data-toggle=\"collapse\" data-parent=\"#accordion-style-1-1\" href=\"#accordion-one-link-2\"><div class=\"panel-title hongo_font_1632305631983 alt-font\">Videlio, audiovisual integrator for your company in Montpellier<span class=\"pull-right\"><i class=\"ti-arrow-circle-down\"><\/i><\/span><\/div><\/a><\/div><div id=\"accordion-one-link-2\" class=\"panel-collapse collapse\"><div class=\"panel-body hongo_font_1632305631985\"><ul>\n<li><a href=\"https:\/\/www.videlio.com\/expertises\/collaboration-globale\/\">Int\u00e9gration de solution de collaboration Montpellier<\/a><\/li>\n<li><a href=\"https:\/\/www.videlio.com\/expertises\/collaboration-globale\/\">Installation solution visioconf\u00e9rence Montpellier<\/a><\/li>\n<li><a href=\"https:\/\/www.videlio.com\/expertises\/collaboration-globale\/\">Installation solution vid\u00e9oconf\u00e9rence Montpellier<\/a><\/li>\n<li><a href=\"https:\/\/www.videlio.com\/expertises\/collaboration-globale\/\">Solution visioconf\u00e9rence s\u00e9curis\u00e9e Montpellier<\/a><\/li>\n<li><a href=\"https:\/\/www.videlio.com\/expertises\/collaboration-globale\/\">Solution interop\u00e9rabilit\u00e9 Montpellier<\/a><\/li>\n<li><a href=\"https:\/\/www.videlio.com\/expertises\/collaboration-globale\/\">Equipement salle de r\u00e9union Montpellier<\/a><\/li>\n<li><a href=\"https:\/\/www.videlio.com\/expertises\/collaboration-globale\/\">Equipement visioconf\u00e9rence Montpellier<\/a><\/li>\n<li><a href=\"https:\/\/www.videlio.com\/expertises\/integration-audiovisuelle\/\">Solution affichage dynamique Montpellier<\/a><\/li>\n<li><a href=\"https:\/\/www.videlio.com\/expertises\/collaboration-globale\/\">Equipement auditorium Montpellier<\/a><\/li>\n<\/ul>\n<\/div><\/div><\/div><\/div><\/div><\/div><\/div><div class=\"wpb_column vc_column_container col-xs-mobile-fullwidth vc_col-sm-6 text-left\"><div class=\"vc_column-inner vc_custom_1630945364820\"><div class=\"wpb_wrapper\"><div id=\"accordion-style-1-2\" class=\"panel-group accordion-style-1 accordion-style-1-2\"><div class=\"panel\"><div class=\"panel-heading\"><a data-toggle=\"collapse\" data-parent=\"#accordion-style-1-2\" href=\"#accordion-one-link-4\"><div class=\"panel-title hongo_font_1632305660512 alt-font\">Videlio, an event audiovisual service provider in Montpellier<span class=\"pull-right\"><i class=\"ti-arrow-circle-down\"><\/i><\/span><\/div><\/a><\/div><div id=\"accordion-one-link-4\" class=\"panel-collapse collapse\"><div class=\"panel-body hongo_font_1632305660513\"><ul>\n<li><a href=\"https:\/\/www.videlio.com\/expertises\/expertise-evenementielle\/\">Ev\u00e9nements distanciels Montpellier<\/a><\/li>\n<li><a href=\"https:\/\/www.videlio.com\/expertises\/expertise-evenementielle\/\">Ev\u00e9nements hybrides Montpellier<\/a><\/li>\n<li><a href=\"https:\/\/www.videlio.com\/expertises\/expertise-evenementielle\/\">Prestation audiovisuel Montpellier<\/a><\/li>\n<li><a href=\"https:\/\/www.videlio.com\/expertises\/expertise-evenementielle\/\">Prestation vid\u00e9o Montpellier<\/a><\/li>\n<li><a href=\"https:\/\/www.videlio.com\/expertises\/expertise-evenementielle\/\">Prestation son Montpellier<\/a><\/li>\n<li><a href=\"https:\/\/www.videlio.com\/expertises\/expertise-evenementielle\/\">Prestation lumi\u00e8re Montpellier<\/a><\/li>\n<li><a href=\"https:\/\/www.videlio.com\/expertises\/expertise-evenementielle\/\">Studio mobile Montpellier<\/a><\/li>\n<li><a href=\"https:\/\/www.videlio.com\/expertises\/expertise-evenementielle\/\">Ev\u00e9nement studio r\u00e9alit\u00e9 augment\u00e9e Montpellier<\/a><\/li>\n<li><a href=\"https:\/\/www.videlio.com\/expertises\/expertise-evenementielle\/\">Location \u00e9cran LED Montpellier<\/a><\/li>\n<li><a href=\"https:\/\/www.videlio.com\/expertises\/expertise-evenementielle\/\">Location \u00e9cran g\u00e9ant Montpellier<\/a><\/li>\n<li><a href=\"https:\/\/www.videlio.com\/expertises\/expertise-evenementielle\/\">Ev\u00e9nement mapping Montpellier<\/a><\/li>\n<li><a href=\"https:\/\/www.videlio.com\/expertises\/expertise-evenementielle\/\">Vid\u00e9oprojection Montpellier<\/a><\/li>\n<li><a href=\"https:\/\/www.videlio.com\/expertises\/expertise-evenementielle\/\">Location vid\u00e9oprojecteur Montpellier<\/a><\/li>\n<li><a href=\"https:\/\/www.videlio.com\/expertises\/expertise-evenementielle\/\">Streaming Montpellier<\/a><\/li>\n<li><a href=\"https:\/\/www.videlio.com\/expertises\/expertise-evenementielle\/\">Streaming live Montpellier<\/a><\/li>\n<li><a href=\"https:\/\/www.videlio.com\/expertises\/expertise-evenementielle\/\">Ev\u00e9nement streaming Montpellier<\/a><\/li>\n<li><a href=\"https:\/\/www.videlio.com\/expertises\/expertise-evenementielle\/\">Location studio Montpellier<\/a><\/li>\n<li><a href=\"https:\/\/www.videlio.com\/expertises\/expertise-evenementielle\/\">Captation vid\u00e9o Montpellier<\/a><\/li>\n<li><a href=\"https:\/\/www.videlio.com\/expertises\/expertise-evenementielle\/\">Hologramme Montpellier<\/a><\/li>\n<li><a href=\"https:\/\/www.videlio.com\/expertises\/expertise-evenementielle\/\">Live r\u00e9seaux sociaux Montpellier<\/a><\/li>\n<li><a href=\"https:\/\/www.videlio.com\/expertises\/expertise-evenementielle\/\">Projection architecturale Montpellier<\/a><\/li>\n<li><a href=\"https:\/\/www.videlio.com\/expertises\/expertise-evenementielle\/\">Location mat\u00e9riel son Montpellier<\/a><\/li>\n<li><a href=\"https:\/\/www.videlio.com\/expertises\/expertise-evenementielle\/\">Location \u00e9cran Montpellier<\/a><\/li>\n<li><a href=\"https:\/\/www.videlio.com\/expertises\/expertise-evenementielle\/\">Location mat\u00e9riel audiovisuel Montpellier<\/a><\/li>\n<li><a href=\"https:\/\/www.videlio.com\/expertises\/expertise-evenementielle\/\">Projection 360 Montpellier<\/a><\/li>\n<\/ul>\n<\/div><\/div><\/div><\/div><\/div><\/div><\/div><\/div><div class=\"vc_row wpb_row vc_inner vc_row-fluid\"><div class=\"wpb_column vc_column_container col-xs-mobile-fullwidth vc_col-sm-12 text-left sm-text-left\"><div class=\"vc_column-inner\"><div class=\"wpb_wrapper\">[vc_empty_space]<div class=\"text-block-content hongo-text-block-4 last-paragraph-no-margin\"><p>For all types of events: congresses, conventions, general meetings, festivals, speeches, product presentations, sports events, trade shows&#8230;<\/p>\n<\/div><\/div><\/div><\/div><\/div><\/div><\/div><\/div><\/section><div class=\"vc_row-full-width vc_clearfix\"><\/div><section data-vc-full-width=\"true\" data-vc-full-width-init=\"false\" data-vc-parallax-image=\"0.5\" class=\"vc_row wpb_row vc_row-fluid  vc_custom_1630942428956   vc_row-has-fill hongo-stretch-content hongo-stretch-row-container parallax\"><div class=\"wpb_column vc_column_container col-xs-mobile-fullwidth vc_col-sm-12\"><div class=\"vc_column-inner\"><div class=\"wpb_wrapper\"><div class=\"vc_row wpb_row vc_inner vc_row-fluid\"><div class=\"wpb_column vc_column_container col-xs-mobile-fullwidth vc_col-sm-4\"><div class=\"vc_column-inner\"><div class=\"wpb_wrapper\"><div class=\"text-block-content hongo-text-block-5 last-paragraph-no-margin\"><h2 style=\"text-align: left;\">Ready ?<\/h2>\n<\/div><div class=\"text-block-content hongo-text-block-6 vc_custom_1628087016669 last-paragraph-no-margin\"><h2 style=\"text-align: center; color: #ffffff;\"><strong>Discutons-en<\/strong><\/h2>\n<div id=\"gtx-trans\" style=\"position: absolute; left: 269px; top: 51.9062px;\">\n<div class=\"gtx-trans-icon\"><\/div>\n<\/div>\n<\/div><\/div><\/div><\/div><div class=\"wpb_column vc_column_container col-xs-mobile-fullwidth vc_col-sm-8\"><div class=\"vc_column-inner\"><div class=\"wpb_wrapper\">[vc_raw_html]JTNDaWZyYW1lJTIwc3JjJTNEJTIyaHR0cHMlM0ElMkYlMkZnby52aWRlbGlvLmNvbSUyRmwlMkY0OTMzODElMkYyMDIxLTA4LTA2JTJGNGtkMmpyJTIyJTIwd2lkdGglM0QlMjIxMDAlMjUlMjIlMjBoZWlnaHQlM0QlMjI1MDAlMjIlMjB0eXBlJTNEJTIydGV4dCUyRmh0bWwlMjIlMjBmcmFtZWJvcmRlciUzRCUyMjAlMjIlMjBhbGxvd1RyYW5zcGFyZW5jeSUzRCUyMnRydWUlMjIlMjBzdHlsZSUzRCUyMmJvcmRlciUzQSUyMDAlMjIlM0UlM0MlMkZpZnJhbWUlM0U=[\/vc_raw_html]<\/div><\/div><\/div><\/div>[vc_empty_space]<\/div><\/div><\/div><\/section><div class=\"vc_row-full-width vc_clearfix\"><\/div>\n<\/div>","protected":false},"excerpt":{"rendered":"[vc_empty_space height=\"64px\"]Audiovisual service provider and integrator in Montpellier [vc_empty_space]Tel. : 04 99 13 69 20[vc_empty_space height=\"20px\"]Ecoparc 305 Avenue de la Marjolaine 34130 Saint Aunes France [vc_empty_space]In the Occitanie region, the Videlio teams integrate, deploy and maintain audiovisual systems. Whether for companies, events, media, post-production, hotels, public organisations, schools, associations... Our teams are available for your different audiovisual projects in Montpellier and its surroundings: B\u00e9ziers, N\u00eemes or Perpignan [vc_empty_space]Itinerary[vc_empty_space]Videlio, audiovisual integrator for your company in Montpellier Int\u00e9gration de solution de collaboration Montpellier Installation solution visioconf\u00e9rence Montpellier Installation solution vid\u00e9oconf\u00e9rence Montpellier Solution visioconf\u00e9rence s\u00e9curis\u00e9e Montpellier Solution interop\u00e9rabilit\u00e9 Montpellier Equipement salle de r\u00e9union Montpellier Equipement visioconf\u00e9rence Montpellier Solution affichage dynamique Montpellier Equipement auditorium Montpellier Videlio, an event audiovisual service provider in Montpellier Ev\u00e9nements distanciels Montpellier Ev\u00e9nements hybrides Montpellier Prestation audiovisuel Montpellier Prestation vid\u00e9o Montpellier Prestation son Montpellier Prestation lumi\u00e8re Montpellier Studio mobile Montpellier Ev\u00e9nement studio r\u00e9alit\u00e9 augment\u00e9e Montpellier Location \u00e9cran LED Montpellier Location \u00e9cran g\u00e9ant Montpellier Ev\u00e9nement mapping Montpellier Vid\u00e9oprojection Montpellier Location vid\u00e9oprojecteur Montpellier Streaming Montpellier Streaming live Montpellier Ev\u00e9nement streaming Montpellier Location studio Montpellier Captation vid\u00e9o Montpellier Hologramme Montpellier Live r\u00e9seaux sociaux Montpellier Projection architecturale Montpellier Location mat\u00e9riel son Montpellier Location \u00e9cran Montpellier Location mat\u00e9riel audiovisuel Montpellier Projection 360 Montpellier [vc_empty_space]For all...","protected":false},"author":19,"featured_media":0,"parent":104287,"menu_order":0,"comment_status":"closed","ping_status":"closed","template":"","meta":{"_acf_changed":false,"footnotes":""},"class_list":["post-104434","page","type-page","status-publish","hentry"],"acf":[],"_links":{"self":[{"href":"https:\/\/www.videlio.com\/en\/wp-json\/wp\/v2\/pages\/104434","targetHints":{"allow":["GET"]}}],"collection":[{"href":"https:\/\/www.videlio.com\/en\/wp-json\/wp\/v2\/pages"}],"about":[{"href":"https:\/\/www.videlio.com\/en\/wp-json\/wp\/v2\/types\/page"}],"author":[{"embeddable":true,"href":"https:\/\/www.videlio.com\/en\/wp-json\/wp\/v2\/users\/19"}],"replies":[{"embeddable":true,"href":"https:\/\/www.videlio.com\/en\/wp-json\/wp\/v2\/comments?post=104434"}],"version-history":[{"count":0,"href":"https:\/\/www.videlio.com\/en\/wp-json\/wp\/v2\/pages\/104434\/revisions"}],"up":[{"embeddable":true,"href":"https:\/\/www.videlio.com\/en\/wp-json\/wp\/v2\/pages\/104287"}],"wp:attachment":[{"href":"https:\/\/www.videlio.com\/en\/wp-json\/wp\/v2\/media?parent=104434"}],"curies":[{"name":"wp","href":"https:\/\/api.w.org\/{rel}","templated":true}]}}