{"id":104333,"date":"2021-09-14T12:15:34","date_gmt":"2021-09-14T10:15:34","guid":{"rendered":"https:\/\/videlio2021.pacom1.com\/?page_id=104333"},"modified":"2021-09-14T17:25:43","modified_gmt":"2021-09-14T15:25:43","slug":"agences-grenoble","status":"publish","type":"page","link":"https:\/\/www.videlio.com\/en\/sites\/agences-grenoble\/","title":{"rendered":"Agencies &#8211; Grenoble"},"content":{"rendered":"<div class=\"wpb-content-wrapper\"><section data-vc-full-width=\"true\" data-vc-full-width-init=\"false\" data-vc-parallax-image=\"0.5\" class=\"vc_row wpb_row vc_row-fluid  vc_custom_1630960267188   hongo-row-min-height wow fadeIn vc_row-has-fill hongo-stretch-content hongo-stretch-row-container parallax\" style=\"min-height: 150px;\"><div class=\"wpb_column vc_column_container vc_col-has-fill col-xs-mobile-fullwidth vc_col-sm-12 text-center sm-text-center\"><div class=\"vc_column-inner bg-position-right-top vc_custom_1628072340050\"><div class=\"wpb_wrapper\"><div class=\"vc_row wpb_row vc_inner vc_row-fluid  vc_custom_1628516671995\"><div class=\"wpb_column vc_column_container col-xs-mobile-fullwidth vc_col-sm-4 text-left sm-text-left\"><div class=\"vc_column-inner\"><div class=\"wpb_wrapper\">[vc_empty_space]<div class=\"text-block-content hongo-text-block-1 last-paragraph-no-margin\"><h2 style=\"text-align: left;\">Audiovisual<br \/>\nservice provider<br \/>\nin <em>Grenoble<\/em><\/h2>\n<\/div>[vc_empty_space]<a href=\"tel:+33476424830\"  class=\"hongo-button-1 btn btn-base btn-round alt-font btn-large  hongo_button_1631616494565\"><i class=\"fas fa-phone-alt left-icon\" aria-hidden=\"true\"><\/i>T\u00e9l: +33 4 76 42 48 30<\/a>[vc_empty_space height=&#8221;20px&#8221;]<div class=\"text-block-content hongo-text-block-2 last-paragraph-no-margin\"><p><strong>Mini Parc des B\u00e9alieres<\/strong><br \/>\n<strong>19 Avenue du Granier<\/strong><br \/>\n<strong>38240 Meylan<\/strong><br \/>\n<strong>France<\/strong><\/p>\n<\/div>[vc_empty_space]<div class=\"text-block-content hongo-text-block-3 last-paragraph-no-margin\"><p>In the Auvergne-Rh\u00f4ne-Alpes region, the Videlio teams integrate, deploy and maintain audiovisual systems. Whether for companies, events, media, post-production, hotels, public organisations, schools, associations, etc.<\/p>\n<p>Our teams are available for your various audiovisual projects in Grenoble and its surroundings: Chamb\u00e9ry, Aix-les-Bains, Valence, etc.<\/p>\n<\/div><\/div><\/div><\/div><div class=\"wpb_column vc_column_container col-xs-mobile-fullwidth vc_col-sm-8 text-center sm-text-center\"><div class=\"vc_column-inner\"><div class=\"wpb_wrapper\"><div class=\"wpb_single_image    hongo-full-width-single-image\">\n\t\t\t<figure class=\"wpb_wrapper vc_figure\">\n\t\t\t\t<div class=\"vc_single_image-wrapper  \"><img decoding=\"async\" width=\"1200\" height=\"1200\" src=\"https:\/\/www.videlio.com\/wp-content\/uploads\/2021\/09\/VIDELIO_Carte-europe.png\" class=\"vc_single_image-img attachment-full\" alt=\"\" title=\"VIDELIO_Carte-europe\" srcset=\"https:\/\/www.videlio.com\/wp-content\/uploads\/2021\/09\/VIDELIO_Carte-europe.png 1200w, https:\/\/www.videlio.com\/wp-content\/uploads\/2021\/09\/VIDELIO_Carte-europe-300x300.png 300w, https:\/\/www.videlio.com\/wp-content\/uploads\/2021\/09\/VIDELIO_Carte-europe-1024x1024.png 1024w, https:\/\/www.videlio.com\/wp-content\/uploads\/2021\/09\/VIDELIO_Carte-europe-150x150.png 150w, https:\/\/www.videlio.com\/wp-content\/uploads\/2021\/09\/VIDELIO_Carte-europe-768x768.png 768w, https:\/\/www.videlio.com\/wp-content\/uploads\/2021\/09\/VIDELIO_Carte-europe-450x450.png 450w, https:\/\/www.videlio.com\/wp-content\/uploads\/2021\/09\/VIDELIO_Carte-europe-64x64.png 64w, https:\/\/www.videlio.com\/wp-content\/uploads\/2021\/09\/VIDELIO_Carte-europe-84x84.png 84w, https:\/\/www.videlio.com\/wp-content\/uploads\/2021\/09\/VIDELIO_Carte-europe-200x200.png 200w, https:\/\/www.videlio.com\/wp-content\/uploads\/2021\/09\/VIDELIO_Carte-europe-790x790.png 790w\" sizes=\"(max-width: 1200px) 100vw, 1200px\" \/><\/div>\n\t\t\t<\/figure>\n\t\t\t\n\t\t<\/div>[vc_empty_space]<a href=\"https:\/\/goo.gl\/maps\/zZRUURMBoGNYa5PT8\" target= \"_blank\" class=\"hongo-button-2 btn btn-base btn-round alt-font btn-medium\">Itin\u00e9raire<\/a>[vc_empty_space]<\/div><\/div><\/div><\/div><\/div><\/div><\/div><\/section><div class=\"vc_row-full-width vc_clearfix\"><\/div><section data-vc-full-width=\"true\" data-vc-full-width-init=\"false\" data-vc-parallax-image=\"0.5\" class=\"vc_row wpb_row vc_row-fluid  vc_custom_1630945741723   hongo-row-min-height wow fadeIn vc_row-has-fill hongo-stretch-content hongo-stretch-row-container parallax\" style=\"min-height: 150px;\"><div class=\"wpb_column vc_column_container vc_col-has-fill col-xs-mobile-fullwidth vc_col-sm-12 text-center sm-text-center\"><div class=\"vc_column-inner bg-position-right-top vc_custom_1628072340050\"><div class=\"wpb_wrapper\"><div class=\"vc_row wpb_row vc_inner vc_row-fluid  vc_custom_1630945588391 vc_row-has-fill bg-position-right-center\"><div class=\"wpb_column vc_column_container col-xs-mobile-fullwidth vc_col-sm-6 text-left sm-text-left\"><div class=\"vc_column-inner vc_custom_1628087933417\"><div class=\"wpb_wrapper\"><div id=\"accordion-style-1-1\" class=\"panel-group accordion-style-1 accordion-style-1-1\"><div class=\"panel\"><div class=\"panel-heading\"><a data-toggle=\"collapse\" data-parent=\"#accordion-style-1-1\" href=\"#accordion-one-link-2\"><div class=\"panel-title hongo_font_1630960302692 alt-font\">Videlio, int\u00e9grateur audiovisuel pour votre entreprise \u00e0 Grenoble<span class=\"pull-right\"><i class=\"ti-arrow-circle-down\"><\/i><\/span><\/div><\/a><\/div><div id=\"accordion-one-link-2\" class=\"panel-collapse collapse\"><div class=\"panel-body hongo_font_1630960302693\"><ul>\n<li><a href=\"https:\/\/www.videlio.com\/expertises\/collaboration-globale\/\">Int\u00e9gration de solution de collaboration Grenoble<\/a><\/li>\n<li><a href=\"https:\/\/www.videlio.com\/expertises\/collaboration-globale\/\">Installation solution visioconf\u00e9rence Grenoble<\/a><\/li>\n<li><a href=\"https:\/\/www.videlio.com\/expertises\/collaboration-globale\/\">Installation solution vid\u00e9oconf\u00e9rence Grenoble<\/a><\/li>\n<li><a href=\"https:\/\/www.videlio.com\/expertises\/collaboration-globale\/\">Solution visioconf\u00e9rence s\u00e9curis\u00e9e Grenoble<\/a><\/li>\n<li><a href=\"https:\/\/www.videlio.com\/expertises\/collaboration-globale\/\">Solution interop\u00e9rabilit\u00e9 Grenoble<\/a><\/li>\n<li><a href=\"https:\/\/www.videlio.com\/expertises\/collaboration-globale\/\">Equipement salle de r\u00e9union Grenoble<\/a><\/li>\n<li><a href=\"https:\/\/www.videlio.com\/expertises\/collaboration-globale\/\">Equipement visioconf\u00e9rence Grenoble<\/a><\/li>\n<li><a href=\"https:\/\/www.videlio.com\/expertises\/integration-audiovisuelle\/\">Solution affichage dynamique Grenoble<\/a><\/li>\n<li><a href=\"https:\/\/www.videlio.com\/expertises\/collaboration-globale\/\">Equipement auditorium Grenoble<\/a><\/li>\n<\/ul>\n<\/div><\/div><\/div><\/div><\/div><\/div><\/div><div class=\"wpb_column vc_column_container col-xs-mobile-fullwidth vc_col-sm-6 text-left\"><div class=\"vc_column-inner vc_custom_1630945364820\"><div class=\"wpb_wrapper\"><div id=\"accordion-style-1-2\" class=\"panel-group accordion-style-1 accordion-style-1-2\"><div class=\"panel\"><div class=\"panel-heading\"><a data-toggle=\"collapse\" data-parent=\"#accordion-style-1-2\" href=\"#accordion-one-link-4\"><div class=\"panel-title hongo_font_1630960357126 alt-font\">Videlio, un prestataire audiovisuel \u00e9v\u00e9nementiel \u00e0 Grenoble<span class=\"pull-right\"><i class=\"ti-arrow-circle-down\"><\/i><\/span><\/div><\/a><\/div><div id=\"accordion-one-link-4\" class=\"panel-collapse collapse\"><div class=\"panel-body hongo_font_1630960357126\"><ul>\n<li><a href=\"https:\/\/www.videlio.com\/expertises\/expertise-evenementielle\/\">Ev\u00e9nements distanciels Grenoble<\/a><\/li>\n<li><a href=\"https:\/\/www.videlio.com\/expertises\/expertise-evenementielle\/\">Ev\u00e9nements hybrides Grenoble<\/a><\/li>\n<li><a href=\"https:\/\/www.videlio.com\/expertises\/expertise-evenementielle\/\">Prestation audiovisuel Grenoble<\/a><\/li>\n<li><a href=\"https:\/\/www.videlio.com\/expertises\/expertise-evenementielle\/\">Prestation vid\u00e9o Grenoble<\/a><\/li>\n<li><a href=\"https:\/\/www.videlio.com\/expertises\/expertise-evenementielle\/\">Prestation son Grenoble<\/a><\/li>\n<li><a href=\"https:\/\/www.videlio.com\/expertises\/expertise-evenementielle\/\">Prestation lumi\u00e8re Grenoble<\/a><\/li>\n<li><a href=\"https:\/\/www.videlio.com\/expertises\/expertise-evenementielle\/\">Studio mobile Grenoble<\/a><\/li>\n<li><a href=\"https:\/\/www.videlio.com\/expertises\/expertise-evenementielle\/\">Ev\u00e9nement studio r\u00e9alit\u00e9 augment\u00e9e Grenoble<\/a><\/li>\n<li><a href=\"https:\/\/www.videlio.com\/expertises\/expertise-evenementielle\/\">Location \u00e9cran LED Grenoble<\/a><\/li>\n<li><a href=\"https:\/\/www.videlio.com\/expertises\/expertise-evenementielle\/\">Location \u00e9cran g\u00e9ant Grenoble<\/a><\/li>\n<li><a href=\"https:\/\/www.videlio.com\/expertises\/expertise-evenementielle\/\">Ev\u00e9nement mapping Grenoble<\/a><\/li>\n<li><a href=\"https:\/\/www.videlio.com\/expertises\/expertise-evenementielle\/\">Vid\u00e9oprojection Grenoble<\/a><\/li>\n<li><a href=\"https:\/\/www.videlio.com\/expertises\/expertise-evenementielle\/\">Location vid\u00e9oprojecteur Grenoble<\/a><\/li>\n<li><a href=\"https:\/\/www.videlio.com\/expertises\/expertise-evenementielle\/\">Streaming Grenoble<\/a><\/li>\n<li><a href=\"https:\/\/www.videlio.com\/expertises\/expertise-evenementielle\/\">Streaming live Grenoble<\/a><\/li>\n<li><a href=\"https:\/\/www.videlio.com\/expertises\/expertise-evenementielle\/\">Ev\u00e9nement streaming Grenoble<\/a><\/li>\n<li><a href=\"https:\/\/www.videlio.com\/expertises\/expertise-evenementielle\/\">Location studio Grenoble<\/a><\/li>\n<li><a href=\"https:\/\/www.videlio.com\/expertises\/expertise-evenementielle\/\">Captation vid\u00e9o Grenoble<\/a><\/li>\n<li><a href=\"https:\/\/www.videlio.com\/expertises\/expertise-evenementielle\/\">Hologramme Grenoble<\/a><\/li>\n<li><a href=\"https:\/\/www.videlio.com\/expertises\/expertise-evenementielle\/\">Live r\u00e9seaux sociaux Grenoble<\/a><\/li>\n<li><a href=\"https:\/\/www.videlio.com\/expertises\/expertise-evenementielle\/\">Projection architecturale Grenoble<\/a><\/li>\n<li><a href=\"https:\/\/www.videlio.com\/expertises\/expertise-evenementielle\/\">Location mat\u00e9riel son Grenoble<\/a><\/li>\n<li><a href=\"https:\/\/www.videlio.com\/expertises\/expertise-evenementielle\/\">Location \u00e9cran Grenoble<\/a><\/li>\n<li><a href=\"https:\/\/www.videlio.com\/expertises\/expertise-evenementielle\/\">Location mat\u00e9riel audiovisuel Grenoble<\/a><\/li>\n<li><a href=\"https:\/\/www.videlio.com\/expertises\/expertise-evenementielle\/\">Projection 360 Grenoble<\/a><\/li>\n<\/ul>\n<\/div><\/div><\/div><\/div><\/div><\/div><\/div><\/div><div class=\"vc_row wpb_row vc_inner vc_row-fluid\"><div class=\"wpb_column vc_column_container col-xs-mobile-fullwidth vc_col-sm-12 text-left sm-text-left\"><div class=\"vc_column-inner\"><div class=\"wpb_wrapper\">[vc_empty_space]<div class=\"text-block-content hongo-text-block-4 last-paragraph-no-margin\"><p>For all types of events: congresses, conventions, general meetings, festivals, speeches, product presentations, sports events, trade shows, etc.<\/p>\n<\/div><\/div><\/div><\/div><\/div><\/div><\/div><\/div><\/section><div class=\"vc_row-full-width vc_clearfix\"><\/div><section data-vc-full-width=\"true\" data-vc-full-width-init=\"false\" data-vc-parallax-image=\"0.5\" class=\"vc_row wpb_row vc_row-fluid  vc_custom_1630942428956   vc_row-has-fill hongo-stretch-content hongo-stretch-row-container parallax\"><div class=\"wpb_column vc_column_container col-xs-mobile-fullwidth vc_col-sm-12\"><div class=\"vc_column-inner\"><div class=\"wpb_wrapper\"><div class=\"vc_row wpb_row vc_inner vc_row-fluid\"><div class=\"wpb_column vc_column_container col-xs-mobile-fullwidth vc_col-sm-4\"><div class=\"vc_column-inner\"><div class=\"wpb_wrapper\"><div class=\"text-block-content hongo-text-block-5 last-paragraph-no-margin\"><h2>Ready to take the<br \/>\nthe step?<\/h2>\n<\/div><div class=\"text-block-content hongo-text-block-6 vc_custom_1631633138720 last-paragraph-no-margin\"><h2 style=\"text-align: center; color: #ffffff;\"><strong>Let&#8217;s talk about it<\/strong><\/h2>\n<div id=\"gtx-trans\" style=\"position: absolute; left: 269px; top: 51.9062px;\">\n<div class=\"gtx-trans-icon\"><\/div>\n<\/div>\n<\/div><\/div><\/div><\/div><div class=\"wpb_column vc_column_container col-xs-mobile-fullwidth vc_col-sm-8\"><div class=\"vc_column-inner\"><div class=\"wpb_wrapper\">[vc_raw_html]JTNDaWZyYW1lJTIwc3JjJTNEJTIyaHR0cHMlM0ElMkYlMkZnby52aWRlbGlvLmNvbSUyRmwlMkY0OTMzODElMkYyMDIxLTA4LTA2JTJGNGtkMmpyJTIyJTIwd2lkdGglM0QlMjIxMDAlMjUlMjIlMjBoZWlnaHQlM0QlMjI1MDAlMjIlMjB0eXBlJTNEJTIydGV4dCUyRmh0bWwlMjIlMjBmcmFtZWJvcmRlciUzRCUyMjAlMjIlMjBhbGxvd1RyYW5zcGFyZW5jeSUzRCUyMnRydWUlMjIlMjBzdHlsZSUzRCUyMmJvcmRlciUzQSUyMDAlMjIlM0UlM0MlMkZpZnJhbWUlM0U=[\/vc_raw_html]<\/div><\/div><\/div><\/div>[vc_empty_space]<\/div><\/div><\/div><\/section><div class=\"vc_row-full-width vc_clearfix\"><\/div>\n<\/div>","protected":false},"excerpt":{"rendered":"[vc_empty_space]Audiovisual service provider in Grenoble [vc_empty_space]T\u00e9l: +33 4 76 42 48 30[vc_empty_space height=\"20px\"]Mini Parc des B\u00e9alieres 19 Avenue du Granier 38240 Meylan France [vc_empty_space]In the Auvergne-Rh\u00f4ne-Alpes region, the Videlio teams integrate, deploy and maintain audiovisual systems. Whether for companies, events, media, post-production, hotels, public organisations, schools, associations, etc. Our teams are available for your various audiovisual projects in Grenoble and its surroundings: Chamb\u00e9ry, Aix-les-Bains, Valence, etc. [vc_empty_space]Itin\u00e9raire[vc_empty_space]Videlio, int\u00e9grateur audiovisuel pour votre entreprise \u00e0 Grenoble Int\u00e9gration de solution de collaboration Grenoble Installation solution visioconf\u00e9rence Grenoble Installation solution vid\u00e9oconf\u00e9rence Grenoble Solution visioconf\u00e9rence s\u00e9curis\u00e9e Grenoble Solution interop\u00e9rabilit\u00e9 Grenoble Equipement salle de r\u00e9union Grenoble Equipement visioconf\u00e9rence Grenoble Solution affichage dynamique Grenoble Equipement auditorium Grenoble Videlio, un prestataire audiovisuel \u00e9v\u00e9nementiel \u00e0 Grenoble Ev\u00e9nements distanciels Grenoble Ev\u00e9nements hybrides Grenoble Prestation audiovisuel Grenoble Prestation vid\u00e9o Grenoble Prestation son Grenoble Prestation lumi\u00e8re Grenoble Studio mobile Grenoble Ev\u00e9nement studio r\u00e9alit\u00e9 augment\u00e9e Grenoble Location \u00e9cran LED Grenoble Location \u00e9cran g\u00e9ant Grenoble Ev\u00e9nement mapping Grenoble Vid\u00e9oprojection Grenoble Location vid\u00e9oprojecteur Grenoble Streaming Grenoble Streaming live Grenoble Ev\u00e9nement streaming Grenoble Location studio Grenoble Captation vid\u00e9o Grenoble Hologramme Grenoble Live r\u00e9seaux sociaux Grenoble Projection architecturale Grenoble Location mat\u00e9riel son Grenoble Location \u00e9cran Grenoble Location mat\u00e9riel audiovisuel Grenoble Projection 360 Grenoble [vc_empty_space]For all types of...","protected":false},"author":19,"featured_media":0,"parent":104287,"menu_order":0,"comment_status":"closed","ping_status":"closed","template":"","meta":{"_acf_changed":false,"footnotes":""},"class_list":["post-104333","page","type-page","status-publish","hentry"],"acf":[],"_links":{"self":[{"href":"https:\/\/www.videlio.com\/en\/wp-json\/wp\/v2\/pages\/104333","targetHints":{"allow":["GET"]}}],"collection":[{"href":"https:\/\/www.videlio.com\/en\/wp-json\/wp\/v2\/pages"}],"about":[{"href":"https:\/\/www.videlio.com\/en\/wp-json\/wp\/v2\/types\/page"}],"author":[{"embeddable":true,"href":"https:\/\/www.videlio.com\/en\/wp-json\/wp\/v2\/users\/19"}],"replies":[{"embeddable":true,"href":"https:\/\/www.videlio.com\/en\/wp-json\/wp\/v2\/comments?post=104333"}],"version-history":[{"count":0,"href":"https:\/\/www.videlio.com\/en\/wp-json\/wp\/v2\/pages\/104333\/revisions"}],"up":[{"embeddable":true,"href":"https:\/\/www.videlio.com\/en\/wp-json\/wp\/v2\/pages\/104287"}],"wp:attachment":[{"href":"https:\/\/www.videlio.com\/en\/wp-json\/wp\/v2\/media?parent=104333"}],"curies":[{"name":"wp","href":"https:\/\/api.w.org\/{rel}","templated":true}]}}