{"id":104330,"date":"2021-09-14T12:10:15","date_gmt":"2021-09-14T10:10:15","guid":{"rendered":"https:\/\/videlio2021.pacom1.com\/?page_id=104330"},"modified":"2022-05-03T16:19:13","modified_gmt":"2022-05-03T14:19:13","slug":"agences-clermont-ferrand","status":"publish","type":"page","link":"https:\/\/www.videlio.com\/en\/sites\/agences-clermont-ferrand\/","title":{"rendered":"Agencies &#8211; Clermont-Ferrand"},"content":{"rendered":"<div class=\"wpb-content-wrapper\"><section data-vc-full-width=\"true\" data-vc-full-width-init=\"false\" data-vc-parallax-image=\"0.5\" class=\"vc_row wpb_row vc_row-fluid  vc_custom_1628761851631   hongo-row-min-height wow fadeIn vc_row-has-fill hongo-stretch-content hongo-stretch-row-container parallax\" style=\"min-height: 150px;\"><div class=\"wpb_column vc_column_container vc_col-has-fill col-xs-mobile-fullwidth vc_col-sm-12 text-center sm-text-center\"><div class=\"vc_column-inner bg-position-right-top vc_custom_1628072340050\"><div class=\"wpb_wrapper\"><div class=\"vc_row wpb_row vc_inner vc_row-fluid  vc_custom_1628516671995\"><div class=\"wpb_column vc_column_container col-xs-mobile-fullwidth vc_col-sm-4 text-left sm-text-left\"><div class=\"vc_column-inner\"><div class=\"wpb_wrapper\">[vc_empty_space]<div class=\"text-block-content hongo-text-block-1 last-paragraph-no-margin\"><h2 style=\"text-align: left;\">Audiovisual<br \/>\nservice provider<br \/>\nin <em>Clermont-Ferrand<\/em><\/h2>\n<\/div>[vc_empty_space]<a href=\"tel:+33473162370\"  class=\"hongo-button-1 btn btn-base btn-round alt-font btn-large  hongo_button_1631616428449\"><i class=\"fas fa-phone-alt left-icon\" aria-hidden=\"true\"><\/i>T\u00e9l: +33 4 73 16 23 70<\/a>[vc_empty_space height=&#8221;20px&#8221;]<div class=\"text-block-content hongo-text-block-2 last-paragraph-no-margin\"><p><strong>7 rue Enrico Fermi<\/strong><br \/>\n<strong>ZAC du Cheix<\/strong><br \/>\n<strong>63540 Romagnat<\/strong><br \/>\n<strong>France<\/strong><\/p>\n<\/div>[vc_empty_space]<div class=\"text-block-content hongo-text-block-3 last-paragraph-no-margin\"><p>In the Auvergne-Rh\u00f4ne-Alpes region, the Videlio teams integrate, deploy and maintain audiovisual systems. Whether for companies, events, media, post-production, hotels, public organisations, schools, associations, etc.<\/p>\n<p>Our teams are available for your various audiovisual projects in Clermont-Ferrand and the surrounding area: Thiers, Issoire, Riom, Vichy, Feurs, Moulin, Montlu\u00e7on.<\/p>\n<\/div><\/div><\/div><\/div><div class=\"wpb_column vc_column_container col-xs-mobile-fullwidth vc_col-sm-8 text-center sm-text-center\"><div class=\"vc_column-inner\"><div class=\"wpb_wrapper\"><div class=\"wpb_single_image    hongo-full-width-single-image\">\n\t\t\t<figure class=\"wpb_wrapper vc_figure\">\n\t\t\t\t<div class=\"vc_single_image-wrapper  \"><img decoding=\"async\" width=\"1200\" height=\"1200\" src=\"https:\/\/www.videlio.com\/wp-content\/uploads\/2021\/09\/VIDELIO_Carte-europe.png\" class=\"vc_single_image-img attachment-full\" alt=\"\" title=\"VIDELIO_Carte-europe\" srcset=\"https:\/\/www.videlio.com\/wp-content\/uploads\/2021\/09\/VIDELIO_Carte-europe.png 1200w, https:\/\/www.videlio.com\/wp-content\/uploads\/2021\/09\/VIDELIO_Carte-europe-300x300.png 300w, https:\/\/www.videlio.com\/wp-content\/uploads\/2021\/09\/VIDELIO_Carte-europe-1024x1024.png 1024w, https:\/\/www.videlio.com\/wp-content\/uploads\/2021\/09\/VIDELIO_Carte-europe-150x150.png 150w, https:\/\/www.videlio.com\/wp-content\/uploads\/2021\/09\/VIDELIO_Carte-europe-768x768.png 768w, https:\/\/www.videlio.com\/wp-content\/uploads\/2021\/09\/VIDELIO_Carte-europe-450x450.png 450w, https:\/\/www.videlio.com\/wp-content\/uploads\/2021\/09\/VIDELIO_Carte-europe-64x64.png 64w, https:\/\/www.videlio.com\/wp-content\/uploads\/2021\/09\/VIDELIO_Carte-europe-84x84.png 84w, https:\/\/www.videlio.com\/wp-content\/uploads\/2021\/09\/VIDELIO_Carte-europe-200x200.png 200w, https:\/\/www.videlio.com\/wp-content\/uploads\/2021\/09\/VIDELIO_Carte-europe-790x790.png 790w\" sizes=\"(max-width: 1200px) 100vw, 1200px\" \/><\/div>\n\t\t\t<\/figure>\n\t\t\t\n\t\t<\/div>[vc_empty_space]<a href=\"https:\/\/goo.gl\/maps\/W7eBh7cfbKNGRT1N6\" target= \"_blank\" class=\"hongo-button-2 btn btn-base btn-round alt-font btn-medium\">Itinerary<\/a>[vc_empty_space]<\/div><\/div><\/div><\/div><div class=\"vc_row wpb_row vc_inner vc_row-fluid  vc_custom_1628087813495 vc_row-has-fill bg-position-right-center\"><div class=\"wpb_column vc_column_container col-xs-mobile-fullwidth vc_col-sm-6 text-left sm-text-left\"><div class=\"vc_column-inner vc_custom_1628087933417\"><div class=\"wpb_wrapper\"><div id=\"accordion-style-1-1\" class=\"panel-group accordion-style-1 accordion-style-1-1\"><div class=\"panel\"><div class=\"panel-heading\"><a data-toggle=\"collapse\" data-parent=\"#accordion-style-1-1\" href=\"#accordion-one-link-2\"><div class=\"panel-title hongo_font_1630943390096 alt-font\">Videlio, int\u00e9grateur audiovisuel pour votre entreprise \u00e0 Besan\u00e7on<span class=\"pull-right\"><i class=\"ti-arrow-circle-down\"><\/i><\/span><\/div><\/a><\/div><div id=\"accordion-one-link-2\" class=\"panel-collapse collapse\"><div class=\"panel-body hongo_font_1630943390097\"><ul>\n<li><a href=\"#\">Int\u00e9gration de solution de collaboration Bordeaux <\/a><\/li>\n<li><a href=\"#\">Installation solution visioconf\u00e9rence Bordeaux <\/a><\/li>\n<li><a href=\"#\">Installation solution vid\u00e9oconf\u00e9rence Bordeaux <\/a><\/li>\n<li><a href=\"#\">Solution visioconf\u00e9rence s\u00e9curis\u00e9e Bordeaux <\/a><\/li>\n<li><a href=\"#\">Solution interop\u00e9rabilit\u00e9 Bordeaux <\/a><\/li>\n<li><a href=\"#\">Equipement salle de r\u00e9union Bordeaux  <\/a><\/li>\n<li><a href=\"#\">Equipement visioconf\u00e9rence Bordeaux <\/a><\/li>\n<li><a href=\"#\">Solution affichage dynamique Bordeaux <\/a><\/li>\n<li><a href=\"#\">Equipement auditorium Bordeaux <\/a><\/li>\n<\/li>\n<\/ul>\n<\/div><\/div><\/div><\/div><\/div><\/div><\/div><div class=\"wpb_column vc_column_container col-xs-mobile-fullwidth vc_col-sm-6 text-right\"><div class=\"vc_column-inner vc_custom_1628507180784\"><div class=\"wpb_wrapper\"><div id=\"accordion-style-1-2\" class=\"panel-group accordion-style-1 accordion-style-1-2\"><div class=\"panel\"><div class=\"panel-heading\"><a data-toggle=\"collapse\" data-parent=\"#accordion-style-1-2\" href=\"#accordion-one-link-4\"><div class=\"panel-title hongo_font_1630943455758 alt-font\">Videlio, un prestataire audiovisuel \u00e9v\u00e9nementiel \u00e0 Besan\u00e7on <span class=\"pull-right\"><i class=\"ti-arrow-circle-down\"><\/i><\/span><\/div><\/a><\/div><div id=\"accordion-one-link-4\" class=\"panel-collapse collapse\"><div class=\"panel-body hongo_font_1630943455758\"><ul>\n<li><a href=\"#\">Ev\u00e9nements distanciels Bordeaux<\/a><\/li>\n<li><a href=\"#\">Ev\u00e9nements hybrides Bordeaux<\/a><\/li>\n<li><a href=\"#\">Prestation audiovisuel Bordeaux<\/a><\/li>\n<li><a href=\"#\">Prestation vid\u00e9o Bordeaux<\/a><\/li>\n<li><a href=\"#\">Prestation son Bordeaux<\/a><\/li>\n<li><a href=\"#\">Prestation lumi\u00e8re Bordeaux<\/a><\/li>\n<li><a href=\"#\">Studio mobile Bordeaux<\/a><\/li>\n<li><a href=\"#\">Ev\u00e9nement studio r\u00e9alit\u00e9 augment\u00e9e Bordeaux<\/a><\/li>\n<li><a href=\"#\">Location \u00e9cran LED Bordeaux<\/a><\/li>\n<li><a href=\"#\">Location \u00e9cran g\u00e9ant Bordeaux<\/a><\/li>\n<li><a href=\"#\">Ev\u00e9nement mapping Bordeaux<\/a><\/li>\n<li><a href=\"#\">Vid\u00e9oprojection Bordeaux<\/a><\/li>\n<li><a href=\"#\">Location vid\u00e9oprojecteur Bordeaux<\/a><\/li>\n<li><a href=\"#\">Streaming Bordeaux<\/a><\/li>\n<li><a href=\"#\">Streaming live Bordeaux<\/a><\/li>\n<li><a href=\"#\">Ev\u00e9nement streaming Bordeaux<\/a><\/li>\n<li><a href=\"#\">Location studio Bordeaux<\/a><\/li>\n<li><a href=\"#\">Captation vid\u00e9o Bordeaux<\/a><\/li>\n<li><a href=\"#\">Hologramme Bordeaux<\/a><\/li>\n<li><a href=\"#\">Live r\u00e9seaux sociaux Bordeaux<\/a><\/li>\n<li><a href=\"#\">Projection architecturale Bordeaux<\/a><\/li>\n<li><a href=\"#\">Location mat\u00e9riel son Bordeaux<\/a><\/li>\n<li><a href=\"#\">Location \u00e9cran Bordeaux<\/a><\/li>\n<li><a href=\"#\">Location mat\u00e9riel audiovisuel Bordeaux<\/a><\/li>\n<li><a href=\"#\">Projection 360 Bordeaux<\/a><\/li>\n<\/ul>\n<\/div><\/div><\/div><\/div><\/div><\/div><\/div><\/div><div class=\"vc_row wpb_row vc_inner vc_row-fluid\"><div class=\"wpb_column vc_column_container col-xs-mobile-fullwidth vc_col-sm-12 text-left sm-text-left\"><div class=\"vc_column-inner\"><div class=\"wpb_wrapper\">[vc_empty_space]<div class=\"text-block-content hongo-text-block-4 last-paragraph-no-margin\"><p>For all types of events: congresses, conventions, general meetings, festivals, speeches, product presentations, sports events, trade shows, etc.<\/p>\n<\/div><\/div><\/div><\/div><\/div><div class=\"vc_row wpb_row vc_inner vc_row-fluid  vc_custom_1630942419964 vc_row-has-fill bg-position-right-center\"><div class=\"wpb_column vc_column_container col-xs-mobile-fullwidth vc_col-sm-12 text-left sm-text-left\"><div class=\"vc_column-inner vc_custom_1628087933417\"><div class=\"wpb_wrapper\"><div class=\"wpb_single_image    hongo-full-width-single-image\">\n\t\t\t<figure class=\"wpb_wrapper vc_figure\">\n\t\t\t\t<div class=\"vc_single_image-wrapper  \"><img decoding=\"async\" width=\"4245\" height=\"1585\" src=\"https:\/\/www.videlio.com\/wp-content\/uploads\/2021\/09\/VIDELIO_Carte-monde.png\" class=\"vc_single_image-img attachment-full\" alt=\"\" title=\"VIDELIO_Carte-monde\" srcset=\"https:\/\/www.videlio.com\/wp-content\/uploads\/2021\/09\/VIDELIO_Carte-monde.png 4245w, https:\/\/www.videlio.com\/wp-content\/uploads\/2021\/09\/VIDELIO_Carte-monde-300x112.png 300w, https:\/\/www.videlio.com\/wp-content\/uploads\/2021\/09\/VIDELIO_Carte-monde-1024x382.png 1024w, https:\/\/www.videlio.com\/wp-content\/uploads\/2021\/09\/VIDELIO_Carte-monde-768x287.png 768w, https:\/\/www.videlio.com\/wp-content\/uploads\/2021\/09\/VIDELIO_Carte-monde-1536x574.png 1536w, https:\/\/www.videlio.com\/wp-content\/uploads\/2021\/09\/VIDELIO_Carte-monde-2048x765.png 2048w, https:\/\/www.videlio.com\/wp-content\/uploads\/2021\/09\/VIDELIO_Carte-monde-84x31.png 84w, https:\/\/www.videlio.com\/wp-content\/uploads\/2021\/09\/VIDELIO_Carte-monde-200x75.png 200w, https:\/\/www.videlio.com\/wp-content\/uploads\/2021\/09\/VIDELIO_Carte-monde-450x168.png 450w, https:\/\/www.videlio.com\/wp-content\/uploads\/2021\/09\/VIDELIO_Carte-monde-1200x448.png 1200w\" sizes=\"(max-width: 4245px) 100vw, 4245px\" \/><\/div>\n\t\t\t<\/figure>\n\t\t\t\n\t\t<\/div><\/div><\/div><\/div><\/div><\/div><\/div><\/div><\/section><div class=\"vc_row-full-width vc_clearfix\"><\/div><section data-vc-full-width=\"true\" data-vc-full-width-init=\"false\" data-vc-parallax-image=\"0.5\" class=\"vc_row wpb_row vc_row-fluid  vc_custom_1630942428956   vc_row-has-fill hongo-stretch-content hongo-stretch-row-container parallax\"><div class=\"wpb_column vc_column_container col-xs-mobile-fullwidth vc_col-sm-12\"><div class=\"vc_column-inner\"><div class=\"wpb_wrapper\"><div class=\"vc_row wpb_row vc_inner vc_row-fluid\"><div class=\"wpb_column vc_column_container col-xs-mobile-fullwidth vc_col-sm-4\"><div class=\"vc_column-inner\"><div class=\"wpb_wrapper\"><div class=\"text-block-content hongo-text-block-5 last-paragraph-no-margin\"><h2>Ready to take<br \/>\nthe step?<\/h2>\n<\/div><div class=\"text-block-content hongo-text-block-6 vc_custom_1631633096506 last-paragraph-no-margin\"><h2 style=\"text-align: center; color: #ffffff;\"><strong>Let&#8217;s talk about it<\/strong><\/h2>\n<div id=\"gtx-trans\" style=\"position: absolute; left: 269px; top: 51.9062px;\">\n<div class=\"gtx-trans-icon\"><\/div>\n<\/div>\n<\/div><\/div><\/div><\/div><div class=\"wpb_column vc_column_container col-xs-mobile-fullwidth vc_col-sm-8\"><div class=\"vc_column-inner\"><div class=\"wpb_wrapper\">[vc_raw_html]JTNDaWZyYW1lJTIwc3JjJTNEJTIyaHR0cHMlM0ElMkYlMkZnby52aWRlbGlvLmNvbSUyRmwlMkY0OTMzODElMkYyMDIxLTA4LTA2JTJGNGtkMmpyJTIyJTIwd2lkdGglM0QlMjIxMDAlMjUlMjIlMjBoZWlnaHQlM0QlMjI1MDAlMjIlMjB0eXBlJTNEJTIydGV4dCUyRmh0bWwlMjIlMjBmcmFtZWJvcmRlciUzRCUyMjAlMjIlMjBhbGxvd1RyYW5zcGFyZW5jeSUzRCUyMnRydWUlMjIlMjBzdHlsZSUzRCUyMmJvcmRlciUzQSUyMDAlMjIlM0UlM0MlMkZpZnJhbWUlM0U=[\/vc_raw_html]<\/div><\/div><\/div><\/div>[vc_empty_space]<\/div><\/div><\/div><\/section><div class=\"vc_row-full-width vc_clearfix\"><\/div>\n<\/div>","protected":false},"excerpt":{"rendered":"[vc_empty_space]Audiovisual service provider in Clermont-Ferrand [vc_empty_space]T\u00e9l: +33 4 73 16 23 70[vc_empty_space height=\"20px\"]7 rue Enrico Fermi ZAC du Cheix 63540 Romagnat France [vc_empty_space]In the Auvergne-Rh\u00f4ne-Alpes region, the Videlio teams integrate, deploy and maintain audiovisual systems. Whether for companies, events, media, post-production, hotels, public organisations, schools, associations, etc. Our teams are available for your various audiovisual projects in Clermont-Ferrand and the surrounding area: Thiers, Issoire, Riom, Vichy, Feurs, Moulin, Montlu\u00e7on. [vc_empty_space]Itinerary[vc_empty_space]Videlio, int\u00e9grateur audiovisuel pour votre entreprise \u00e0 Besan\u00e7on Int\u00e9gration de solution de collaboration Bordeaux Installation solution visioconf\u00e9rence Bordeaux Installation solution vid\u00e9oconf\u00e9rence Bordeaux Solution visioconf\u00e9rence s\u00e9curis\u00e9e Bordeaux Solution interop\u00e9rabilit\u00e9 Bordeaux Equipement salle de r\u00e9union Bordeaux Equipement visioconf\u00e9rence Bordeaux Solution affichage dynamique Bordeaux Equipement auditorium Bordeaux Videlio, un prestataire audiovisuel \u00e9v\u00e9nementiel \u00e0 Besan\u00e7on Ev\u00e9nements distanciels Bordeaux Ev\u00e9nements hybrides Bordeaux Prestation audiovisuel Bordeaux Prestation vid\u00e9o Bordeaux Prestation son Bordeaux Prestation lumi\u00e8re Bordeaux Studio mobile Bordeaux Ev\u00e9nement studio r\u00e9alit\u00e9 augment\u00e9e Bordeaux Location \u00e9cran LED Bordeaux Location \u00e9cran g\u00e9ant Bordeaux Ev\u00e9nement mapping Bordeaux Vid\u00e9oprojection Bordeaux Location vid\u00e9oprojecteur Bordeaux Streaming Bordeaux Streaming live Bordeaux Ev\u00e9nement streaming Bordeaux Location studio Bordeaux Captation vid\u00e9o Bordeaux Hologramme Bordeaux Live r\u00e9seaux sociaux Bordeaux Projection architecturale Bordeaux Location mat\u00e9riel son Bordeaux Location \u00e9cran Bordeaux Location mat\u00e9riel audiovisuel Bordeaux Projection 360 Bordeaux [vc_empty_space]For...","protected":false},"author":19,"featured_media":0,"parent":104287,"menu_order":0,"comment_status":"closed","ping_status":"closed","template":"","meta":{"_acf_changed":false,"footnotes":""},"class_list":["post-104330","page","type-page","status-publish","hentry"],"acf":[],"_links":{"self":[{"href":"https:\/\/www.videlio.com\/en\/wp-json\/wp\/v2\/pages\/104330","targetHints":{"allow":["GET"]}}],"collection":[{"href":"https:\/\/www.videlio.com\/en\/wp-json\/wp\/v2\/pages"}],"about":[{"href":"https:\/\/www.videlio.com\/en\/wp-json\/wp\/v2\/types\/page"}],"author":[{"embeddable":true,"href":"https:\/\/www.videlio.com\/en\/wp-json\/wp\/v2\/users\/19"}],"replies":[{"embeddable":true,"href":"https:\/\/www.videlio.com\/en\/wp-json\/wp\/v2\/comments?post=104330"}],"version-history":[{"count":0,"href":"https:\/\/www.videlio.com\/en\/wp-json\/wp\/v2\/pages\/104330\/revisions"}],"up":[{"embeddable":true,"href":"https:\/\/www.videlio.com\/en\/wp-json\/wp\/v2\/pages\/104287"}],"wp:attachment":[{"href":"https:\/\/www.videlio.com\/en\/wp-json\/wp\/v2\/media?parent=104330"}],"curies":[{"name":"wp","href":"https:\/\/api.w.org\/{rel}","templated":true}]}}