{"id":103218,"date":"2021-08-13T15:32:52","date_gmt":"2021-08-13T13:32:52","guid":{"rendered":"https:\/\/videlio2021.pacom1.com\/assurance-banque\/"},"modified":"2024-05-27T15:53:17","modified_gmt":"2024-05-27T13:53:17","slug":"assurance-banque","status":"publish","type":"page","link":"https:\/\/www.videlio.com\/en\/assurance-banque\/","title":{"rendered":"Insurance \/ Banking"},"content":{"rendered":"<div class=\"wpb-content-wrapper\"><section class=\"vc_row wpb_row vc_row-fluid\"><div class=\"wpb_column vc_column_container col-xs-mobile-fullwidth vc_col-sm-12\"><div class=\"vc_column-inner\"><div class=\"wpb_wrapper\">[vc_empty_space]<\/div><\/div><\/div><\/section><section data-vc-full-width=\"true\" data-vc-full-width-init=\"false\" class=\"vc_row wpb_row vc_row-fluid  vc_custom_1711558356438   hongo-stretch-content hongo-stretch-row-container vc_row-o-content-middle vc_row-flex  hongo_responsive_1711558356442\"><div class=\"wpb_column vc_column_container text-right text-center-mobile col-xs-mobile-fullwidth vc_col-sm-6\"><div class=\"vc_column-inner vc_custom_1711559205129\"><div class=\"wpb_wrapper\"><div class=\"text-block-content hongo-text-block-1 last-paragraph-no-margin\"><div title=\"text-uppercase\">\n<h2 class=\"text-uppercase margin-15px-bottom h1\"><span class=\"rose-dot-after\"><strong> Our offer in your market<\/strong><\/span><\/h2>\n<\/div>\n<\/div>[vc_empty_space height=&#8221;30px&#8221;]<div class=\"text-block-content hongo-text-block-2 last-paragraph-no-margin\"><p>In the banking and insurance sector, Videlio generally supports its clients with room layout. Whether within head offices, subsidiaries or agencies, there are meeting rooms as well as more complex spaces such as VIP rooms, auditoriums, etc.<\/p>\n<p>For each project, particular attention is paid to the needs and uses that will be made of these spaces. This diagnostic stage allows us to propose the most suitable audiovisual solution. These can be simple, common technologies that are easily deployed from one room to another or tailor-made systems.<\/p>\n<\/div>[vc_empty_space height=&#8221;30px&#8221;]<a href=\"https:\/\/www.videlio.com\/en\/contact-us-2\/\"  class=\"hongo-button-1 btn btn-transparent-black btn-round alt-font btn-medium  hongo_button_1716816422627\">I have a project<\/a><\/div><\/div><\/div><div class=\"wpb_column vc_column_container color-blanc col-xs-mobile-fullwidth vc_col-sm-6\"><div class=\"vc_column-inner vc_custom_1711558613580  hongo_responsive_1711558613581\"><div class=\"wpb_wrapper\"><div class=\"wpb_single_image vc_align_left border-radius-left  hongo-full-width-single-image\">\n\t\t\t<figure class=\"wpb_wrapper vc_figure\">\n\t\t\t\t<div class=\"vc_single_image-wrapper  \"><img decoding=\"async\" width=\"2000\" height=\"1333\" src=\"https:\/\/www.videlio.com\/wp-content\/uploads\/2021\/08\/videlio-banque.jpg\" class=\"vc_single_image-img attachment-full\" alt=\"videlio banque et assurance\" title=\"videlio-banque\" srcset=\"https:\/\/www.videlio.com\/wp-content\/uploads\/2021\/08\/videlio-banque.jpg 2000w, https:\/\/www.videlio.com\/wp-content\/uploads\/2021\/08\/videlio-banque-300x200.jpg 300w, https:\/\/www.videlio.com\/wp-content\/uploads\/2021\/08\/videlio-banque-1024x682.jpg 1024w, https:\/\/www.videlio.com\/wp-content\/uploads\/2021\/08\/videlio-banque-768x512.jpg 768w, https:\/\/www.videlio.com\/wp-content\/uploads\/2021\/08\/videlio-banque-1536x1024.jpg 1536w, https:\/\/www.videlio.com\/wp-content\/uploads\/2021\/08\/videlio-banque-84x56.jpg 84w, https:\/\/www.videlio.com\/wp-content\/uploads\/2021\/08\/videlio-banque-200x133.jpg 200w, https:\/\/www.videlio.com\/wp-content\/uploads\/2021\/08\/videlio-banque-450x300.jpg 450w, https:\/\/www.videlio.com\/wp-content\/uploads\/2021\/08\/videlio-banque-1185x790.jpg 1185w\" sizes=\"(max-width: 2000px) 100vw, 2000px\" \/><\/div>\n\t\t\t<\/figure>\n\t\t\t\n\t\t<\/div><\/div><\/div><\/div><\/section><div class=\"vc_row-full-width vc_clearfix\"><\/div><section data-vc-full-width=\"true\" data-vc-full-width-init=\"false\" class=\"vc_row wpb_row vc_row-fluid  vc_custom_1711558356438   hongo-stretch-content hongo-stretch-row-container vc_row-o-content-middle vc_row-flex  hongo_responsive_1711558356442\"><div class=\"wpb_column vc_column_container color-blanc col-xs-mobile-fullwidth vc_col-sm-6\"><div class=\"vc_column-inner vc_custom_1711558613580  hongo_responsive_1711558613581\"><div class=\"wpb_wrapper\"><div class=\"wpb_single_image vc_align_left border-radius-right  hongo-full-width-single-image\">\n\t\t\t<figure class=\"wpb_wrapper vc_figure\">\n\t\t\t\t<div class=\"vc_single_image-wrapper  \"><img decoding=\"async\" width=\"1426\" height=\"820\" src=\"https:\/\/www.videlio.com\/wp-content\/uploads\/2024\/05\/BNP.jpg\" class=\"vc_single_image-img attachment-full\" alt=\"\" title=\"BNP\" srcset=\"https:\/\/www.videlio.com\/wp-content\/uploads\/2024\/05\/BNP.jpg 1426w, https:\/\/www.videlio.com\/wp-content\/uploads\/2024\/05\/BNP-300x173.jpg 300w, https:\/\/www.videlio.com\/wp-content\/uploads\/2024\/05\/BNP-1024x589.jpg 1024w, https:\/\/www.videlio.com\/wp-content\/uploads\/2024\/05\/BNP-768x442.jpg 768w, https:\/\/www.videlio.com\/wp-content\/uploads\/2024\/05\/BNP-84x48.jpg 84w, https:\/\/www.videlio.com\/wp-content\/uploads\/2024\/05\/BNP-200x115.jpg 200w, https:\/\/www.videlio.com\/wp-content\/uploads\/2024\/05\/BNP-450x259.jpg 450w, https:\/\/www.videlio.com\/wp-content\/uploads\/2024\/05\/BNP-1200x690.jpg 1200w\" sizes=\"(max-width: 1426px) 100vw, 1426px\" \/><\/div>\n\t\t\t<\/figure>\n\t\t\t\n\t\t<\/div><\/div><\/div><\/div><div class=\"wpb_column vc_column_container text-right text-center-mobile col-xs-mobile-fullwidth vc_col-sm-6\"><div class=\"vc_column-inner vc_custom_1711559205129\"><div class=\"wpb_wrapper\"><div class=\"text-block-content hongo-text-block-3 last-paragraph-no-margin\"><div title=\"text-uppercase\">\n<h2 class=\"text-uppercase margin-15px-bottom h1\"><span class=\"rose-dot-after\"><strong> AUDIOVISUAL SOLUTIONS<\/strong><\/span><\/h2>\n<\/div>\n<\/div>[vc_empty_space height=&#8221;30px&#8221;]<div class=\"text-block-content hongo-text-block-4 last-paragraph-no-margin\"><p>In the case of large ultra-VIP rooms, the equipment must be adapted according to the number of people they can accommodate, their ergonomics, their structures and their characteristics (resonance, brightness, etc.). So many criteria to take into account which influence the type of equipment chosen, the quantity and the place where each piece of equipment will be integrated.<\/p>\n<\/div>[vc_empty_space height=&#8221;30px&#8221;]<\/div><\/div><\/div><\/section><div class=\"vc_row-full-width vc_clearfix\"><\/div><section data-vc-full-width=\"true\" data-vc-full-width-init=\"false\" class=\"vc_row wpb_row vc_row-fluid  vc_custom_1711558356438   hongo-stretch-content hongo-stretch-row-container vc_row-o-content-middle vc_row-flex  hongo_responsive_1711558356442\"><div class=\"wpb_column vc_column_container text-right text-center-mobile col-xs-mobile-fullwidth vc_col-sm-6\"><div class=\"vc_column-inner vc_custom_1711559205129\"><div class=\"wpb_wrapper\"><div class=\"text-block-content hongo-text-block-5 last-paragraph-no-margin\"><div title=\"text-uppercase\">\n<h2 class=\"text-uppercase margin-15px-bottom h1\"><span class=\"rose-dot-after\"><strong> Smart buildings<\/strong><\/span><\/h2>\n<\/div>\n<\/div>[vc_empty_space height=&#8221;30px&#8221;]<div class=\"text-block-content hongo-text-block-6 last-paragraph-no-margin\"><p>Our expertise in the audiovisual sector naturally allows us to respond to requests regarding the addition of screens and dynamic displays in reception halls.<\/p>\n<p>But we also act on more technical aspects such as IoT (Internet of Things) which make it possible to create intelligent buildings using solutions offering additional services such as presence sensors, control systems in order to know where each no one has to go, which rooms are free and which are reserved, etc. The objective is to simplify the use of different spaces and technologies.<\/p>\n<\/div>[vc_empty_space height=&#8221;30px&#8221;]<\/div><\/div><\/div><div class=\"wpb_column vc_column_container color-blanc col-xs-mobile-fullwidth vc_col-sm-6\"><div class=\"vc_column-inner vc_custom_1711558613580  hongo_responsive_1711558613581\"><div class=\"wpb_wrapper\"><div class=\"wpb_single_image vc_align_left border-radius-left  hongo-full-width-single-image\">\n\t\t\t<figure class=\"wpb_wrapper vc_figure\">\n\t\t\t\t<div class=\"vc_single_image-wrapper  \"><img decoding=\"async\" width=\"1098\" height=\"820\" src=\"https:\/\/www.videlio.com\/wp-content\/uploads\/2024\/05\/Mgen.jpg\" class=\"vc_single_image-img attachment-full\" alt=\"\" title=\"Mgen\" srcset=\"https:\/\/www.videlio.com\/wp-content\/uploads\/2024\/05\/Mgen.jpg 1098w, https:\/\/www.videlio.com\/wp-content\/uploads\/2024\/05\/Mgen-300x224.jpg 300w, https:\/\/www.videlio.com\/wp-content\/uploads\/2024\/05\/Mgen-1024x765.jpg 1024w, https:\/\/www.videlio.com\/wp-content\/uploads\/2024\/05\/Mgen-768x574.jpg 768w, https:\/\/www.videlio.com\/wp-content\/uploads\/2024\/05\/Mgen-84x63.jpg 84w, https:\/\/www.videlio.com\/wp-content\/uploads\/2024\/05\/Mgen-200x149.jpg 200w, https:\/\/www.videlio.com\/wp-content\/uploads\/2024\/05\/Mgen-450x336.jpg 450w, https:\/\/www.videlio.com\/wp-content\/uploads\/2024\/05\/Mgen-1058x790.jpg 1058w\" sizes=\"(max-width: 1098px) 100vw, 1098px\" \/><\/div>\n\t\t\t<\/figure>\n\t\t\t\n\t\t<\/div><\/div><\/div><\/div><\/section><div class=\"vc_row-full-width vc_clearfix\"><\/div><section data-vc-full-width=\"true\" data-vc-full-width-init=\"false\" class=\"vc_row wpb_row vc_row-fluid  vc_custom_1711558356438   hongo-stretch-content hongo-stretch-row-container vc_row-o-content-middle vc_row-flex  hongo_responsive_1711558356442\"><div class=\"wpb_column vc_column_container color-blanc col-xs-mobile-fullwidth vc_col-sm-6\"><div class=\"vc_column-inner vc_custom_1711558613580  hongo_responsive_1711558613581\"><div class=\"wpb_wrapper\"><div class=\"wpb_single_image vc_align_left border-radius-right  hongo-full-width-single-image\">\n\t\t\t<figure class=\"wpb_wrapper vc_figure\">\n\t\t\t\t<div class=\"vc_single_image-wrapper  \"><img decoding=\"async\" width=\"1080\" height=\"810\" src=\"https:\/\/www.videlio.com\/wp-content\/uploads\/2020\/01\/Stand-MGEN-videlio-events2.jpg\" class=\"vc_single_image-img attachment-full\" alt=\"\" title=\"\" \/><\/div>\n\t\t\t<\/figure>\n\t\t\t\n\t\t<\/div><\/div><\/div><\/div><div class=\"wpb_column vc_column_container text-right text-center-mobile col-xs-mobile-fullwidth vc_col-sm-6\"><div class=\"vc_column-inner vc_custom_1711559205129\"><div class=\"wpb_wrapper\"><div class=\"text-block-content hongo-text-block-7 last-paragraph-no-margin\"><div title=\"text-uppercase\">\n<h2 class=\"text-uppercase margin-15px-bottom h1\"><span class=\"rose-dot-after\"><strong> Maintenance<\/strong><\/span><\/h2>\n<\/div>\n<\/div>[vc_empty_space height=&#8221;30px&#8221;]<div class=\"text-block-content hongo-text-block-8 last-paragraph-no-margin\"><p>Our presence throughout the national territory allows us to quickly deploy all of our skills within the different subsidiaries, entities and agencies of each group. Of course, always with the same project management, the same requirements and the same quality of service. Thus, the user experience remains similar, regardless of where you are.<\/p>\n<p>The tailor-made support that we offer our customers continues even after the installation of the various audiovisual solutions. Each room comes with a maintenance contract which can be done remotely using checks carried out daily by the Videlio teams or within the company itself thanks to our delegation offer. Here, experts are permanently installed to offer personalized assistance to users.<\/p>\n<\/div>[vc_empty_space height=&#8221;30px&#8221;]<\/div><\/div><\/div><\/section><div class=\"vc_row-full-width vc_clearfix\"><\/div><section data-vc-full-width=\"true\" data-vc-full-width-init=\"false\" data-vc-stretch-content=\"true\" class=\"vc_row wpb_row vc_row-fluid  vc_custom_1711597275470   background-no-repeat bg-position-right-top wow fadeIn vc_row-has-fill hongo-stretch-content hongo-stretch-content-fluid\"><div class=\"wpb_column vc_column_container vc_col-has-fill col-xs-mobile-fullwidth vc_col-sm-12 text-center sm-text-center\"><div class=\"vc_column-inner bg-position-right-top vc_custom_1711597290731\"><div class=\"wpb_wrapper\">[vc_empty_space]<div class=\"text-block-content hongo-text-block-9 last-paragraph-no-margin\"><div title=\"text-uppercase text-center\">\n<h2 class=\"text-uppercase margin-15px-bottom h1\"><span class=\"d-block\">CONTACT a <\/span><span class=\"rose-dot-after\"><strong>VIDELIO EXPERT <\/strong><\/span><\/h2>\n<\/div>\n<\/div><\/div><\/div><\/div><\/section><div class=\"vc_row-full-width vc_clearfix\"><\/div><section class=\"vc_row wpb_row vc_row-fluid  vc_custom_1714289332154   wow fadeIn\"><div class=\"wpb_column vc_column_container col-xs-mobile-fullwidth vc_col-sm-12\"><div class=\"vc_column-inner\"><div class=\"wpb_wrapper\">\n<div class=\"wpcf7 no-js\" id=\"wpcf7-f120116-o1\" lang=\"en-US\" dir=\"ltr\" data-wpcf7-id=\"120116\">\n<div class=\"screen-reader-response\"><p role=\"status\" aria-live=\"polite\" aria-atomic=\"true\"><\/p> <ul><\/ul><\/div>\n<form action=\"\/en\/wp-json\/wp\/v2\/pages\/103218#wpcf7-f120116-o1\" method=\"post\" class=\"wpcf7-form init\" aria-label=\"Contact form\" novalidate=\"novalidate\" data-status=\"init\">\n<fieldset class=\"hidden-fields-container\"><input type=\"hidden\" name=\"_wpcf7\" value=\"120116\" \/><input type=\"hidden\" name=\"_wpcf7_version\" value=\"6.1.5\" \/><input type=\"hidden\" name=\"_wpcf7_locale\" value=\"en_US\" \/><input type=\"hidden\" name=\"_wpcf7_unit_tag\" value=\"wpcf7-f120116-o1\" \/><input type=\"hidden\" name=\"_wpcf7_container_post\" value=\"0\" \/><input type=\"hidden\" name=\"_wpcf7_posted_data_hash\" value=\"\" \/><input type=\"hidden\" name=\"_wpcf7cf_hidden_group_fields\" value=\"[]\" \/><input type=\"hidden\" name=\"_wpcf7cf_hidden_groups\" value=\"[]\" \/><input type=\"hidden\" name=\"_wpcf7cf_visible_groups\" value=\"[]\" \/><input type=\"hidden\" name=\"_wpcf7cf_repeaters\" value=\"[]\" \/><input type=\"hidden\" name=\"_wpcf7cf_steps\" value=\"{}\" \/><input type=\"hidden\" name=\"_wpcf7cf_options\" value=\"{&quot;form_id&quot;:120116,&quot;conditions&quot;:[],&quot;settings&quot;:{&quot;animation&quot;:&quot;yes&quot;,&quot;animation_intime&quot;:200,&quot;animation_outtime&quot;:200,&quot;conditions_ui&quot;:&quot;normal&quot;,&quot;notice_dismissed&quot;:false,&quot;repeater_remove_button&quot;:&quot;bottom&quot;}}\" \/>\n<\/fieldset>\n<div class=\"form-style1\">\n\t<div class=\"form-content\">\n\t\t<h4 class=\"full title\">Remplissez le formulaire ci-dessous :\n\t\t<\/h4>\n\t\t<div class=\"title\">\n\t\t\t<p>Nom*\n\t\t\t<\/p>\n\t\t\t<p><span class=\"wpcf7-form-control-wrap\" data-name=\"your1\"><input size=\"40\" maxlength=\"400\" class=\"wpcf7-form-control wpcf7-text wpcf7-validates-as-required\" aria-required=\"true\" aria-invalid=\"false\" value=\"\" type=\"text\" name=\"your1\" \/><\/span>\n\t\t\t<\/p>\n\t\t<\/div>\n\t\t<div class=\"title\">\n\t\t\t<p>Pr\u00e9nom*\n\t\t\t<\/p>\n\t\t\t<p><span class=\"wpcf7-form-control-wrap\" data-name=\"your2\"><input size=\"40\" maxlength=\"400\" class=\"wpcf7-form-control wpcf7-text wpcf7-validates-as-required\" aria-required=\"true\" aria-invalid=\"false\" value=\"\" type=\"text\" name=\"your2\" \/><\/span>\n\t\t\t<\/p>\n\t\t<\/div>\n\t\t<div class=\"title\">\n\t\t\t<p>Adresse email*\n\t\t\t<\/p>\n\t\t\t<p><span class=\"wpcf7-form-control-wrap\" data-name=\"your-email\"><input size=\"40\" maxlength=\"400\" class=\"wpcf7-form-control wpcf7-email wpcf7-validates-as-required wpcf7-text wpcf7-validates-as-email\" autocomplete=\"email\" aria-required=\"true\" aria-invalid=\"false\" value=\"\" type=\"email\" name=\"your-email\" \/><\/span>\n\t\t\t<\/p>\n\t\t<\/div>\n\t\t<div class=\"title\">\n\t\t\t<p>Soci\u00e9t\u00e9\n\t\t\t<\/p>\n\t\t\t<p><span class=\"wpcf7-form-control-wrap\" data-name=\"your3\"><input size=\"40\" maxlength=\"400\" class=\"wpcf7-form-control wpcf7-text\" aria-invalid=\"false\" value=\"\" type=\"text\" name=\"your3\" \/><\/span>\n\t\t\t<\/p>\n\t\t<\/div>\n\t\t<div class=\"title\">\n\t\t\t<p>Code Postal\n\t\t\t<\/p>\n\t\t\t<p><span class=\"wpcf7-form-control-wrap\" data-name=\"number-501\"><input class=\"wpcf7-form-control wpcf7-number wpcf7-validates-as-number\" aria-invalid=\"false\" value=\"\" type=\"number\" name=\"number-501\" \/><\/span>\n\t\t\t<\/p>\n\t\t<\/div>\n\t\t<div class=\"title\">\n\t\t\t<p>T\u00e9l\u00e9phone*\n\t\t\t<\/p>\n\t\t\t<p><span class=\"wpcf7-form-control-wrap\" data-name=\"tel-90\"><input size=\"40\" maxlength=\"400\" class=\"wpcf7-form-control wpcf7-tel wpcf7-validates-as-required wpcf7-text wpcf7-validates-as-tel\" aria-required=\"true\" aria-invalid=\"false\" value=\"\" type=\"tel\" name=\"tel-90\" \/><\/span>\n\t\t\t<\/p>\n\t\t<\/div>\n\t\t<div class=\"full title\">\n\t\t\t<p>Message\n\t\t\t<\/p>\n\t\t\t<p><span class=\"wpcf7-form-control-wrap\" data-name=\"your-message\"><textarea cols=\"40\" rows=\"5\" maxlength=\"2000\" class=\"wpcf7-form-control wpcf7-textarea\" aria-invalid=\"false\" name=\"your-message\"><\/textarea><\/span>\n\t\t\t<\/p>\n\t\t<\/div>\n\t\t<div class=\"full title check\">\n\t\t\t<p><span class=\"wpcf7-form-control-wrap\" data-name=\"checkbox-338\"><span class=\"wpcf7-form-control wpcf7-checkbox\"><span class=\"wpcf7-list-item first last\"><label><input type=\"checkbox\" name=\"checkbox-338[]\" value=\"J\u2019accepte d\u2019\u00eatre contact\u00e9 par un conseill\u00e9 Vid\u00e9lio*\" \/><span class=\"wpcf7-list-item-label\">J\u2019accepte d\u2019\u00eatre contact\u00e9 par un conseill\u00e9 Vid\u00e9lio*<\/span><\/label><\/span><\/span><\/span>\n\t\t\t<\/p>\n\t\t<\/div>\n\t\t<div class=\"full title submit\">\n\t\t\t<p><input class=\"wpcf7-form-control wpcf7-submit has-spinner\" type=\"submit\" value=\"Contacter un expert\" \/>\n\t\t\t<\/p>\n\t\t<\/div>\n\t<\/div>\n<\/div><div class=\"wpcf7-response-output\" aria-hidden=\"true\"><\/div>\n<\/form>\n<\/div>\n<\/div><\/div><\/div><\/section><section data-vc-full-width=\"true\" data-vc-full-width-init=\"false\" data-vc-stretch-content=\"true\" class=\"vc_row wpb_row vc_row-fluid social-wrapper vc_custom_1714219376825   wow fadeIn vc_row-has-fill hongo-stretch-content hongo-stretch-content-fluid vc_row-o-content-middle vc_row-flex\"><div class=\"wpb_column vc_column_container col-xs-mobile-fullwidth vc_col-sm-6\"><div class=\"vc_column-inner vc_custom_1713526553436  hongo_responsive_1713526553438\"><div class=\"wpb_wrapper\"><div class=\"wpb_single_image vc_align_left   hongo-full-width-single-image\">\n\t\t\t<figure class=\"wpb_wrapper vc_figure\">\n\t\t\t\t<div class=\"vc_single_image-wrapper  \"><img decoding=\"async\" width=\"1373\" height=\"898\" src=\"https:\/\/www.videlio.com\/wp-content\/uploads\/2024\/04\/Capture.jpg\" class=\"vc_single_image-img attachment-full\" alt=\"\" title=\"Capture\" srcset=\"https:\/\/www.videlio.com\/wp-content\/uploads\/2024\/04\/Capture.jpg 1373w, https:\/\/www.videlio.com\/wp-content\/uploads\/2024\/04\/Capture-300x196.jpg 300w, https:\/\/www.videlio.com\/wp-content\/uploads\/2024\/04\/Capture-1024x670.jpg 1024w, https:\/\/www.videlio.com\/wp-content\/uploads\/2024\/04\/Capture-768x502.jpg 768w, https:\/\/www.videlio.com\/wp-content\/uploads\/2024\/04\/Capture-84x55.jpg 84w, https:\/\/www.videlio.com\/wp-content\/uploads\/2024\/04\/Capture-200x131.jpg 200w, https:\/\/www.videlio.com\/wp-content\/uploads\/2024\/04\/Capture-450x294.jpg 450w, https:\/\/www.videlio.com\/wp-content\/uploads\/2024\/04\/Capture-1200x785.jpg 1200w\" sizes=\"(max-width: 1373px) 100vw, 1373px\" \/><\/div>\n\t\t\t<\/figure>\n\t\t\t\n\t\t<\/div><\/div><\/div><\/div><div class=\"wpb_column vc_column_container color-blanc col-xs-mobile-fullwidth vc_col-sm-6 xs-text-center\"><div class=\"vc_column-inner vc_custom_1713547361284  hongo_responsive_1713547361285\"><div class=\"wpb_wrapper\"><div class=\"text-block-content xs-text-center hongo-text-block-10 last-paragraph-no-margin\"><div title=\"text-uppercase\">\n<h2 class=\"text-uppercase margin-15px-bottom h1\"><span class=\"display-block\">A service offer,<\/span><span class=\"display-block\">tailor-made <\/span><span class=\"rose-dot-after\"><strong>SUPPORT<\/strong><\/span><\/h2>\n<\/div>\n<\/div><div class=\"text-block-content xs-text-center hongo-text-block-11 last-paragraph-no-margin\"><p>Videlio experts are at your side at all stages of your project. Our business managers, our design offices, our pre-sales engineers and our best technical experts advise you on deploying the right solutions, in the right places, for the right uses. Videlio has a unique service offering on the market. We support you in all questions relating to change management, the appropriation of solutions by your employees, and the maintenance of your equipment.<\/p>\n<\/div>[vc_empty_space height=&#8221;50px&#8221;]<a href=\"https:\/\/www.videlio.com\/services\/\"  class=\"xs-text-center hongo-button-2 btn btn-transparent-black btn-round alt-font btn-medium  hongo_button_1713782919239\">Cliquez ici pour voir tous nos services<\/a>[vc_empty_space height=&#8221;50px&#8221;]<div class=\"vc_row wpb_row vc_inner vc_row-fluid list-social-setting\"><div class=\"wpb_column vc_column_container col-xs-mobile-fullwidth vc_col-sm-4\"><div class=\"vc_column-inner\"><div class=\"wpb_wrapper\">[mvc_infobox title_color=&#8221;#ffffff&#8221; image_id=&#8221;119423&#8243; info_title=&#8221;Advice&#8221; title_size=&#8221;14&#8243;][\/mvc_infobox]<\/div><\/div><\/div><div class=\"wpb_column vc_column_container col-xs-mobile-fullwidth vc_col-sm-4\"><div class=\"vc_column-inner\"><div class=\"wpb_wrapper\">[mvc_infobox line_height=&#8221;&#8221; title_color=&#8221;#ffffff&#8221; image_id=&#8221;119445&#8243; info_title=&#8221;Engineering&#8221;][\/mvc_infobox]<\/div><\/div><\/div><div class=\"wpb_column vc_column_container col-xs-mobile-fullwidth vc_col-sm-4\"><div class=\"vc_column-inner\"><div class=\"wpb_wrapper\">[mvc_infobox line_height=&#8221;&#8221; title_color=&#8221;#ffffff&#8221; image_id=&#8221;119448&#8243; info_title=&#8221;Deployment&#8221;][\/mvc_infobox]<\/div><\/div><\/div><\/div><div class=\"vc_row wpb_row vc_inner vc_row-fluid list-social-setting\"><div class=\"wpb_column vc_column_container col-xs-mobile-fullwidth vc_col-sm-4\"><div class=\"vc_column-inner\"><div class=\"wpb_wrapper\">[mvc_infobox line_height=&#8221;&#8221; title_color=&#8221;#ffffff&#8221; image_id=&#8221;119451&#8243; info_title=&#8221;Maintenance&#8221;][\/mvc_infobox]<\/div><\/div><\/div><div class=\"wpb_column vc_column_container col-xs-mobile-fullwidth vc_col-sm-4\"><div class=\"vc_column-inner\"><div class=\"wpb_wrapper\">[mvc_infobox line_height=&#8221;&#8221; title_color=&#8221;#ffffff&#8221; image_id=&#8221;119454&#8243; info_title=&#8221;User training&#8221;][\/mvc_infobox]<\/div><\/div><\/div><div class=\"wpb_column vc_column_container col-xs-mobile-fullwidth vc_col-sm-4\"><div class=\"vc_column-inner\"><div class=\"wpb_wrapper\">[mvc_infobox line_height=&#8221;&#8221; title_color=&#8221;#ffffff&#8221; image_id=&#8221;119457&#8243; info_title=&#8221;Delegated staff&#8221;][\/mvc_infobox]<\/div><\/div><\/div><\/div><\/div><\/div><\/div><\/section><div class=\"vc_row-full-width vc_clearfix\"><\/div><section class=\"vc_row wpb_row vc_row-fluid\"><div class=\"wpb_column vc_column_container col-xs-mobile-fullwidth vc_col-sm-12\"><div class=\"vc_column-inner\"><div class=\"wpb_wrapper\">[vc_empty_space height=&#8221;64px&#8221;]<\/div><\/div><\/div><\/section>\n<\/div>","protected":false},"excerpt":{"rendered":"[vc_empty_space] Our offer in your market [vc_empty_space height=\"30px\"]In the banking and insurance sector, Videlio generally supports its clients with room layout. Whether within head offices, subsidiaries or agencies, there are meeting rooms as well as more complex spaces such as VIP rooms, auditoriums, etc. For each project, particular attention is paid to the needs and uses that will be made of these spaces. This diagnostic stage allows us to propose the most suitable audiovisual solution. These can be simple, common technologies that are easily deployed from one room to another or tailor-made systems. [vc_empty_space height=\"30px\"]I have a project AUDIOVISUAL SOLUTIONS [vc_empty_space height=\"30px\"]In the case of large ultra-VIP rooms, the equipment must be adapted according to the number of people they can accommodate, their ergonomics, their structures and their characteristics (resonance, brightness, etc.). So many criteria to take into account which influence the type of equipment chosen, the quantity and the place where each piece of equipment will be integrated. [vc_empty_space height=\"30px\"] Smart buildings [vc_empty_space height=\"30px\"]Our expertise in the audiovisual sector naturally allows us to respond to requests regarding the addition of screens and dynamic displays in reception halls. But we also act on more technical aspects such as IoT (Internet...","protected":false},"author":19,"featured_media":0,"parent":0,"menu_order":0,"comment_status":"closed","ping_status":"closed","template":"","meta":{"_acf_changed":false,"footnotes":""},"class_list":["post-103218","page","type-page","status-publish","hentry"],"acf":[],"_links":{"self":[{"href":"https:\/\/www.videlio.com\/en\/wp-json\/wp\/v2\/pages\/103218","targetHints":{"allow":["GET"]}}],"collection":[{"href":"https:\/\/www.videlio.com\/en\/wp-json\/wp\/v2\/pages"}],"about":[{"href":"https:\/\/www.videlio.com\/en\/wp-json\/wp\/v2\/types\/page"}],"author":[{"embeddable":true,"href":"https:\/\/www.videlio.com\/en\/wp-json\/wp\/v2\/users\/19"}],"replies":[{"embeddable":true,"href":"https:\/\/www.videlio.com\/en\/wp-json\/wp\/v2\/comments?post=103218"}],"version-history":[{"count":0,"href":"https:\/\/www.videlio.com\/en\/wp-json\/wp\/v2\/pages\/103218\/revisions"}],"wp:attachment":[{"href":"https:\/\/www.videlio.com\/en\/wp-json\/wp\/v2\/media?parent=103218"}],"curies":[{"name":"wp","href":"https:\/\/api.w.org\/{rel}","templated":true}]}}