{"id":103200,"date":"2021-08-25T14:11:55","date_gmt":"2021-08-25T12:11:55","guid":{"rendered":"https:\/\/videlio2021.pacom1.com\/mentions-legales\/"},"modified":"2021-08-25T14:11:55","modified_gmt":"2021-08-25T12:11:55","slug":"mentions-legales","status":"publish","type":"page","link":"https:\/\/www.videlio.com\/en\/mentions-legales\/","title":{"rendered":"Mentions l\u00e9gales"},"content":{"rendered":"<p>En application avec l\u2019article 27 de la loi Informatique et Libert\u00e9 du 6 janvier 1978, les informations communiqu\u00e9es sont indispensables au traitement de votre demande et sont g\u00e9r\u00e9es par VIDELIO. Elles peuvent donner lieu \u00e0 l\u2019exercice du droit d\u2019acc\u00e8s et de rectification aupr\u00e8s de VIDELIO.<\/p>\n<p>Vous pouvez vous opposer \u00e0 ce que vos noms et adresse soient c\u00e9d\u00e9s ult\u00e9rieurement, en nous adressant un Email (donnees-personnelles@videlio.com) ou par courrier \u00e0 :<\/p>\n<p>VIDELIO \u2013 141 avenue des Gr\u00e9sillons \u2013 92230 Gennevilliers.<\/p>\n<p>&nbsp;<\/p>\n<p><strong>Editeur du site\u00a0<\/strong><\/p>\n<p>VIDELIO<br \/>\n141, avenue des Gr\u00e9sillons \u2013 92230 Gennevilliers<br \/>\nTel. : + 33 (0) 1 46 88 28 28 \u2013 Fax : + 33 (0) 1 47 90 05 14<br \/>\n350 093 704 RCS Rennes \u2013 N\u00b0 TVA intracommunautaire : FR 44 350 093 704<br \/>\n<a href=\"https:\/\/www.videlio.com\">videlio.com<\/a><\/p>\n<p>&nbsp;<\/p>\n<p><strong>Directeur de la publication<\/strong><\/p>\n<p>Le Directoire de VIDELIO<\/p>\n<p>&nbsp;<\/p>\n<p><strong>Prestataire d\u2019h\u00e9bergement<\/strong><\/p>\n<p>VIDELIO<br \/>\n141, avenue des Gr\u00e9sillons \u2013 92230 Gennevilliers<br \/>\nTel. : + 33 (0) 1 46 88 28 28<\/p>\n<p>&nbsp;<\/p>\n<p>Copyright : \u00a9 VIDELIO 2021<\/p>\n<p>Propri\u00e9t\u00e9 intellectuelle : l\u2019ensemble des \u00e9l\u00e9ments \u00e9dit\u00e9s sur le site www.videlio.com incluant notamment des logos, des marques, des textes, des photographies, des images, des dessins ou tableaux constituent des\u00a0oeuvres\u00a0prot\u00e9g\u00e9es par des droits de propri\u00e9t\u00e9 intellectuelle.<\/p>\n<p>La reproduction ou la repr\u00e9sentation, totale ou partielle, de ce site est donc interdite sans l\u2019accord expr\u00e8s et pr\u00e9alable des titulaires de ces droits et constituerait une contrefa\u00e7on sanctionn\u00e9e par les dispositions du Code de la propri\u00e9t\u00e9 intellectuelle.<\/p>\n<p>&nbsp;<\/p>\n<p><strong>Formulaire de contact<\/strong><\/p>\n<p>Les informations recueillies sur ce formulaire sont enregistr\u00e9es dans un fichier informatis\u00e9 par VIDELIO pour la gestion de notre client\u00e8le et prospects.<\/p>\n<p>Elles sont conserv\u00e9es pendant 3 ans et sont destin\u00e9es au service marketing et aux services commerciaux \u00e9tablis dans l\u2019Union\u00a0 europ\u00e9enne.<\/p>\n<p>Conform\u00e9ment \u00e0 la loi \u00ab informatique et libert\u00e9s \u00bb, vous pouvez exercer votre droit d\u2019acc\u00e8s aux donn\u00e9es vous concernant et les faire rectifier en contactant : Alain\u00a0Pesch, donnees-personnelles@videlio.com, VIDELIO, 141 avenue des\u00a0gr\u00e9sillons, 92230 Gennevilliers.<\/p>\n","protected":false},"excerpt":{"rendered":"<p>En application avec l\u2019article 27 de la loi Informatique et Libert\u00e9 du 6 janvier 1978, les informations communiqu\u00e9es sont indispensables au traitement de votre demande et sont g\u00e9r\u00e9es par VIDELIO. Elles peuvent donner lieu \u00e0 l\u2019exercice du droit d\u2019acc\u00e8s et de rectification aupr\u00e8s de VIDELIO. Vous pouvez vous opposer \u00e0 ce que vos noms et adresse soient c\u00e9d\u00e9s ult\u00e9rieurement, en nous adressant un Email (donnees-personnelles@videlio.com) ou par courrier \u00e0 : VIDELIO \u2013 141 avenue des Gr\u00e9sillons \u2013 92230 Gennevilliers. &nbsp; Editeur du site\u00a0 VIDELIO 141, avenue des Gr\u00e9sillons \u2013 92230 Gennevilliers Tel. : + 33 (0) 1 46 88 28 28 \u2013 Fax : + 33 (0) 1 47 90 05 14 350 093 704 RCS Rennes \u2013 N\u00b0 TVA intracommunautaire : FR 44 350 093 704 videlio.com &nbsp; Directeur de la publication Le Directoire de VIDELIO &nbsp; Prestataire d\u2019h\u00e9bergement VIDELIO 141, avenue des Gr\u00e9sillons \u2013 92230 Gennevilliers Tel. : + 33 (0) 1 46 88 28 28 &nbsp; Copyright : \u00a9 VIDELIO 2021 Propri\u00e9t\u00e9 intellectuelle : l\u2019ensemble des \u00e9l\u00e9ments \u00e9dit\u00e9s sur le site www.videlio.com incluant notamment des logos, des marques, des textes, des photographies, des images, des dessins ou tableaux constituent des\u00a0oeuvres\u00a0prot\u00e9g\u00e9es par des droits de propri\u00e9t\u00e9 intellectuelle. La&#8230;<\/p>\n","protected":false},"author":19,"featured_media":0,"parent":0,"menu_order":0,"comment_status":"closed","ping_status":"closed","template":"","meta":{"_acf_changed":false,"footnotes":""},"class_list":["post-103200","page","type-page","status-publish","hentry"],"acf":[],"_links":{"self":[{"href":"https:\/\/www.videlio.com\/en\/wp-json\/wp\/v2\/pages\/103200","targetHints":{"allow":["GET"]}}],"collection":[{"href":"https:\/\/www.videlio.com\/en\/wp-json\/wp\/v2\/pages"}],"about":[{"href":"https:\/\/www.videlio.com\/en\/wp-json\/wp\/v2\/types\/page"}],"author":[{"embeddable":true,"href":"https:\/\/www.videlio.com\/en\/wp-json\/wp\/v2\/users\/19"}],"replies":[{"embeddable":true,"href":"https:\/\/www.videlio.com\/en\/wp-json\/wp\/v2\/comments?post=103200"}],"version-history":[{"count":0,"href":"https:\/\/www.videlio.com\/en\/wp-json\/wp\/v2\/pages\/103200\/revisions"}],"wp:attachment":[{"href":"https:\/\/www.videlio.com\/en\/wp-json\/wp\/v2\/media?parent=103200"}],"curies":[{"name":"wp","href":"https:\/\/api.w.org\/{rel}","templated":true}]}}