{"id":122489,"date":"2024-07-02T14:15:41","date_gmt":"2024-07-02T12:15:41","guid":{"rendered":"https:\/\/pp.videlio.com\/agences-int\/geneve-suisse\/?page_id=122489"},"modified":"2024-07-02T15:29:43","modified_gmt":"2024-07-02T13:29:43","slug":"cisco","status":"publish","type":"page","link":"https:\/\/www.videlio.com\/agences\/geneve-suisse\/marques\/cisco\/","title":{"rendered":"Cisco"},"content":{"rendered":"<div class=\"wpb-content-wrapper\"><section data-vc-full-width=\"true\" data-vc-full-width-init=\"false\" data-vc-stretch-content=\"true\" class=\"vc_row wpb_row vc_row-fluid  vc_custom_1714214031675   wow fadeIn vc_row-has-fill hongo-stretch-content hongo-stretch-content-fluid vc_row-o-content-middle vc_row-flex\"><div class=\"wpb_column vc_column_container col-xs-mobile-fullwidth vc_col-sm-1\"><div class=\"vc_column-inner\"><div class=\"wpb_wrapper\"><\/div><\/div><\/div><div class=\"wpb_column vc_column_container col-xs-mobile-fullwidth vc_col-sm-10\"><div class=\"vc_column-inner\"><div class=\"wpb_wrapper\"><div class=\"vc_row wpb_row vc_inner vc_row-fluid   vc_row-o-content-top vc_row-flex\"><div class=\"wpb_column vc_column_container col-xs-mobile-fullwidth vc_col-sm-12 text-center md-text-center sm-text-center xs-text-center\"><div class=\"vc_column-inner  hongo_responsive_1715009623216\"><div class=\"wpb_wrapper\"><div class=\"text-block-content hongo-text-block-1 last-paragraph-no-margin\"><div title=\"text-uppercase\">\n<h1 class=\"text-uppercase margin-15px-bottom h1\"><span class=\"d-block\">NOS <\/span><span class=\"rose-dot-after\">partenaires technologiques<\/span><\/h1>\n<\/div>\n<\/div><div class=\"text-block-content hongo-text-block-2 last-paragraph-no-margin\"><h3 class=\"text-extra-large big-subtitle\">D\u00e9couvrez les marques partenaires qui font de Videlio Suisse un leader en mati\u00e8re de solutions audiovisuelles et technologiques.<\/h3>\n<\/div><\/div><\/div><\/div><\/div><\/div><\/div><\/div><div class=\"wpb_column vc_column_container col-xs-mobile-fullwidth vc_col-sm-1\"><div class=\"vc_column-inner\"><div class=\"wpb_wrapper\"><\/div><\/div><\/div><\/section><div class=\"vc_row-full-width vc_clearfix\"><\/div><section data-vc-full-width=\"true\" data-vc-full-width-init=\"false\" data-vc-stretch-content=\"true\" class=\"vc_row wpb_row vc_row-fluid     wow fadeIn hongo-stretch-content hongo-stretch-content-fluid vc_row-o-content-middle vc_row-flex\"><div class=\"wpb_column vc_column_container col-xs-mobile-fullwidth vc_col-sm-1\"><div class=\"vc_column-inner\"><div class=\"wpb_wrapper\"><\/div><\/div><\/div><div class=\"wpb_column vc_column_container col-xs-mobile-fullwidth vc_col-sm-10\"><div class=\"vc_column-inner\"><div class=\"wpb_wrapper\"><div class=\"vc_row wpb_row vc_inner vc_row-fluid   vc_row-o-content-top vc_row-flex\"><div class=\"wpb_column vc_column_container col-xs-mobile-fullwidth vc_col-sm-3 text-center md-text-center sm-text-center xs-text-center\"><div class=\"vc_column-inner  hongo_responsive_1715009623216\"><div class=\"wpb_wrapper\"><div class=\"wpb_single_image vc_align_center   hongo-full-width-single-image\">\n\t\t\t<figure class=\"wpb_wrapper vc_figure\">\n\t\t\t\t<div class=\"vc_single_image-wrapper  \"><img loading=\"lazy\" decoding=\"async\" width=\"537\" height=\"237\" src=\"https:\/\/www.videlio.com\/agences\/geneve-suisse\/wp-content\/uploads\/2024\/07\/Cisco-logo.jpg\" class=\"vc_single_image-img attachment-full\" alt=\"cisco-logo\" title=\"Cisco - logo\" srcset=\"https:\/\/www.videlio.com\/agences\/geneve-suisse\/wp-content\/uploads\/2024\/07\/Cisco-logo.jpg 537w, https:\/\/www.videlio.com\/agences\/geneve-suisse\/wp-content\/uploads\/2024\/07\/Cisco-logo-300x132.jpg 300w, https:\/\/www.videlio.com\/agences\/geneve-suisse\/wp-content\/uploads\/2024\/07\/Cisco-logo-84x37.jpg 84w, https:\/\/www.videlio.com\/agences\/geneve-suisse\/wp-content\/uploads\/2024\/07\/Cisco-logo-200x88.jpg 200w, https:\/\/www.videlio.com\/agences\/geneve-suisse\/wp-content\/uploads\/2024\/07\/Cisco-logo-450x199.jpg 450w\" sizes=\"auto, (max-width: 537px) 100vw, 537px\" \/><\/div>\n\t\t\t<\/figure>\n\t\t\t\n\t\t<\/div><\/div><\/div><\/div><div class=\"wpb_column vc_column_container col-xs-mobile-fullwidth vc_col-sm-9 xs-text-center\"><div class=\"vc_column-inner vc_custom_1715444355583  hongo_responsive_1715444355584\"><div class=\"wpb_wrapper\"><div class=\"text-block-content hongo-text-block-3 last-paragraph-no-margin\"><div title=\"text-uppercase\">\n<h2 class=\"text-uppercase margin-20px-bottom h1 no-margin-top\"><span class=\"display-block\"><strong>CISCO<\/strong><\/span><\/h2>\n<\/div>\n<\/div><div class=\"text-block-content hongo-text-block-4 last-paragraph-no-margin\"><p>Cisco offre une suite compl\u00e8te de solutions de communication vid\u00e9o et de collaboration. Cette marque englobe une gamme de mat\u00e9riel, de logiciels et de services Cloud con\u00e7us pour faciliter la communication visuelle en temps r\u00e9el et la collaboration entre des individus ou des groupes situ\u00e9s dans des lieux diff\u00e9rents.<\/p>\n<\/div><\/div><\/div><\/div><\/div><div class=\"vc_row wpb_row vc_inner vc_row-fluid\"><div class=\"wpb_column vc_column_container svc-list-ct col-xs-mobile-fullwidth vc_col-sm-12\"><div class=\"vc_column-inner\"><div class=\"wpb_wrapper\">[vc_toggle title=&#8221;Cisco Webex Produit&#8221;]Tous les produits Cisco suivant sont compatibles Cisco RoomOS et MTR Android.<\/p>\n<p>&nbsp;<\/p>\n<p><img loading=\"lazy\" decoding=\"async\" class=\"wp-image-122500 aligncenter\" src=\"https:\/\/www.videlio.com\/agences\/geneve-suisse\/wp-content\/uploads\/2024\/07\/Cisco-Webex-produit-1024x464.jpg\" alt=\"cisco-webex-produit\" width=\"708\" height=\"321\" srcset=\"https:\/\/www.videlio.com\/agences\/geneve-suisse\/wp-content\/uploads\/2024\/07\/Cisco-Webex-produit-1024x464.jpg 1024w, https:\/\/www.videlio.com\/agences\/geneve-suisse\/wp-content\/uploads\/2024\/07\/Cisco-Webex-produit-300x136.jpg 300w, https:\/\/www.videlio.com\/agences\/geneve-suisse\/wp-content\/uploads\/2024\/07\/Cisco-Webex-produit-768x348.jpg 768w, https:\/\/www.videlio.com\/agences\/geneve-suisse\/wp-content\/uploads\/2024\/07\/Cisco-Webex-produit-84x38.jpg 84w, https:\/\/www.videlio.com\/agences\/geneve-suisse\/wp-content\/uploads\/2024\/07\/Cisco-Webex-produit-200x91.jpg 200w, https:\/\/www.videlio.com\/agences\/geneve-suisse\/wp-content\/uploads\/2024\/07\/Cisco-Webex-produit-450x204.jpg 450w, https:\/\/www.videlio.com\/agences\/geneve-suisse\/wp-content\/uploads\/2024\/07\/Cisco-Webex-produit.jpg 1032w\" sizes=\"auto, (max-width: 708px) 100vw, 708px\" \/><\/p>\n[\/vc_toggle][vc_toggle title=&#8221;Cisco Room Bar : pour les petites salles&#8221;]<img loading=\"lazy\" decoding=\"async\" class=\" wp-image-122503 aligncenter\" src=\"https:\/\/www.videlio.com\/agences\/geneve-suisse\/wp-content\/uploads\/2024\/07\/Cisco-Room-bar.jpg\" alt=\"cisco-room-bar\" width=\"389\" height=\"212\" srcset=\"https:\/\/www.videlio.com\/agences\/geneve-suisse\/wp-content\/uploads\/2024\/07\/Cisco-Room-bar.jpg 626w, https:\/\/www.videlio.com\/agences\/geneve-suisse\/wp-content\/uploads\/2024\/07\/Cisco-Room-bar-300x163.jpg 300w, https:\/\/www.videlio.com\/agences\/geneve-suisse\/wp-content\/uploads\/2024\/07\/Cisco-Room-bar-84x46.jpg 84w, https:\/\/www.videlio.com\/agences\/geneve-suisse\/wp-content\/uploads\/2024\/07\/Cisco-Room-bar-200x109.jpg 200w, https:\/\/www.videlio.com\/agences\/geneve-suisse\/wp-content\/uploads\/2024\/07\/Cisco-Room-bar-450x245.jpg 450w\" sizes=\"auto, (max-width: 389px) 100vw, 389px\" \/><\/p>\n<p>&nbsp;<\/p>\n<p>Le Cisco Room Bar permet d&#8217;organiser les meilleures r\u00e9unions vid\u00e9o jamais r\u00e9alis\u00e9es, sous la forme d\u2019une barre. Il s&#8217;agit d&#8217;un appareil de collaboration vid\u00e9o compact mais puissant qui permet de r\u00e9aliser des visioconf\u00e9rences d\u2019une qualit\u00e9 exceptionnelle sur n&#8217;importe quelle plateforme de r\u00e9union. Ce syst\u00e8me de vid\u00e9oconf\u00e9rence est pr\u00e9vu pour les petites salles de r\u00e9union ; il est compatible avec RoomOS de Webex et MTR Teams Android.<\/p>\n<p><a href=\"https:\/\/www.cisco.com\/c\/en\/us\/products\/collateral\/collaboration-endpoints\/webex-room-series\/webex-room-bar-ds.pdf\">En savoir plus<\/a>[\/vc_toggle][vc_toggle title=&#8221;Cisco Room Kit EQ : pour les moyenne \u00e0 grande salles&#8221;]<img loading=\"lazy\" decoding=\"async\" class=\" wp-image-122506 aligncenter\" src=\"https:\/\/www.videlio.com\/agences\/geneve-suisse\/wp-content\/uploads\/2024\/07\/Cisco-Room-Kit-EQ.jpg\" alt=\"cisco-room-kit-eq\" width=\"590\" height=\"167\" srcset=\"https:\/\/www.videlio.com\/agences\/geneve-suisse\/wp-content\/uploads\/2024\/07\/Cisco-Room-Kit-EQ.jpg 898w, https:\/\/www.videlio.com\/agences\/geneve-suisse\/wp-content\/uploads\/2024\/07\/Cisco-Room-Kit-EQ-300x85.jpg 300w, https:\/\/www.videlio.com\/agences\/geneve-suisse\/wp-content\/uploads\/2024\/07\/Cisco-Room-Kit-EQ-768x217.jpg 768w, https:\/\/www.videlio.com\/agences\/geneve-suisse\/wp-content\/uploads\/2024\/07\/Cisco-Room-Kit-EQ-84x24.jpg 84w, https:\/\/www.videlio.com\/agences\/geneve-suisse\/wp-content\/uploads\/2024\/07\/Cisco-Room-Kit-EQ-200x57.jpg 200w, https:\/\/www.videlio.com\/agences\/geneve-suisse\/wp-content\/uploads\/2024\/07\/Cisco-Room-Kit-EQ-450x127.jpg 450w\" sizes=\"auto, (max-width: 590px) 100vw, 590px\" \/><\/p>\n<p>&nbsp;<\/p>\n<p>Le Cisco Room Kit EQ est un syst\u00e8me de visioconf\u00e9rence qui est optimis\u00e9 pour RoomOS pour des r\u00e9unions Webex natives avec une interop\u00e9rabilit\u00e9 vid\u00e9o puissante avec les plateformes de r\u00e9union tierces telles que Teams, Zoom ou Google Meet. Elle peut aussi \u00eatre utilis\u00e9e en mode Teams Android native. Ce syst\u00e8me est con\u00e7u pour les salles de taille moyenne, entre 7 et 10 m, et il est compatible avec RoomOS de Webex, ainsi que MTR Teams Android.<\/p>\n<p><a href=\"https:\/\/www.cisco.com\/c\/en\/us\/products\/collateral\/collaboration-endpoints\/spark-room-kit-series\/room-kit-eq-ds.pdf\">En savoir plus<\/a>[\/vc_toggle][vc_toggle title=&#8221;Cisco Room Kit Pro : grande salles, auditorium&#8221;]<img loading=\"lazy\" decoding=\"async\" class=\" wp-image-122511 aligncenter\" src=\"https:\/\/www.videlio.com\/agences\/geneve-suisse\/wp-content\/uploads\/2024\/07\/Cisco-Room-Kit-Pro.jpg\" alt=\"cisco-room-kit-pro\" width=\"475\" height=\"249\" srcset=\"https:\/\/www.videlio.com\/agences\/geneve-suisse\/wp-content\/uploads\/2024\/07\/Cisco-Room-Kit-Pro.jpg 601w, https:\/\/www.videlio.com\/agences\/geneve-suisse\/wp-content\/uploads\/2024\/07\/Cisco-Room-Kit-Pro-300x157.jpg 300w, https:\/\/www.videlio.com\/agences\/geneve-suisse\/wp-content\/uploads\/2024\/07\/Cisco-Room-Kit-Pro-84x44.jpg 84w, https:\/\/www.videlio.com\/agences\/geneve-suisse\/wp-content\/uploads\/2024\/07\/Cisco-Room-Kit-Pro-200x105.jpg 200w, https:\/\/www.videlio.com\/agences\/geneve-suisse\/wp-content\/uploads\/2024\/07\/Cisco-Room-Kit-Pro-450x236.jpg 450w\" sizes=\"auto, (max-width: 475px) 100vw, 475px\" \/><\/p>\n<p>Le Cisco Room Kit Pro est une solution de collaboration vid\u00e9o haut de gamme con\u00e7ue pour les grands espaces de r\u00e9union. Dot\u00e9 d&#8217;une cam\u00e9ra 4K de haute qualit\u00e9, d&#8217;un microphone directionnel et de puissants haut-parleurs, il offre des exp\u00e9riences de vid\u00e9oconf\u00e9rence immersives. Int\u00e9grant des fonctionnalit\u00e9s avanc\u00e9es telles que la suppression du bruit, le suivi automatique des participants et une connectivit\u00e9 \u00e9tendue, le Room Kit Pro am\u00e9liore la qualit\u00e9 des r\u00e9unions \u00e0 distance pour les entreprises. Son int\u00e9gration transparente avec les plateformes de communication les plus populaires en fait un choix id\u00e9al pour la collaboration professionnelle. Ce syst\u00e8me est con\u00e7u pour les grandes salles et auditoriums et est compatible avec RoomOS de Webex et MTR Teams Android.<\/p>\n<p>&nbsp;<\/p>\n<p><a href=\"https:\/\/www.cisco.com\/c\/en\/us\/products\/collateral\/collaboration-endpoints\/webex-room-series\/datasheet-c78-741052.pdf\">En savoir plus<\/a>[\/vc_toggle][vc_toggle title=&#8221;Cisco Board Pro&#8221;]<img loading=\"lazy\" decoding=\"async\" class=\"wp-image-122514 aligncenter\" src=\"https:\/\/www.videlio.com\/agences\/geneve-suisse\/wp-content\/uploads\/2024\/07\/Cisco-Board-Pro.jpg\" alt=\"cisco-board-pro\" width=\"314\" height=\"272\" srcset=\"https:\/\/www.videlio.com\/agences\/geneve-suisse\/wp-content\/uploads\/2024\/07\/Cisco-Board-Pro.jpg 670w, https:\/\/www.videlio.com\/agences\/geneve-suisse\/wp-content\/uploads\/2024\/07\/Cisco-Board-Pro-300x260.jpg 300w, https:\/\/www.videlio.com\/agences\/geneve-suisse\/wp-content\/uploads\/2024\/07\/Cisco-Board-Pro-84x73.jpg 84w, https:\/\/www.videlio.com\/agences\/geneve-suisse\/wp-content\/uploads\/2024\/07\/Cisco-Board-Pro-200x173.jpg 200w, https:\/\/www.videlio.com\/agences\/geneve-suisse\/wp-content\/uploads\/2024\/07\/Cisco-Board-Pro-450x390.jpg 450w\" sizes=\"auto, (max-width: 314px) 100vw, 314px\" \/><\/p>\n<p>&nbsp;<\/p>\n<p>Le Cisco Webex Board Pro est une solution de collaboration tout-en-un con\u00e7ue pour les entreprises modernes. Il combine un \u00e9cran tactile 4K interactif avec une cam\u00e9ra haute r\u00e9solution, un microphone int\u00e9gr\u00e9 et des haut-parleurs de haute qualit\u00e9, offrant des r\u00e9unions virtuelles immersives et efficaces. Gr\u00e2ce \u00e0 la prise en charge des technologies d&#8217;\u00e9criture et de dessin, ainsi qu&#8217;\u00e0 la plateforme Webex, le Board Pro permet aux \u00e9quipes de travailler ensemble de mani\u00e8re cr\u00e9ative, quel que soit l&#8217;endroit o\u00f9 elles se trouvent. C&#8217;est un outil polyvalent qui favorise la collaboration et la productivit\u00e9 en temps r\u00e9el. Ce syst\u00e8me est compatible avec RoomOS de Webex et MTR Teams Android.<\/p>\n<p><a href=\"https:\/\/www.cisco.com\/c\/en\/us\/products\/collateral\/collaboration-endpoints\/webex-board\/webex-board-pro-ds.pdf\">En savoir plus<\/a>[\/vc_toggle][vc_toggle title=&#8221;Webex Control Hub : plateforme de management et d\u2019enregistrement&#8221;]<img loading=\"lazy\" decoding=\"async\" class=\" wp-image-122517 aligncenter\" src=\"https:\/\/www.videlio.com\/agences\/geneve-suisse\/wp-content\/uploads\/2024\/07\/Webex-Control-Hub.jpg\" alt=\"webex-control-hub\" width=\"474\" height=\"307\" srcset=\"https:\/\/www.videlio.com\/agences\/geneve-suisse\/wp-content\/uploads\/2024\/07\/Webex-Control-Hub.jpg 933w, https:\/\/www.videlio.com\/agences\/geneve-suisse\/wp-content\/uploads\/2024\/07\/Webex-Control-Hub-300x195.jpg 300w, https:\/\/www.videlio.com\/agences\/geneve-suisse\/wp-content\/uploads\/2024\/07\/Webex-Control-Hub-768x498.jpg 768w, https:\/\/www.videlio.com\/agences\/geneve-suisse\/wp-content\/uploads\/2024\/07\/Webex-Control-Hub-84x54.jpg 84w, https:\/\/www.videlio.com\/agences\/geneve-suisse\/wp-content\/uploads\/2024\/07\/Webex-Control-Hub-200x130.jpg 200w, https:\/\/www.videlio.com\/agences\/geneve-suisse\/wp-content\/uploads\/2024\/07\/Webex-Control-Hub-450x292.jpg 450w\" sizes=\"auto, (max-width: 474px) 100vw, 474px\" \/><\/p>\n<p>&nbsp;<\/p>\n<p>Webex Control Hub est un portail de gestion en ligne fourni par Cisco Webex. Il est con\u00e7u pour donner aux administrateurs et aux \u00e9quipes informatiques des capacit\u00e9s de contr\u00f4le et de gestion centralis\u00e9es sur les services et les ressources Webex de leur organisation.<\/p>\n<p>Quelques pr\u00e9cisions concernant le Webex Control Hub :<\/p>\n<p>Gestion centralis\u00e9e : Webex Control Hub sert de point de contr\u00f4le unique pour g\u00e9rer les diff\u00e9rents aspects de l&#8217;environnement Webex d&#8217;une organisation, y compris les comptes d&#8217;utilisateurs, les r\u00e9unions, les appareils et les param\u00e8tres de s\u00e9curit\u00e9.<\/p>\n<p>Caract\u00e9ristiques principales :<\/p>\n<p>Gestion des utilisateurs : Les administrateurs peuvent utiliser Control Hub pour g\u00e9rer les comptes d&#8217;utilisateurs, en cr\u00e9er de nouveaux et contr\u00f4ler l&#8217;acc\u00e8s aux services Webex. Ils peuvent \u00e9galement configurer l&#8217;authentification unique (SSO) et g\u00e9rer les r\u00f4les et les autorisations des utilisateurs.<\/p>\n<p>Gestion des r\u00e9unions et de la collaboration : Control Hub permet aux administrateurs de planifier, surveiller et g\u00e9rer les r\u00e9unions Webex et les espaces de collaboration. Ils peuvent acc\u00e9der aux analyses d&#8217;utilisation, suivre les statistiques des r\u00e9unions et g\u00e9rer les param\u00e8tres d&#8217;enregistrement et de partage de contenu.<\/p>\n<p>Gestion des appareils : Pour les organisations qui utilisent des terminaux mat\u00e9riels Cisco Webex (appareils de visioconf\u00e9rence), Control Hub permet la gestion et la surveillance de ces appareils. Les administrateurs peuvent mettre \u00e0 jour le logiciel, configurer les param\u00e8tres et d\u00e9panner \u00e0 distance.<\/p>\n<p><a href=\"https:\/\/www.cisco.com\/c\/en\/us\/products\/collateral\/conferencing\/webex-control-hub\/datasheet-c78-740770.pdf\">En savoir plus<\/a>[\/vc_toggle]<\/div><\/div><\/div><\/div><\/div><\/div><\/div><div class=\"wpb_column vc_column_container col-xs-mobile-fullwidth vc_col-sm-1\"><div class=\"vc_column-inner\"><div class=\"wpb_wrapper\"><\/div><\/div><\/div><\/section><div class=\"vc_row-full-width vc_clearfix\"><\/div><section data-vc-full-width=\"true\" data-vc-full-width-init=\"false\" data-vc-stretch-content=\"true\" class=\"vc_row wpb_row vc_row-fluid     wow fadeIn hongo-stretch-content hongo-stretch-content-fluid vc_row-o-content-middle vc_row-flex  hongo_responsive_1715450536023\"><div class=\"wpb_column vc_column_container col-xs-mobile-fullwidth vc_col-sm-1\"><div class=\"vc_column-inner\"><div class=\"wpb_wrapper\"><\/div><\/div><\/div><div class=\"wpb_column vc_column_container col-xs-mobile-fullwidth vc_col-sm-1\"><div class=\"vc_column-inner\"><div class=\"wpb_wrapper\"><\/div><\/div><\/div><\/section><div class=\"vc_row-full-width vc_clearfix\"><\/div>\n<\/div>","protected":false},"excerpt":{"rendered":"NOS partenaires technologiques D\u00e9couvrez les marques partenaires qui font de Videlio Suisse un leader en mati\u00e8re de solutions audiovisuelles et technologiques. CISCO Cisco offre une suite compl\u00e8te de solutions de communication vid\u00e9o et de collaboration. Cette marque englobe une gamme de mat\u00e9riel, de logiciels et de services Cloud con\u00e7us pour faciliter la communication visuelle en temps r\u00e9el et la collaboration entre des individus ou des groupes situ\u00e9s dans des lieux diff\u00e9rents. [vc_toggle title=\"Cisco Webex Produit\"]Tous les produits Cisco suivant sont compatibles Cisco RoomOS et MTR Android. &nbsp; [\/vc_toggle][vc_toggle title=\"Cisco Room Bar : pour les petites salles\"] &nbsp; Le Cisco Room Bar permet d'organiser les meilleures r\u00e9unions vid\u00e9o jamais r\u00e9alis\u00e9es, sous la forme d\u2019une barre. Il s'agit d'un appareil de collaboration vid\u00e9o compact mais puissant qui permet de r\u00e9aliser des visioconf\u00e9rences d\u2019une qualit\u00e9 exceptionnelle sur n'importe quelle plateforme de r\u00e9union. Ce syst\u00e8me de vid\u00e9oconf\u00e9rence est pr\u00e9vu pour les petites salles de r\u00e9union ; il est compatible avec RoomOS de Webex et MTR Teams Android. En savoir plus[\/vc_toggle][vc_toggle title=\"Cisco Room Kit EQ : pour les moyenne \u00e0 grande salles\"] &nbsp; Le Cisco Room Kit EQ est un syst\u00e8me de visioconf\u00e9rence qui est optimis\u00e9 pour RoomOS pour des r\u00e9unions Webex natives avec une...","protected":false},"author":19,"featured_media":0,"parent":121922,"menu_order":0,"comment_status":"closed","ping_status":"closed","template":"","meta":{"footnotes":""},"class_list":["post-122489","page","type-page","status-publish","hentry"],"acf":[],"_links":{"self":[{"href":"https:\/\/www.videlio.com\/agences\/geneve-suisse\/wp-json\/wp\/v2\/pages\/122489","targetHints":{"allow":["GET"]}}],"collection":[{"href":"https:\/\/www.videlio.com\/agences\/geneve-suisse\/wp-json\/wp\/v2\/pages"}],"about":[{"href":"https:\/\/www.videlio.com\/agences\/geneve-suisse\/wp-json\/wp\/v2\/types\/page"}],"author":[{"embeddable":true,"href":"https:\/\/www.videlio.com\/agences\/geneve-suisse\/wp-json\/wp\/v2\/users\/19"}],"replies":[{"embeddable":true,"href":"https:\/\/www.videlio.com\/agences\/geneve-suisse\/wp-json\/wp\/v2\/comments?post=122489"}],"version-history":[{"count":9,"href":"https:\/\/www.videlio.com\/agences\/geneve-suisse\/wp-json\/wp\/v2\/pages\/122489\/revisions"}],"predecessor-version":[{"id":122522,"href":"https:\/\/www.videlio.com\/agences\/geneve-suisse\/wp-json\/wp\/v2\/pages\/122489\/revisions\/122522"}],"up":[{"embeddable":true,"href":"https:\/\/www.videlio.com\/agences\/geneve-suisse\/wp-json\/wp\/v2\/pages\/121922"}],"wp:attachment":[{"href":"https:\/\/www.videlio.com\/agences\/geneve-suisse\/wp-json\/wp\/v2\/media?parent=122489"}],"curies":[{"name":"wp","href":"https:\/\/api.w.org\/{rel}","templated":true}]}}