{"id":122327,"date":"2024-07-01T10:13:44","date_gmt":"2024-07-01T08:13:44","guid":{"rendered":"https:\/\/pp.videlio.com\/agences-int\/geneve-suisse\/?page_id=122327"},"modified":"2024-07-01T11:08:02","modified_gmt":"2024-07-01T09:08:02","slug":"synergy-sky","status":"publish","type":"page","link":"https:\/\/www.videlio.com\/agences\/geneve-suisse\/marques\/synergy-sky\/","title":{"rendered":"Synergy sky &#8211; Videlio"},"content":{"rendered":"<div class=\"wpb-content-wrapper\"><section data-vc-full-width=\"true\" data-vc-full-width-init=\"false\" data-vc-stretch-content=\"true\" class=\"vc_row wpb_row vc_row-fluid  vc_custom_1714214031675   wow fadeIn vc_row-has-fill hongo-stretch-content hongo-stretch-content-fluid vc_row-o-content-middle vc_row-flex\"><div class=\"wpb_column vc_column_container col-xs-mobile-fullwidth vc_col-sm-1\"><div class=\"vc_column-inner\"><div class=\"wpb_wrapper\"><\/div><\/div><\/div><div class=\"wpb_column vc_column_container col-xs-mobile-fullwidth vc_col-sm-10\"><div class=\"vc_column-inner\"><div class=\"wpb_wrapper\"><div class=\"vc_row wpb_row vc_inner vc_row-fluid   vc_row-o-content-top vc_row-flex\"><div class=\"wpb_column vc_column_container col-xs-mobile-fullwidth vc_col-sm-12 text-center md-text-center sm-text-center xs-text-center\"><div class=\"vc_column-inner  hongo_responsive_1715009623216\"><div class=\"wpb_wrapper\"><div class=\"text-block-content hongo-text-block-1 last-paragraph-no-margin\"><div title=\"text-uppercase\">\n<h1 class=\"text-uppercase margin-15px-bottom h1\"><span class=\"d-block\">NOS <\/span><span class=\"rose-dot-after\">partenaires technologiques<\/span><\/h1>\n<\/div>\n<\/div><div class=\"text-block-content hongo-text-block-2 last-paragraph-no-margin\"><h3 class=\"text-extra-large big-subtitle\">D\u00e9couvrez les marques partenaires qui font de Videlio Suisse un leader en mati\u00e8re de solutions audiovisuelles et technologiques.<\/h3>\n<\/div><\/div><\/div><\/div><\/div><\/div><\/div><\/div><div class=\"wpb_column vc_column_container col-xs-mobile-fullwidth vc_col-sm-1\"><div class=\"vc_column-inner\"><div class=\"wpb_wrapper\"><\/div><\/div><\/div><\/section><div class=\"vc_row-full-width vc_clearfix\"><\/div><section data-vc-full-width=\"true\" data-vc-full-width-init=\"false\" data-vc-stretch-content=\"true\" class=\"vc_row wpb_row vc_row-fluid     wow fadeIn hongo-stretch-content hongo-stretch-content-fluid vc_row-o-content-middle vc_row-flex\"><div class=\"wpb_column vc_column_container col-xs-mobile-fullwidth vc_col-sm-1\"><div class=\"vc_column-inner\"><div class=\"wpb_wrapper\"><\/div><\/div><\/div><div class=\"wpb_column vc_column_container col-xs-mobile-fullwidth vc_col-sm-10\"><div class=\"vc_column-inner\"><div class=\"wpb_wrapper\"><div class=\"vc_row wpb_row vc_inner vc_row-fluid   vc_row-o-content-top vc_row-flex\"><div class=\"wpb_column vc_column_container col-xs-mobile-fullwidth vc_col-sm-3 text-center md-text-center sm-text-center xs-text-center\"><div class=\"vc_column-inner  hongo_responsive_1715009623216\"><div class=\"wpb_wrapper\"><div class=\"wpb_single_image vc_align_center   hongo-full-width-single-image\">\n\t\t\t<figure class=\"wpb_wrapper vc_figure\">\n\t\t\t\t<div class=\"vc_single_image-wrapper  \"><img loading=\"lazy\" decoding=\"async\" width=\"398\" height=\"366\" src=\"https:\/\/www.videlio.com\/agences\/geneve-suisse\/wp-content\/uploads\/2024\/05\/logo-synergysky.png\" class=\"vc_single_image-img attachment-full\" alt=\"\" title=\"logo synergysky\" srcset=\"https:\/\/www.videlio.com\/agences\/geneve-suisse\/wp-content\/uploads\/2024\/05\/logo-synergysky.png 398w, https:\/\/www.videlio.com\/agences\/geneve-suisse\/wp-content\/uploads\/2024\/05\/logo-synergysky-300x276.png 300w, https:\/\/www.videlio.com\/agences\/geneve-suisse\/wp-content\/uploads\/2024\/05\/logo-synergysky-84x77.png 84w, https:\/\/www.videlio.com\/agences\/geneve-suisse\/wp-content\/uploads\/2024\/05\/logo-synergysky-200x184.png 200w\" sizes=\"auto, (max-width: 398px) 100vw, 398px\" \/><\/div>\n\t\t\t<\/figure>\n\t\t\t\n\t\t<\/div><\/div><\/div><\/div><div class=\"wpb_column vc_column_container col-xs-mobile-fullwidth vc_col-sm-9 xs-text-center\"><div class=\"vc_column-inner vc_custom_1715444355583  hongo_responsive_1715444355584\"><div class=\"wpb_wrapper\"><div class=\"text-block-content hongo-text-block-3 last-paragraph-no-margin\"><div title=\"text-uppercase\">\n<h2 class=\"text-uppercase margin-20px-bottom h1 no-margin-top\"><span class=\"display-block\"><strong>SYNERGY SKY<\/strong><\/span><\/h2>\n<\/div>\n<\/div><div class=\"text-block-content hongo-text-block-4 last-paragraph-no-margin\"><p>Synergy Sky est une plateforme innovante de gestion des espaces de travail et de r\u00e9unions. Elle offre des solutions avanc\u00e9es pour la r\u00e9servation de salles, la planification d&#8217;\u00e9v\u00e9nements et la collaboration en entreprise. Gr\u00e2ce \u00e0 des fonctionnalit\u00e9s telles que la gestion centralis\u00e9e des r\u00e9servations, la visibilit\u00e9 en temps r\u00e9el des disponibilit\u00e9s et la facilit\u00e9 de r\u00e9servation via des interfaces conviviales, Synergy Sky optimise l&#8217;utilisation des espaces et am\u00e9liore l&#8217;efficacit\u00e9 des r\u00e9unions. De plus, la plateforme int\u00e8gre des outils de visioconf\u00e9rence et de partage de contenu pour une collaboration transparente, favorisant ainsi la productivit\u00e9 et la communication au sein des \u00e9quipes. En r\u00e9sum\u00e9, Synergy Sky simplifie la gestion des ressources spatiales et technologiques, favorisant un environnement de travail connect\u00e9 et fonctionnel.<\/p>\n<\/div><\/div><\/div><\/div><\/div><div class=\"vc_row wpb_row vc_inner vc_row-fluid\"><div class=\"wpb_column vc_column_container svc-list-ct col-xs-mobile-fullwidth vc_col-sm-12\"><div class=\"vc_column-inner\"><div class=\"wpb_wrapper\">[vc_toggle title=&#8221;Synergy Management Suite&#8221;]<img loading=\"lazy\" decoding=\"async\" class=\"size-full wp-image-122297 aligncenter\" src=\"https:\/\/www.videlio.com\/agences\/geneve-suisse\/wp-content\/uploads\/2024\/07\/sy1-1024x531.png\" alt=\"\" width=\"768\" height=\"512\" \/><\/p>\n<p>Synergy Management Suite est un ensemble complet d&#8217;outils con\u00e7us pour rationaliser et optimiser les diff\u00e9rents aspects de la gestion des espaces de travail au sein d&#8217;une organisation. Elle comprend une gamme de fonctionnalit\u00e9s telles que la r\u00e9servation de salles, la planification des ressources, le suivi de l&#8217;occupation des postes de travail et l&#8217;analyse de ces fonctions. Cette suite permet aux entreprises d&#8217;allouer et de g\u00e9rer efficacement leurs espaces physiques, garantissant ainsi une utilisation optimale de ces espaces et des \u00e9conomies.<\/p>\n<p>Gr\u00e2ce \u00e0 une visibilit\u00e9 en temps r\u00e9el de la disponibilit\u00e9 des salles, \u00e0 des flux de r\u00e9servation automatis\u00e9s et \u00e0 des informations fond\u00e9es sur des donn\u00e9es, Synergy Management Suite am\u00e9liore la productivit\u00e9, minimise les conflits de planification et permet de prendre des d\u00e9cisions en connaissance de cause. Elle r\u00e9pond aux besoins \u00e9volutifs des lieux de travail modernes, en offrant un hub centralis\u00e9 pour g\u00e9rer les ressources, encourager la collaboration et cr\u00e9er un environnement de travail plus agile flexible et plus productif.<\/p>\n<p><a href=\"https:\/\/www.youtube.com\/watch?v=euyk_RlsYLI&amp;list=PLMVAKCxGCbLKHrStkIcd_zgefMw9IK8fN&amp;index=2\">En savoir plus<\/a>[\/vc_toggle][vc_toggle title=&#8221;One-click-to-join&#8221;]<img loading=\"lazy\" decoding=\"async\" class=\"size-full wp-image-122300 aligncenter\" src=\"https:\/\/www.videlio.com\/agences\/geneve-suisse\/wp-content\/uploads\/2024\/07\/sy2.png\" alt=\"\" width=\"768\" height=\"512\" \/><\/p>\n<p>Les utilisateurs peuvent r\u00e9server des r\u00e9unions depuis Outlook et participer \u00e0 des r\u00e9unions en un seul clic, o\u00f9 qu&#8217;ils se trouvent, quelle que soit la plateforme qu\u2019on utiliseutilis\u00e9e.<\/p>\n<p><a href=\"https:\/\/www.loom.com\/embed\/ae4a860c5c324e58beb45f85a1e2e735?hideEmbedTopBar=true\">En savoir plus<\/a>[\/vc_toggle][vc_toggle title=&#8221;Auto release of rooms with no-show&#8221;]<img loading=\"lazy\" decoding=\"async\" class=\"size-full wp-image-122306 aligncenter\" src=\"https:\/\/www.videlio.com\/agences\/geneve-suisse\/wp-content\/uploads\/2024\/07\/sy3.png\" alt=\"\" width=\"721\" height=\"412\" \/><\/p>\n<p>Le Synergy Sky Management Suite permet aux capteurs des appareils Cisco Webex ou aux capteurs Synergy de lib\u00e9rer automatiquement les salles r\u00e9serv\u00e9es lorsque personne ne s&#8217;y pr\u00e9sente. La r\u00e9union virtuelle reste inchang\u00e9e.<\/p>\n<p><a href=\"https:\/\/www.loom.com\/embed\/3bb7fda4292c4683859134448011b49b?hideEmbedTopBar=true\">En savoir plus<\/a>[\/vc_toggle][vc_toggle title=&#8221;In-Room Booking&#8221;]<img loading=\"lazy\" decoding=\"async\" class=\"size-full wp-image-122312 aligncenter\" src=\"https:\/\/www.videlio.com\/agences\/geneve-suisse\/wp-content\/uploads\/2024\/07\/sy4.png\" alt=\"\" width=\"400\" height=\"269\" \/><\/p>\n<p>Organisez des r\u00e9unions vid\u00e9o ad hoc* directement \u00e0 partir du contr\u00f4leur tactile de Cisco (Room Navigator et Touch 10) et invitez les participants directement \u00e0 partir du r\u00e9pertoire de cet outil. Rejoignez la r\u00e9union imm\u00e9diatement en un seul clic. Les invit\u00e9s re\u00e7oivent des invitations par e-mail\/calendrier avec un lien vers une r\u00e9union ou une connexion SIP.<\/p>\n<p><a href=\"https:\/\/www.loom.com\/embed\/d3a379a5ef75492ca830f1f867683683?hideEmbedTopBar=true\">En savoir plus<\/a>[\/vc_toggle][vc_toggle title=&#8221;Synergy Connect&#8221;]<img loading=\"lazy\" decoding=\"async\" class=\"size-full wp-image-122315 aligncenter\" src=\"https:\/\/www.videlio.com\/agences\/geneve-suisse\/wp-content\/uploads\/2024\/07\/sy5.jpg\" alt=\"\" width=\"780\" height=\"198\" \/><\/p>\n<p>Synergy SKY CONNECT &#8211; la passerelle d&#8217;interop\u00e9rabilit\u00e9 entre le protocole d&#8217;initiation de session (SIP) et WebRTC &#8211; est une solution brevet\u00e9e qui relie ces deux normes pour la vid\u00e9o, l&#8217;audio et les donn\u00e9es.<\/p>\n<p>CONNECT permet d&#8217;int\u00e9grer des terminaux de vid\u00e9oconf\u00e9rence bas\u00e9s sur des normes (les terminaux Cisco et Poly) dans des plateformes de r\u00e9union compatibles avec les navigateurs web (Microsoft Teams, Zoom, Google Meet). Cela se fait en cr\u00e9ant un pont entre deux ou plusieurs protocoles qui sont normalement incompatibles, comme SIP\/H.323 et WebRTC \/ HTML. Ainsi, l&#8217;exp\u00e9rience sur le dispositif SIP est similaire \u00e0 l&#8217;exp\u00e9rience du navigateur web et cr\u00e9e une exp\u00e9rience utilisateur transparente, quelle que soit la plateforme de r\u00e9union.<\/p>\n<p>Les protocoles SIP et WebRTC\/HTML sont tous deux normalis\u00e9s. WebRTC est ouvert et est soutenu par Apple, Google, Microsoft et Mozilla,, entre autres. SIP est une norme ouverte ratifi\u00e9e par IETF. En outre, Synergy SKY est le seul fournisseur d\u2019interop\u00e9rabilit\u00e9 certifi\u00e9 pour l&#8217;int\u00e9gration avec les terminaux vid\u00e9o Cisco.<\/p>\n<p>En respectant les normes, la passerelle CONNECT sera une solution pr\u00e9dictive et fiable, tant pour la compatibilit\u00e9 future que pour la compatibilit\u00e9 ascendante. Toutes les nouvelles plateformes de r\u00e9union sont con\u00e7ues pour \u00eatre accessibles depuis le web, comme Microsoft Teams, Google Meet, Zoom, Webex, GoTo Meetings, BlueJeans.<\/p>\n<p><a href=\"https:\/\/www.youtube.com\/watch?v=DFDskUzHysg\">Live Demo<\/a> <a href=\"https:\/\/www.youtube.com\/watch?v=ifMjPJdHitE\">ISE 2022 <\/a>[\/vc_toggle]<\/div><\/div><\/div><\/div><\/div><\/div><\/div><div class=\"wpb_column vc_column_container col-xs-mobile-fullwidth vc_col-sm-1\"><div class=\"vc_column-inner\"><div class=\"wpb_wrapper\"><\/div><\/div><\/div><\/section><div class=\"vc_row-full-width vc_clearfix\"><\/div>\n<\/div>","protected":false},"excerpt":{"rendered":"NOS partenaires technologiques D\u00e9couvrez les marques partenaires qui font de Videlio Suisse un leader en mati\u00e8re de solutions audiovisuelles et technologiques. SYNERGY SKY Synergy Sky est une plateforme innovante de gestion des espaces de travail et de r\u00e9unions. Elle offre des solutions avanc\u00e9es pour la r\u00e9servation de salles, la planification d'\u00e9v\u00e9nements et la collaboration en entreprise. Gr\u00e2ce \u00e0 des fonctionnalit\u00e9s telles que la gestion centralis\u00e9e des r\u00e9servations, la visibilit\u00e9 en temps r\u00e9el des disponibilit\u00e9s et la facilit\u00e9 de r\u00e9servation via des interfaces conviviales, Synergy Sky optimise l'utilisation des espaces et am\u00e9liore l'efficacit\u00e9 des r\u00e9unions. De plus, la plateforme int\u00e8gre des outils de visioconf\u00e9rence et de partage de contenu pour une collaboration transparente, favorisant ainsi la productivit\u00e9 et la communication au sein des \u00e9quipes. En r\u00e9sum\u00e9, Synergy Sky simplifie la gestion des ressources spatiales et technologiques, favorisant un environnement de travail connect\u00e9 et fonctionnel. [vc_toggle title=\"Synergy Management Suite\"] Synergy Management Suite est un ensemble complet d'outils con\u00e7us pour rationaliser et optimiser les diff\u00e9rents aspects de la gestion des espaces de travail au sein d'une organisation. Elle comprend une gamme de fonctionnalit\u00e9s telles que la r\u00e9servation de salles, la planification des ressources, le suivi de l'occupation des postes de travail et l'analyse...","protected":false},"author":19,"featured_media":0,"parent":121922,"menu_order":0,"comment_status":"closed","ping_status":"closed","template":"","meta":{"footnotes":""},"class_list":["post-122327","page","type-page","status-publish","hentry"],"acf":[],"_links":{"self":[{"href":"https:\/\/www.videlio.com\/agences\/geneve-suisse\/wp-json\/wp\/v2\/pages\/122327","targetHints":{"allow":["GET"]}}],"collection":[{"href":"https:\/\/www.videlio.com\/agences\/geneve-suisse\/wp-json\/wp\/v2\/pages"}],"about":[{"href":"https:\/\/www.videlio.com\/agences\/geneve-suisse\/wp-json\/wp\/v2\/types\/page"}],"author":[{"embeddable":true,"href":"https:\/\/www.videlio.com\/agences\/geneve-suisse\/wp-json\/wp\/v2\/users\/19"}],"replies":[{"embeddable":true,"href":"https:\/\/www.videlio.com\/agences\/geneve-suisse\/wp-json\/wp\/v2\/comments?post=122327"}],"version-history":[{"count":4,"href":"https:\/\/www.videlio.com\/agences\/geneve-suisse\/wp-json\/wp\/v2\/pages\/122327\/revisions"}],"predecessor-version":[{"id":122346,"href":"https:\/\/www.videlio.com\/agences\/geneve-suisse\/wp-json\/wp\/v2\/pages\/122327\/revisions\/122346"}],"up":[{"embeddable":true,"href":"https:\/\/www.videlio.com\/agences\/geneve-suisse\/wp-json\/wp\/v2\/pages\/121922"}],"wp:attachment":[{"href":"https:\/\/www.videlio.com\/agences\/geneve-suisse\/wp-json\/wp\/v2\/media?parent=122327"}],"curies":[{"name":"wp","href":"https:\/\/api.w.org\/{rel}","templated":true}]}}