{"id":119600,"date":"2024-03-21T04:41:32","date_gmt":"2024-03-21T03:41:32","guid":{"rendered":"https:\/\/pp.videlio.com\/agences-int\/geneve-suisse\/?page_id=119600"},"modified":"2024-07-15T15:01:53","modified_gmt":"2024-07-15T13:01:53","slug":"contactez-nous","status":"publish","type":"page","link":"https:\/\/www.videlio.com\/agences\/geneve-suisse\/contactez-nous\/","title":{"rendered":"Contactez Nous"},"content":{"rendered":"<div class=\"wpb-content-wrapper\"><section class=\"vc_row wpb_row vc_row-fluid  vc_custom_1714298289587   wow fadeIn vc_row-has-fill\"><div class=\"wpb_column vc_column_container vc_col-has-fill col-xs-mobile-fullwidth vc_col-sm-1\"><div class=\"vc_column-inner vc_custom_1710912843704\"><div class=\"wpb_wrapper\"><\/div><\/div><\/div><div class=\"wpb_column vc_column_container col-xs-mobile-fullwidth vc_col-sm-10\"><div class=\"vc_column-inner\"><div class=\"wpb_wrapper\"><div class=\"vc_row wpb_row vc_inner vc_row-fluid\"><div class=\"wpb_column vc_column_container col-xs-mobile-fullwidth vc_col-sm-12\"><div class=\"vc_column-inner\"><div class=\"wpb_wrapper\"><div class=\"text-block-content text-center hongo-text-block-1 last-paragraph-no-margin\"><h1 class=\"text-uppercase margin-30px-bottom h1\" style=\"letter-spacing: 3.44px;\">Parlez-Nous De votre <span class=\"rose-dot-after\">Projet<\/span><\/h1>\n<h3 class=\"text-extra-large big-subtitle\">Chaque ann\u00e9e les \u00e9quipes Videlio Suisse accompagnent de nombreux projets sur tout le territoire.<\/h3>\n<\/div><\/div><\/div><\/div><\/div><\/div><\/div><\/div><div class=\"wpb_column vc_column_container col-xs-mobile-fullwidth vc_col-sm-1\"><div class=\"vc_column-inner\"><div class=\"wpb_wrapper\"><\/div><\/div><\/div><\/section><section class=\"vc_row wpb_row vc_row-fluid  vc_custom_1715309411456   wow fadeIn vc_row-has-fill\" style=\"z-index:99;\"><div class=\"wpb_column vc_column_container contact-form-page col-xs-mobile-fullwidth vc_col-sm-12\"><div class=\"vc_column-inner\"><div class=\"wpb_wrapper\"><div class=\"vc_row wpb_row vc_inner vc_row-fluid fomr-setting-bg  vc_row-o-equal-height vc_row-flex\"><div class=\"wpb_column vc_column_container mx-ht-920 col-xs-mobile-fullwidth vc_col-sm-6\"><div class=\"vc_column-inner\"><div class=\"wpb_wrapper\"><div class=\"wpb_single_image    hongo-full-width-single-image\">\n\t\t\t<figure class=\"wpb_wrapper vc_figure\">\n\t\t\t\t<div class=\"vc_single_image-wrapper  \"><img loading=\"lazy\" decoding=\"async\" width=\"950\" height=\"1050\" src=\"https:\/\/www.videlio.com\/agences\/geneve-suisse\/wp-content\/uploads\/2024\/05\/pablo-velasquez-qwzl.png\" class=\"vc_single_image-img attachment-full\" alt=\"\" title=\"pablo-velasquez-qwzl\" srcset=\"https:\/\/www.videlio.com\/agences\/geneve-suisse\/wp-content\/uploads\/2024\/05\/pablo-velasquez-qwzl.png 950w, https:\/\/www.videlio.com\/agences\/geneve-suisse\/wp-content\/uploads\/2024\/05\/pablo-velasquez-qwzl-271x300.png 271w, https:\/\/www.videlio.com\/agences\/geneve-suisse\/wp-content\/uploads\/2024\/05\/pablo-velasquez-qwzl-926x1024.png 926w, https:\/\/www.videlio.com\/agences\/geneve-suisse\/wp-content\/uploads\/2024\/05\/pablo-velasquez-qwzl-768x849.png 768w, https:\/\/www.videlio.com\/agences\/geneve-suisse\/wp-content\/uploads\/2024\/05\/pablo-velasquez-qwzl-84x93.png 84w, https:\/\/www.videlio.com\/agences\/geneve-suisse\/wp-content\/uploads\/2024\/05\/pablo-velasquez-qwzl-200x221.png 200w, https:\/\/www.videlio.com\/agences\/geneve-suisse\/wp-content\/uploads\/2024\/05\/pablo-velasquez-qwzl-450x497.png 450w, https:\/\/www.videlio.com\/agences\/geneve-suisse\/wp-content\/uploads\/2024\/05\/pablo-velasquez-qwzl-715x790.png 715w\" sizes=\"auto, (max-width: 950px) 100vw, 950px\" \/><\/div>\n\t\t\t<\/figure>\n\t\t\t\n\t\t<\/div><\/div><\/div><\/div><div class=\"wpb_column vc_column_container col-xs-mobile-fullwidth vc_col-sm-6\"><div class=\"vc_column-inner\"><div class=\"wpb_wrapper\"><div class=\"text-block-content hongo-text-block-2 last-paragraph-no-margin\"><div title=\"text-uppercase text-center\">\n<h2 class=\"text-uppercase margin-15px-bottom h1 contactPage\" style=\"text-align: center; color: #fff;\"><span class=\"d-block\">PR\u00caT.E \u00c0 <\/span> <strong>D\u00c9MARRER ?<\/strong><\/h2>\n<\/div>\n<\/div>[vc_raw_js]JTNDaWZyYW1lJTIwc3JjJTNEaHR0cHMlM0ElMkYlMkZnby52aWRlbGlvLmNvbSUyRmwlMkY0OTMzODElMkYyMDI0LTA3LTEwJTJGNWxoZ2d6JTIwd2lkdGglM0QlMjIxMDAlMjUlMjIlMjBoZWlnaHQlM0QlMjI4MDAlMjIlMjB0eXBlJTNEJTIydGV4dCUyRmh0bWwlMjIlMjBmcmFtZWJvcmRlciUzRCUyMjAlMjIlMjBhbGxvd1RyYW5zcGFyZW5jeSUzRCUyMnRydWUlMjIlMjBzdHlsZSUzRCUyMmJvcmRlciUzQSUyMDAlMjIlM0UlM0MlMkZpZnJhbWUlM0U=[\/vc_raw_js]<\/div><\/div><\/div><\/div><\/div><\/div><\/div><\/section><section class=\"vc_row wpb_row vc_row-fluid  vc_custom_1715309425929   wow fadeIn\"><div class=\"wpb_column vc_column_container col-xs-mobile-fullwidth vc_col-sm-12\"><div class=\"vc_column-inner\"><div class=\"wpb_wrapper\"><div class=\"text-block-content hongo-text-block-3 last-paragraph-no-margin\"><h2 class=\"h1 text-center\">Nous <span class=\"rose-dot-after\">rencontrer<\/span><\/h2>\n<\/div><\/div><\/div><\/div><\/section><section data-vc-full-width=\"true\" data-vc-full-width-init=\"false\" data-vc-stretch-content=\"true\" class=\"vc_row wpb_row vc_row-fluid social-wrapper vc_custom_1714988507674   wow fadeIn vc_row-has-fill hongo-stretch-content hongo-stretch-content-fluid vc_row-o-content-middle vc_row-flex\"><div class=\"wpb_column vc_column_container col-xs-mobile-fullwidth vc_col-sm-6\"><div class=\"vc_column-inner vc_custom_1713526553436  hongo_responsive_1713526553438\"><div class=\"wpb_wrapper\">\n\t\t\t<!-- START FR March REVOLUTION SLIDER 6.6.13 --><p class=\"rs-p-wp-fix\"><\/p>\n\t\t\t<rs-module-wrap id=\"rev_slider_61_1_wrapper\" data-source=\"gallery\" style=\"visibility:hidden;background:transparent;padding:0;margin:0px auto;margin-top:0;margin-bottom:0;\">\n\t\t\t\t<rs-module id=\"rev_slider_61_1\" style=\"\" data-version=\"6.6.13\">\n\t\t\t\t\t<rs-slides style=\"overflow: hidden; position: absolute;\">\n\t\t\t\t\t\t<rs-slide style=\"position: absolute;\" data-key=\"rs-121\" data-title=\"Slide\" data-thumb=\"\/\/www.videlio.com\/agences\/geneve-suisse\/wp-content\/uploads\/2024\/07\/MicrosoftTeams-image-9-50x100.jpg\" data-in=\"o:1;x:-100%;\" data-out=\"a:false;\">\n\t\t\t\t\t\t\t<img decoding=\"async\" src=\"\/\/www.videlio.com\/agences\/geneve-suisse\/wp-content\/plugins\/revslider\/public\/assets\/assets\/dummy.png\" alt=\"Showroom Videlio Suisse\" title=\"MicrosoftTeams-image (3)\" width=\"1770\" height=\"1328\" class=\"rev-slidebg tp-rs-img rs-lazyload\" data-lazyload=\"\/\/www.videlio.com\/agences\/geneve-suisse\/wp-content\/uploads\/2024\/07\/MicrosoftTeams-image-3.jpg\" data-no-retina>\n<!---->\t\t\t\t\t\t<\/rs-slide>\n\t\t\t\t\t\t<rs-slide style=\"position: absolute;\" data-key=\"rs-124\" data-title=\"Slide\" data-thumb=\"\/\/www.videlio.com\/agences\/geneve-suisse\/wp-content\/uploads\/2024\/07\/MicrosoftTeams-image-9-50x100.jpg\" data-in=\"o:1;x:-100%;\" data-out=\"a:false;\">\n\t\t\t\t\t\t\t<img decoding=\"async\" src=\"\/\/www.videlio.com\/agences\/geneve-suisse\/wp-content\/plugins\/revslider\/public\/assets\/assets\/dummy.png\" alt=\"Showroom Videlio Suisse\" title=\"MicrosoftTeams-image (9)\" width=\"1770\" height=\"1328\" class=\"rev-slidebg tp-rs-img rs-lazyload\" data-lazyload=\"\/\/www.videlio.com\/agences\/geneve-suisse\/wp-content\/uploads\/2024\/07\/MicrosoftTeams-image-9.jpg\" data-no-retina>\n<!---->\t\t\t\t\t\t<\/rs-slide>\n\t\t\t\t\t\t<rs-slide style=\"position: absolute;\" data-key=\"rs-125\" data-title=\"Slide\" data-thumb=\"\/\/www.videlio.com\/agences\/geneve-suisse\/wp-content\/uploads\/2024\/07\/MicrosoftTeams-image-16-50x100.jpg\" data-in=\"o:1;x:-100%;\" data-out=\"a:false;\">\n\t\t\t\t\t\t\t<img decoding=\"async\" src=\"\/\/www.videlio.com\/agences\/geneve-suisse\/wp-content\/plugins\/revslider\/public\/assets\/assets\/dummy.png\" alt=\"Showroom Videlio Suisse\" title=\"MicrosoftTeams-image (16)\" width=\"1770\" height=\"1328\" class=\"rev-slidebg tp-rs-img rs-lazyload\" data-lazyload=\"\/\/www.videlio.com\/agences\/geneve-suisse\/wp-content\/uploads\/2024\/07\/MicrosoftTeams-image-16.jpg\" data-no-retina>\n<!---->\t\t\t\t\t\t<\/rs-slide>\n\t\t\t\t\t<\/rs-slides>\n\t\t\t\t\t<rs-static-layers><!--\n\t\t\t\t\t--><\/rs-static-layers>\n\t\t\t\t<\/rs-module>\n\t\t\t\t<script>\n\t\t\t\t\tsetREVStartSize({c: 'rev_slider_61_1',rl:[1240,1024,778,480],el:[1050],gw:[940],gh:[1050],type:'carousel',justify:'',layout:'fullwidth',mh:\"0\"});if (window.RS_MODULES!==undefined && window.RS_MODULES.modules!==undefined && window.RS_MODULES.modules[\"revslider611\"]!==undefined) {window.RS_MODULES.modules[\"revslider611\"].once = false;window.revapi61 = undefined;if (window.RS_MODULES.checkMinimal!==undefined) window.RS_MODULES.checkMinimal()}\n\t\t\t\t<\/script>\n\t\t\t<\/rs-module-wrap>\n\t\t\t<!-- END REVOLUTION SLIDER -->\n<\/div><\/div><\/div><div class=\"wpb_column vc_column_container color-blanc col-xs-mobile-fullwidth vc_col-sm-6 xs-text-center\"><div class=\"vc_column-inner vc_custom_1713547361284  hongo_responsive_1713547361285\"><div class=\"wpb_wrapper\"><div class=\"text-block-content xs-text-center hongo-text-block-4 last-paragraph-no-margin\"><div title=\"text-uppercase\">\n<h2 class=\"text-uppercase margin-15px-bottom h1\"><span class=\"display-block\">Showroom <\/span><span class=\"d-block\">videlio <\/span><span class=\"rose-dot-after\"><strong>suisse<\/strong><\/span><\/h2>\n<\/div>\n<\/div>[vc_empty_space height=&#8221;50px&#8221;]<div class=\"text-block-content xs-text-center hongo-text-block-5 last-paragraph-no-margin\"><p>Notre showroom est un espace essentiel o\u00f9 vous pouvez d\u00e9couvrir nos solutions en action. Il vous offre l\u2019opportunit\u00e9 de tester les produits, de voir comment ils fonctionnent, et de discuter de vos besoins sp\u00e9cifiques avec nos experts en audiovisuel. Le showroom joue un r\u00f4le central dans notre engagement envers la d\u00e9monstration de la qualit\u00e9 de nos solutions.<\/p>\n<\/div>[vc_empty_space height=&#8221;50px&#8221;]<div class=\"text-block-content xs-text-center hongo-text-block-6 last-paragraph-no-margin\"><p>D\u00e9couvrez des installations innovantes, ressentez l\u2019impact du son et de l\u2019image, et laissez-vous inspirer par les possibilit\u00e9s infinies de l\u2019int\u00e9gration audiovisuelle. Rencontrez nos experts passionn\u00e9s et d\u00e9couvrez comment nous pouvons transformer votre espace en un havre d\u2019innovation.<\/p>\n<\/div>[vc_empty_space height=&#8221;50px&#8221;]<a href=\"#\"  class=\"xs-text-center hongo-button-1 btn btn-transparent-black btn-round alt-font btn-medium  hongo_button_1715426031913\">Venez visiter notre Showroom !<\/a><\/div><\/div><\/div><\/section><div class=\"vc_row-full-width vc_clearfix\"><\/div><section data-vc-full-width=\"true\" data-vc-full-width-init=\"false\" data-vc-stretch-content=\"true\" class=\"vc_row wpb_row vc_row-fluid  vc_custom_1715309726118   hongo-stretch-content hongo-stretch-content-fluid\"><div class=\"wpb_column vc_column_container col-xs-mobile-fullwidth vc_col-sm-12 display-none sm-display-none\"><div class=\"vc_column-inner vc_custom_1719843025264\"><div class=\"wpb_wrapper\"><\/div><\/div><\/div><\/section><div class=\"vc_row-full-width vc_clearfix\"><\/div><section data-vc-full-width=\"true\" data-vc-full-width-init=\"false\" data-vc-stretch-content=\"true\" class=\"vc_row wpb_row vc_row-fluid  vc_custom_1715310924153   wow fadeIn hongo-stretch-content hongo-stretch-content-fluid  hongo_responsive_1715310924154\"><div class=\"wpb_column vc_column_container col-xs-mobile-fullwidth vc_col-sm-12\"><div class=\"vc_column-inner\"><div class=\"wpb_wrapper\"><div class=\"vc_row wpb_row vc_inner vc_row-fluid group-icon-img  vc_row-o-equal-height vc_row-flex\"><div class=\"wpb_column vc_column_container col-xs-mobile-fullwidth vc_col-sm-6\"><div class=\"vc_column-inner  hongo_responsive_1713859573579\"><div class=\"wpb_wrapper\"><div class=\"wpb_single_image    hongo-full-width-single-image\">\n\t\t\t<figure class=\"wpb_wrapper vc_figure\">\n\t\t\t\t<div class=\"vc_single_image-wrapper  \"><img loading=\"lazy\" decoding=\"async\" width=\"950\" height=\"800\" src=\"https:\/\/www.videlio.com\/agences\/geneve-suisse\/wp-content\/uploads\/2024\/05\/business-partners-wo.png\" class=\"vc_single_image-img attachment-full\" alt=\"\" title=\"business-partners-wo\" srcset=\"https:\/\/www.videlio.com\/agences\/geneve-suisse\/wp-content\/uploads\/2024\/05\/business-partners-wo.png 950w, https:\/\/www.videlio.com\/agences\/geneve-suisse\/wp-content\/uploads\/2024\/05\/business-partners-wo-300x253.png 300w, https:\/\/www.videlio.com\/agences\/geneve-suisse\/wp-content\/uploads\/2024\/05\/business-partners-wo-768x647.png 768w, https:\/\/www.videlio.com\/agences\/geneve-suisse\/wp-content\/uploads\/2024\/05\/business-partners-wo-84x71.png 84w, https:\/\/www.videlio.com\/agences\/geneve-suisse\/wp-content\/uploads\/2024\/05\/business-partners-wo-200x168.png 200w, https:\/\/www.videlio.com\/agences\/geneve-suisse\/wp-content\/uploads\/2024\/05\/business-partners-wo-450x379.png 450w, https:\/\/www.videlio.com\/agences\/geneve-suisse\/wp-content\/uploads\/2024\/05\/business-partners-wo-938x790.png 938w\" sizes=\"auto, (max-width: 950px) 100vw, 950px\" \/><\/div>\n\t\t\t<\/figure>\n\t\t\t\n\t\t<\/div><\/div><\/div><\/div><div class=\"wpb_column vc_column_container col-xs-mobile-fullwidth vc_col-sm-6 text-center\"><div class=\"vc_column-inner\"><div class=\"wpb_wrapper\"><div class=\"text-block-content hongo-text-block-8 last-paragraph-no-margin\"><div title=\"text-uppercase\">\n<h2 class=\"text-uppercase margin-15px-bottom h1\"><span class=\"display-block\">RESTEZ <\/span><span class=\"display-block\"><strong>CONNECT\u00c9S <\/strong><\/span><span class=\"rose-dot-after\"><strong>AVEC NOUS<\/strong><\/span><\/h2>\n<\/div>\n<\/div>[vc_empty_space height=&#8221;30px&#8221;]<div class=\"text-block-content hongo-text-block-9 last-paragraph-no-margin\"><p>Nos r\u00e9seaux sociaux sont bien plus qu\u2019un simple canal de communication. Ce sont des portails vers notre univers, o\u00f9 vous pouvez plonger dans nos r\u00e9alisations, nos astuces, et notre expertise.<\/p>\n<\/div>[vc_empty_space height=&#8221;30px&#8221;][social_vc_father][social_vc_son url=&#8221;url:https%3A%2F%2Ffr.linkedin.com%2Fcompany%2Fvidelio|title:linkedin-in&#8221; icon=&#8221;fab fa-linkedin-in&#8221;][\/social_vc_father]<\/div><\/div><\/div><\/div><\/div><\/div><\/div><\/section><div class=\"vc_row-full-width vc_clearfix\"><\/div>\n<\/div>","protected":false},"excerpt":{"rendered":"Parlez-Nous De votre Projet Chaque ann\u00e9e les \u00e9quipes Videlio Suisse accompagnent de nombreux projets sur tout le territoire. PR\u00caT.E \u00c0 D\u00c9MARRER ? [vc_raw_js]JTNDaWZyYW1lJTIwc3JjJTNEaHR0cHMlM0ElMkYlMkZnby52aWRlbGlvLmNvbSUyRmwlMkY0OTMzODElMkYyMDI0LTA3LTEwJTJGNWxoZ2d6JTIwd2lkdGglM0QlMjIxMDAlMjUlMjIlMjBoZWlnaHQlM0QlMjI4MDAlMjIlMjB0eXBlJTNEJTIydGV4dCUyRmh0bWwlMjIlMjBmcmFtZWJvcmRlciUzRCUyMjAlMjIlMjBhbGxvd1RyYW5zcGFyZW5jeSUzRCUyMnRydWUlMjIlMjBzdHlsZSUzRCUyMmJvcmRlciUzQSUyMDAlMjIlM0UlM0MlMkZpZnJhbWUlM0U=[\/vc_raw_js]Nous rencontrer Showroom videlio suisse [vc_empty_space height=\"50px\"]Notre showroom est un espace essentiel o\u00f9 vous pouvez d\u00e9couvrir nos solutions en action. Il vous offre l\u2019opportunit\u00e9 de tester les produits, de voir comment ils fonctionnent, et de discuter de vos besoins sp\u00e9cifiques avec nos experts en audiovisuel. Le showroom joue un r\u00f4le central dans notre engagement envers la d\u00e9monstration de la qualit\u00e9 de nos solutions. [vc_empty_space height=\"50px\"]D\u00e9couvrez des installations innovantes, ressentez l\u2019impact du son et de l\u2019image, et laissez-vous inspirer par les possibilit\u00e9s infinies de l\u2019int\u00e9gration audiovisuelle. Rencontrez nos experts passionn\u00e9s et d\u00e9couvrez comment nous pouvons transformer votre espace en un havre d\u2019innovation. [vc_empty_space height=\"50px\"]Venez visiter notre Showroom ![SUPER-STORE-FINDER] RESTEZ CONNECT\u00c9S AVEC NOUS [vc_empty_space height=\"30px\"]Nos r\u00e9seaux sociaux sont bien plus qu\u2019un simple canal de communication. Ce sont des portails vers notre univers, o\u00f9 vous pouvez plonger dans nos r\u00e9alisations, nos astuces, et notre expertise. [vc_empty_space height=\"30px\"][social_vc_father][social_vc_son url=\"url:https%3A%2F%2Ffr.linkedin.com%2Fcompany%2Fvidelio|title:linkedin-in\" icon=\"fab fa-linkedin-in\"][\/social_vc_father]","protected":false},"author":19,"featured_media":0,"parent":0,"menu_order":0,"comment_status":"closed","ping_status":"closed","template":"","meta":{"footnotes":""},"class_list":["post-119600","page","type-page","status-publish","hentry"],"acf":[],"_links":{"self":[{"href":"https:\/\/www.videlio.com\/agences\/geneve-suisse\/wp-json\/wp\/v2\/pages\/119600","targetHints":{"allow":["GET"]}}],"collection":[{"href":"https:\/\/www.videlio.com\/agences\/geneve-suisse\/wp-json\/wp\/v2\/pages"}],"about":[{"href":"https:\/\/www.videlio.com\/agences\/geneve-suisse\/wp-json\/wp\/v2\/types\/page"}],"author":[{"embeddable":true,"href":"https:\/\/www.videlio.com\/agences\/geneve-suisse\/wp-json\/wp\/v2\/users\/19"}],"replies":[{"embeddable":true,"href":"https:\/\/www.videlio.com\/agences\/geneve-suisse\/wp-json\/wp\/v2\/comments?post=119600"}],"version-history":[{"count":57,"href":"https:\/\/www.videlio.com\/agences\/geneve-suisse\/wp-json\/wp\/v2\/pages\/119600\/revisions"}],"predecessor-version":[{"id":122919,"href":"https:\/\/www.videlio.com\/agences\/geneve-suisse\/wp-json\/wp\/v2\/pages\/119600\/revisions\/122919"}],"wp:attachment":[{"href":"https:\/\/www.videlio.com\/agences\/geneve-suisse\/wp-json\/wp\/v2\/media?parent=119600"}],"curies":[{"name":"wp","href":"https:\/\/api.w.org\/{rel}","templated":true}]}}